{"id":1100,"date":"2016-09-10T20:50:44","date_gmt":"2016-09-10T23:50:44","guid":{"rendered":"http:\/\/catalogoeconomiasocial.mendoza.gov.ar\/?post_type=product&#038;p=1100"},"modified":"2022-10-03T11:49:52","modified_gmt":"2022-10-03T14:49:52","slug":"cerveza-artesanal-rubia","status":"publish","type":"product","link":"https:\/\/www.mendoza.gov.ar\/catalogoeconomiasocial\/producto\/cerveza-artesanal-rubia\/","title":{"rendered":"Cerveza Clara \u2013 Dorada Pampeana"},"content":{"rendered":"<!DOCTYPE html PUBLIC \"-\/\/W3C\/\/DTD HTML 4.0 Transitional\/\/EN\" \"http:\/\/www.w3.org\/TR\/REC-html40\/loose.dtd\">\n\n","protected":false},"excerpt":{"rendered":"<strong>Descripci\u00f3n del Producto<\/strong>\r\n\r\nCerveza Clara \u2013 Dorada Pampeana\r\n\r\nCerveza Artesanal\r\n\r\nDe fermentaci\u00f3n alta, elaborada con maltas y l\u00fapulos nacionales. De color \u00e1mbar, con buena espuma blanca y cremosa. Se percibe aromas c\u00edtricos a los que se a\u00f1aden los otorgados por la malta. La sensaci\u00f3n en boca es fresca, donde est\u00e1n presentes las notas florales del l\u00fapulo.\r\n\r\nMaterial: Agua, levadura, malta, lupulo\r\n\r\nMedidas: 1 litro","protected":false},"featured_media":35821,"comment_status":"closed","ping_status":"closed","template":"","meta":[],"product_cat":[5946,6002,6003,6006],"product_tag":[944,960,220,221],"_links":{"self":[{"href":"https:\/\/www.mendoza.gov.ar\/catalogoeconomiasocial\/wp-json\/wp\/v2\/product\/1100"}],"collection":[{"href":"https:\/\/www.mendoza.gov.ar\/catalogoeconomiasocial\/wp-json\/wp\/v2\/product"}],"about":[{"href":"https:\/\/www.mendoza.gov.ar\/catalogoeconomiasocial\/wp-json\/wp\/v2\/types\/product"}],"replies":[{"embeddable":true,"href":"https:\/\/www.mendoza.gov.ar\/catalogoeconomiasocial\/wp-json\/wp\/v2\/comments?post=1100"}],"wp:featuredmedia":[{"embeddable":true,"href":"https:\/\/www.mendoza.gov.ar\/catalogoeconomiasocial\/wp-json\/wp\/v2\/media\/35821"}],"wp:attachment":[{"href":"https:\/\/www.mendoza.gov.ar\/catalogoeconomiasocial\/wp-json\/wp\/v2\/media?parent=1100"}],"wp:term":[{"taxonomy":"product_cat","embeddable":true,"href":"https:\/\/www.mendoza.gov.ar\/catalogoeconomiasocial\/wp-json\/wp\/v2\/product_cat?post=1100"},{"taxonomy":"product_tag","embeddable":true,"href":"https:\/\/www.mendoza.gov.ar\/catalogoeconomiasocial\/wp-json\/wp\/v2\/product_tag?post=1100"}],"curies":[{"name":"wp","href":"https:\/\/api.w.org\/{rel}","templated":true}]}}