{"id":1278,"date":"2016-10-09T14:26:18","date_gmt":"2016-10-09T17:26:18","guid":{"rendered":"http:\/\/catalogoeconomiasocial.mendoza.gov.ar\/?post_type=product&#038;p=1278"},"modified":"2024-11-01T10:42:34","modified_gmt":"2024-11-01T13:42:34","slug":"cuchillo-anatomico-con-ciervo-hoja-420","status":"publish","type":"product","link":"https:\/\/www.mendoza.gov.ar\/catalogoeconomiasocial\/producto\/cuchillo-anatomico-con-ciervo-hoja-420\/","title":{"rendered":"Cuchillos Artesanales"},"content":{"rendered":"<!DOCTYPE html PUBLIC \"-\/\/W3C\/\/DTD HTML 4.0 Transitional\/\/EN\" \"http:\/\/www.w3.org\/TR\/REC-html40\/loose.dtd\">\n\n","protected":false},"excerpt":{"rendered":"<strong>Descripci\u00f3n del Producto:<\/strong>\r\n<ul>\r\n \t<li>Cuchillo Anat\u00f3mico con Ciervo Hoja 420 &#8211; Materiales: cabo de ciervo gavil\u00e1n de bronce, vaina de suela te\u00f1ida, hoja \u00a0de acero 420<\/li>\r\n \t<li>Cuchillo Criollo Hoja 1551 &#8211;\u00a0Materiales: cabo de madera y alpaca con vaina de cuero crudo tejido, hoja 1551 &#8211;\u00a0Medidas: 16 cm<\/li>\r\n \t<li>Cuchillo Criollo Hoja 420 &#8211;\u00a0Materiales: cabo de alpaca con vaina picaza, alpaca y cuero, hoja 420 -Medidas: 16 cm<\/li>\r\n<\/ul>\r\n<strong><\/strong>","protected":false},"featured_media":3737,"comment_status":"closed","ping_status":"closed","template":"","meta":[],"product_cat":[7242,6762,1274],"product_tag":[959,299,301],"_links":{"self":[{"href":"https:\/\/www.mendoza.gov.ar\/catalogoeconomiasocial\/wp-json\/wp\/v2\/product\/1278"}],"collection":[{"href":"https:\/\/www.mendoza.gov.ar\/catalogoeconomiasocial\/wp-json\/wp\/v2\/product"}],"about":[{"href":"https:\/\/www.mendoza.gov.ar\/catalogoeconomiasocial\/wp-json\/wp\/v2\/types\/product"}],"replies":[{"embeddable":true,"href":"https:\/\/www.mendoza.gov.ar\/catalogoeconomiasocial\/wp-json\/wp\/v2\/comments?post=1278"}],"wp:featuredmedia":[{"embeddable":true,"href":"https:\/\/www.mendoza.gov.ar\/catalogoeconomiasocial\/wp-json\/wp\/v2\/media\/3737"}],"wp:attachment":[{"href":"https:\/\/www.mendoza.gov.ar\/catalogoeconomiasocial\/wp-json\/wp\/v2\/media?parent=1278"}],"wp:term":[{"taxonomy":"product_cat","embeddable":true,"href":"https:\/\/www.mendoza.gov.ar\/catalogoeconomiasocial\/wp-json\/wp\/v2\/product_cat?post=1278"},{"taxonomy":"product_tag","embeddable":true,"href":"https:\/\/www.mendoza.gov.ar\/catalogoeconomiasocial\/wp-json\/wp\/v2\/product_tag?post=1278"}],"curies":[{"name":"wp","href":"https:\/\/api.w.org\/{rel}","templated":true}]}}