{"id":2460,"date":"2017-03-20T18:20:40","date_gmt":"2017-03-20T21:20:40","guid":{"rendered":"http:\/\/catalogoeconomiasocial.mendoza.gov.ar\/?post_type=product&#038;p=2460"},"modified":"2020-04-29T12:41:40","modified_gmt":"2020-04-29T15:41:40","slug":"remera-reversible","status":"publish","type":"product","link":"https:\/\/www.mendoza.gov.ar\/catalogoeconomiasocial\/producto\/remera-reversible\/","title":{"rendered":"Remera Reversible de Seda Fr\u00eda"},"content":{"rendered":"<!DOCTYPE html PUBLIC \"-\/\/W3C\/\/DTD HTML 4.0 Transitional\/\/EN\" \"http:\/\/www.w3.org\/TR\/REC-html40\/loose.dtd\">\n\n","protected":false},"excerpt":{"rendered":"<strong>Descripci\u00f3n del Producto:<\/strong>\r\n\r\n<strong>Remera Reversible<\/strong>\r\n\r\nMateriales: Seda Fr\u00eda y tela estampada con flores\r\n\r\nMedidas: Talle 1 y 2\r\n\r\nT\u00e9cnica: Dise\u00f1o y confecci\u00f3n\r\n\r\n&nbsp;","protected":false},"featured_media":2458,"comment_status":"closed","ping_status":"closed","template":"","meta":[],"product_cat":[1179],"product_tag":[253,1049,1380,767,791,849,904],"_links":{"self":[{"href":"https:\/\/www.mendoza.gov.ar\/catalogoeconomiasocial\/wp-json\/wp\/v2\/product\/2460"}],"collection":[{"href":"https:\/\/www.mendoza.gov.ar\/catalogoeconomiasocial\/wp-json\/wp\/v2\/product"}],"about":[{"href":"https:\/\/www.mendoza.gov.ar\/catalogoeconomiasocial\/wp-json\/wp\/v2\/types\/product"}],"replies":[{"embeddable":true,"href":"https:\/\/www.mendoza.gov.ar\/catalogoeconomiasocial\/wp-json\/wp\/v2\/comments?post=2460"}],"wp:featuredmedia":[{"embeddable":true,"href":"https:\/\/www.mendoza.gov.ar\/catalogoeconomiasocial\/wp-json\/wp\/v2\/media\/2458"}],"wp:attachment":[{"href":"https:\/\/www.mendoza.gov.ar\/catalogoeconomiasocial\/wp-json\/wp\/v2\/media?parent=2460"}],"wp:term":[{"taxonomy":"product_cat","embeddable":true,"href":"https:\/\/www.mendoza.gov.ar\/catalogoeconomiasocial\/wp-json\/wp\/v2\/product_cat?post=2460"},{"taxonomy":"product_tag","embeddable":true,"href":"https:\/\/www.mendoza.gov.ar\/catalogoeconomiasocial\/wp-json\/wp\/v2\/product_tag?post=2460"}],"curies":[{"name":"wp","href":"https:\/\/api.w.org\/{rel}","templated":true}]}}