{"id":24973,"date":"2019-04-01T11:09:19","date_gmt":"2019-04-01T14:09:19","guid":{"rendered":"http:\/\/catalogoeconomiasocial.wp1.mendoza.gov.ar\/?post_type=product&#038;p=24973"},"modified":"2023-07-27T11:43:13","modified_gmt":"2023-07-27T14:43:13","slug":"jabon-de-aceites","status":"publish","type":"product","link":"https:\/\/www.mendoza.gov.ar\/catalogoeconomiasocial\/producto\/jabon-de-aceites\/","title":{"rendered":"Jab\u00f3n de aceites"},"content":{"rendered":"<!DOCTYPE html PUBLIC \"-\/\/W3C\/\/DTD HTML 4.0 Transitional\/\/EN\" \"http:\/\/www.w3.org\/TR\/REC-html40\/loose.dtd\">\n\n","protected":false},"excerpt":{"rendered":"Los productos son elaborados en forma artesanal, con aceites vegetales y mayormente con plantas aut\u00f3ctonas, como la jarilla y otras, tratando tambi\u00e9n de utilizar en la menos medida posible envases pl\u00e1sticos.\r\n\r\n<strong>Descripci\u00f3n de los productos:<\/strong>\r\n<ul>\r\n \t<li>JAB\u00d3N DE ACEITE DE OLIVA<\/li>\r\n \t<li>JAB\u00d3N DE COCO<\/li>\r\n \t<li>JAB\u00d3N DE ESENCIAS<\/li>\r\n \t<li>Saporificaci\u00f2n en Fr\u00edo<\/li>\r\n<\/ul>","protected":false},"featured_media":24978,"comment_status":"open","ping_status":"closed","template":"","meta":[],"product_cat":[6762,6143,6144],"product_tag":[50,3530,3532,3533,489,2671,3531],"_links":{"self":[{"href":"https:\/\/www.mendoza.gov.ar\/catalogoeconomiasocial\/wp-json\/wp\/v2\/product\/24973"}],"collection":[{"href":"https:\/\/www.mendoza.gov.ar\/catalogoeconomiasocial\/wp-json\/wp\/v2\/product"}],"about":[{"href":"https:\/\/www.mendoza.gov.ar\/catalogoeconomiasocial\/wp-json\/wp\/v2\/types\/product"}],"replies":[{"embeddable":true,"href":"https:\/\/www.mendoza.gov.ar\/catalogoeconomiasocial\/wp-json\/wp\/v2\/comments?post=24973"}],"wp:featuredmedia":[{"embeddable":true,"href":"https:\/\/www.mendoza.gov.ar\/catalogoeconomiasocial\/wp-json\/wp\/v2\/media\/24978"}],"wp:attachment":[{"href":"https:\/\/www.mendoza.gov.ar\/catalogoeconomiasocial\/wp-json\/wp\/v2\/media?parent=24973"}],"wp:term":[{"taxonomy":"product_cat","embeddable":true,"href":"https:\/\/www.mendoza.gov.ar\/catalogoeconomiasocial\/wp-json\/wp\/v2\/product_cat?post=24973"},{"taxonomy":"product_tag","embeddable":true,"href":"https:\/\/www.mendoza.gov.ar\/catalogoeconomiasocial\/wp-json\/wp\/v2\/product_tag?post=24973"}],"curies":[{"name":"wp","href":"https:\/\/api.w.org\/{rel}","templated":true}]}}