{"id":24985,"date":"2019-04-01T11:38:27","date_gmt":"2019-04-01T14:38:27","guid":{"rendered":"http:\/\/catalogoeconomiasocial.wp1.mendoza.gov.ar\/?post_type=product&#038;p=24985"},"modified":"2022-10-21T16:21:17","modified_gmt":"2022-10-21T19:21:17","slug":"crema-humectante","status":"publish","type":"product","link":"https:\/\/www.mendoza.gov.ar\/catalogoeconomiasocial\/producto\/crema-humectante\/","title":{"rendered":"Crema Humectante"},"content":{"rendered":"<!DOCTYPE html PUBLIC \"-\/\/W3C\/\/DTD HTML 4.0 Transitional\/\/EN\" \"http:\/\/www.w3.org\/TR\/REC-html40\/loose.dtd\">\n\n","protected":false},"excerpt":{"rendered":"Los productos son elaborados en forma artesanal, con aceites vegetales y mayormente con plantas aut\u00f3ctonas, como la jarilla y otras, tratando tambi\u00e9n de utilizar en la menos medida posible envases pl\u00e1sticos.\r\n\r\n<strong>Descripci\u00f3n del producto:\u00a0<\/strong>\r\n<ul>\r\n \t<li>Crema Humectante, elaborada con aceites naturales, y mantecas. Maseracion con infusiones de plantas.<\/li>\r\n \t<li>Crema solida corporal, con propiedades de Coco. manteca de cacao y Karile. 100 % natual.<\/li>\r\n<\/ul>\r\n&nbsp;\r\n\r\n&nbsp;","protected":false},"featured_media":24987,"comment_status":"open","ping_status":"closed","template":"","meta":[],"product_cat":[6143,6144],"product_tag":[3538,2675,3530,3537,1801,3539],"_links":{"self":[{"href":"https:\/\/www.mendoza.gov.ar\/catalogoeconomiasocial\/wp-json\/wp\/v2\/product\/24985"}],"collection":[{"href":"https:\/\/www.mendoza.gov.ar\/catalogoeconomiasocial\/wp-json\/wp\/v2\/product"}],"about":[{"href":"https:\/\/www.mendoza.gov.ar\/catalogoeconomiasocial\/wp-json\/wp\/v2\/types\/product"}],"replies":[{"embeddable":true,"href":"https:\/\/www.mendoza.gov.ar\/catalogoeconomiasocial\/wp-json\/wp\/v2\/comments?post=24985"}],"wp:featuredmedia":[{"embeddable":true,"href":"https:\/\/www.mendoza.gov.ar\/catalogoeconomiasocial\/wp-json\/wp\/v2\/media\/24987"}],"wp:attachment":[{"href":"https:\/\/www.mendoza.gov.ar\/catalogoeconomiasocial\/wp-json\/wp\/v2\/media?parent=24985"}],"wp:term":[{"taxonomy":"product_cat","embeddable":true,"href":"https:\/\/www.mendoza.gov.ar\/catalogoeconomiasocial\/wp-json\/wp\/v2\/product_cat?post=24985"},{"taxonomy":"product_tag","embeddable":true,"href":"https:\/\/www.mendoza.gov.ar\/catalogoeconomiasocial\/wp-json\/wp\/v2\/product_tag?post=24985"}],"curies":[{"name":"wp","href":"https:\/\/api.w.org\/{rel}","templated":true}]}}