{"id":24990,"date":"2019-04-01T11:44:55","date_gmt":"2019-04-01T14:44:55","guid":{"rendered":"http:\/\/catalogoeconomiasocial.wp1.mendoza.gov.ar\/?post_type=product&#038;p=24990"},"modified":"2023-07-27T11:43:01","modified_gmt":"2023-07-27T14:43:01","slug":"bombas-efervescentes-para-bano","status":"publish","type":"product","link":"https:\/\/www.mendoza.gov.ar\/catalogoeconomiasocial\/producto\/bombas-efervescentes-para-bano\/","title":{"rendered":"Bombas efervescentes para ba\u00f1o"},"content":{"rendered":"<!DOCTYPE html PUBLIC \"-\/\/W3C\/\/DTD HTML 4.0 Transitional\/\/EN\" \"http:\/\/www.w3.org\/TR\/REC-html40\/loose.dtd\">\n\n","protected":false},"excerpt":{"rendered":"Los productos son elaborados en forma artesanal, con aceites vegetales y mayormente con plantas aut\u00f3ctonas, como la jarilla y otras, tratando tambi\u00e9n de utilizar en la menos medida posible envases pl\u00e1sticos.\r\n\r\n<strong>Descripci\u00f3n del producto:<\/strong>\r\n<ul>\r\n \t<li>Bombas efervescentes para ba\u00f1o.<\/li>\r\n \t<li>Elaboradas con \u00c1cidos c\u00edtricos, sales epson, mezclado y secado de los ingredientes naturales.<\/li>\r\n<\/ul>\r\n&nbsp;","protected":false},"featured_media":24979,"comment_status":"open","ping_status":"closed","template":"","meta":[],"product_cat":[6762,6143,6144],"product_tag":[3530,3540,3543,3542,3541,3544],"_links":{"self":[{"href":"https:\/\/www.mendoza.gov.ar\/catalogoeconomiasocial\/wp-json\/wp\/v2\/product\/24990"}],"collection":[{"href":"https:\/\/www.mendoza.gov.ar\/catalogoeconomiasocial\/wp-json\/wp\/v2\/product"}],"about":[{"href":"https:\/\/www.mendoza.gov.ar\/catalogoeconomiasocial\/wp-json\/wp\/v2\/types\/product"}],"replies":[{"embeddable":true,"href":"https:\/\/www.mendoza.gov.ar\/catalogoeconomiasocial\/wp-json\/wp\/v2\/comments?post=24990"}],"wp:featuredmedia":[{"embeddable":true,"href":"https:\/\/www.mendoza.gov.ar\/catalogoeconomiasocial\/wp-json\/wp\/v2\/media\/24979"}],"wp:attachment":[{"href":"https:\/\/www.mendoza.gov.ar\/catalogoeconomiasocial\/wp-json\/wp\/v2\/media?parent=24990"}],"wp:term":[{"taxonomy":"product_cat","embeddable":true,"href":"https:\/\/www.mendoza.gov.ar\/catalogoeconomiasocial\/wp-json\/wp\/v2\/product_cat?post=24990"},{"taxonomy":"product_tag","embeddable":true,"href":"https:\/\/www.mendoza.gov.ar\/catalogoeconomiasocial\/wp-json\/wp\/v2\/product_tag?post=24990"}],"curies":[{"name":"wp","href":"https:\/\/api.w.org\/{rel}","templated":true}]}}