{"id":25764,"date":"2019-04-22T12:48:49","date_gmt":"2019-04-22T15:48:49","guid":{"rendered":"http:\/\/catalogoeconomiasocial.wp1.mendoza.gov.ar\/?post_type=product&#038;p=25764"},"modified":"2023-06-22T10:36:21","modified_gmt":"2023-06-22T13:36:21","slug":"ta-te-ti-de-madera","status":"publish","type":"product","link":"https:\/\/www.mendoza.gov.ar\/catalogoeconomiasocial\/producto\/ta-te-ti-de-madera\/","title":{"rendered":"TA TE TI de madera"},"content":{"rendered":"<!DOCTYPE html PUBLIC \"-\/\/W3C\/\/DTD HTML 4.0 Transitional\/\/EN\" \"http:\/\/www.w3.org\/TR\/REC-html40\/loose.dtd\">\n\n","protected":false},"excerpt":{"rendered":"<b>Descripci\u00f3n<\/b><strong>\u00a0del Producto<\/strong>:\r\n\r\nTA TE TI de madera y muy colorido, para la diversi\u00f3n y aprendizaje del ni\u00f1o.\r\n\r\nCompuesto por base en mdf de 15 x 15 cm. Fichas circulares (6) en mdf de cortes reciclados. Pintura acr\u00edlica no t\u00f3xica y terminaci\u00f3n con barniz diluyente al agua.\r\n\r\nVarios motivos.","protected":false},"featured_media":25758,"comment_status":"open","ping_status":"closed","template":"","meta":[],"product_cat":[1065,6123,6121],"product_tag":[3610,2014,3611],"_links":{"self":[{"href":"https:\/\/www.mendoza.gov.ar\/catalogoeconomiasocial\/wp-json\/wp\/v2\/product\/25764"}],"collection":[{"href":"https:\/\/www.mendoza.gov.ar\/catalogoeconomiasocial\/wp-json\/wp\/v2\/product"}],"about":[{"href":"https:\/\/www.mendoza.gov.ar\/catalogoeconomiasocial\/wp-json\/wp\/v2\/types\/product"}],"replies":[{"embeddable":true,"href":"https:\/\/www.mendoza.gov.ar\/catalogoeconomiasocial\/wp-json\/wp\/v2\/comments?post=25764"}],"wp:featuredmedia":[{"embeddable":true,"href":"https:\/\/www.mendoza.gov.ar\/catalogoeconomiasocial\/wp-json\/wp\/v2\/media\/25758"}],"wp:attachment":[{"href":"https:\/\/www.mendoza.gov.ar\/catalogoeconomiasocial\/wp-json\/wp\/v2\/media?parent=25764"}],"wp:term":[{"taxonomy":"product_cat","embeddable":true,"href":"https:\/\/www.mendoza.gov.ar\/catalogoeconomiasocial\/wp-json\/wp\/v2\/product_cat?post=25764"},{"taxonomy":"product_tag","embeddable":true,"href":"https:\/\/www.mendoza.gov.ar\/catalogoeconomiasocial\/wp-json\/wp\/v2\/product_tag?post=25764"}],"curies":[{"name":"wp","href":"https:\/\/api.w.org\/{rel}","templated":true}]}}