{"id":25771,"date":"2019-04-22T13:04:56","date_gmt":"2019-04-22T16:04:56","guid":{"rendered":"http:\/\/catalogoeconomiasocial.wp1.mendoza.gov.ar\/?post_type=product&#038;p=25771"},"modified":"2023-06-22T10:35:57","modified_gmt":"2023-06-22T13:35:57","slug":"juego-de-memoria-para-ninos-en-madera","status":"publish","type":"product","link":"https:\/\/www.mendoza.gov.ar\/catalogoeconomiasocial\/producto\/juego-de-memoria-para-ninos-en-madera\/","title":{"rendered":"Juego de Memoria para ni\u00f1os &#8211; en madera"},"content":{"rendered":"<!DOCTYPE html PUBLIC \"-\/\/W3C\/\/DTD HTML 4.0 Transitional\/\/EN\" \"http:\/\/www.w3.org\/TR\/REC-html40\/loose.dtd\">\n\n","protected":false},"excerpt":{"rendered":"<strong>Descripci\u00f3n del producto:<\/strong>\r\n\r\nJuegos de la memoria para ni\u00f1os, en madera, dise\u00f1ado con colores y dibujos que ayudan a la diversi\u00f3n y evoluci\u00f3n del ni\u00f1o en su juego.\r\n\r\nCompuesto por 28 piezas cortadas en mdf de 5 x 5 cm pintadas a mano con acr\u00edlicos no t\u00f3xicos. Terminaci\u00f3n con barniz diluyente al agua.","protected":false},"featured_media":25760,"comment_status":"open","ping_status":"closed","template":"","meta":[],"product_cat":[1065,6123,6121],"product_tag":[3612,1258,1612,3613,3614],"_links":{"self":[{"href":"https:\/\/www.mendoza.gov.ar\/catalogoeconomiasocial\/wp-json\/wp\/v2\/product\/25771"}],"collection":[{"href":"https:\/\/www.mendoza.gov.ar\/catalogoeconomiasocial\/wp-json\/wp\/v2\/product"}],"about":[{"href":"https:\/\/www.mendoza.gov.ar\/catalogoeconomiasocial\/wp-json\/wp\/v2\/types\/product"}],"replies":[{"embeddable":true,"href":"https:\/\/www.mendoza.gov.ar\/catalogoeconomiasocial\/wp-json\/wp\/v2\/comments?post=25771"}],"wp:featuredmedia":[{"embeddable":true,"href":"https:\/\/www.mendoza.gov.ar\/catalogoeconomiasocial\/wp-json\/wp\/v2\/media\/25760"}],"wp:attachment":[{"href":"https:\/\/www.mendoza.gov.ar\/catalogoeconomiasocial\/wp-json\/wp\/v2\/media?parent=25771"}],"wp:term":[{"taxonomy":"product_cat","embeddable":true,"href":"https:\/\/www.mendoza.gov.ar\/catalogoeconomiasocial\/wp-json\/wp\/v2\/product_cat?post=25771"},{"taxonomy":"product_tag","embeddable":true,"href":"https:\/\/www.mendoza.gov.ar\/catalogoeconomiasocial\/wp-json\/wp\/v2\/product_tag?post=25771"}],"curies":[{"name":"wp","href":"https:\/\/api.w.org\/{rel}","templated":true}]}}