{"id":25772,"date":"2019-04-22T13:12:03","date_gmt":"2019-04-22T16:12:03","guid":{"rendered":"http:\/\/catalogoeconomiasocial.wp1.mendoza.gov.ar\/?post_type=product&#038;p=25772"},"modified":"2022-09-28T16:02:36","modified_gmt":"2022-09-28T19:02:36","slug":"autitos-de-madera","status":"publish","type":"product","link":"https:\/\/www.mendoza.gov.ar\/catalogoeconomiasocial\/producto\/autitos-de-madera\/","title":{"rendered":"Autitos de Arrastre"},"content":{"rendered":"<!DOCTYPE html PUBLIC \"-\/\/W3C\/\/DTD HTML 4.0 Transitional\/\/EN\" \"http:\/\/www.w3.org\/TR\/REC-html40\/loose.dtd\">\n\n","protected":false},"excerpt":{"rendered":"<b>Descripci\u00f3n<\/b><strong>\u00a0del Producto<\/strong>:\r\n\r\nAutos de madera, muy coloridos y divertidos para los mas peque\u00f1os.\r\n\r\nRealizados en madera de pino cepillado,\u00a0 Pintura acr\u00edlica no t\u00f3xica.\r\n\r\n<strong>Tres modelos: <\/strong>\r\n\r\n1- Auto con cord\u00f3n de arrastre (algod\u00f3n) y madera reciclada. Terminaci\u00f3n con barniz diluyente al agua.\r\n\r\n2- Auto mas peque\u00f1o sin cord\u00f3n.\r\n\r\n3- Auto grande tipo camioneta.\r\nTodos realizados con la misma calidad de madera y t\u00e9cnica de pintura.","protected":false},"featured_media":25755,"comment_status":"open","ping_status":"closed","template":"","meta":[],"product_cat":[1065,6158],"product_tag":[3612,5102,3615,3613],"_links":{"self":[{"href":"https:\/\/www.mendoza.gov.ar\/catalogoeconomiasocial\/wp-json\/wp\/v2\/product\/25772"}],"collection":[{"href":"https:\/\/www.mendoza.gov.ar\/catalogoeconomiasocial\/wp-json\/wp\/v2\/product"}],"about":[{"href":"https:\/\/www.mendoza.gov.ar\/catalogoeconomiasocial\/wp-json\/wp\/v2\/types\/product"}],"replies":[{"embeddable":true,"href":"https:\/\/www.mendoza.gov.ar\/catalogoeconomiasocial\/wp-json\/wp\/v2\/comments?post=25772"}],"wp:featuredmedia":[{"embeddable":true,"href":"https:\/\/www.mendoza.gov.ar\/catalogoeconomiasocial\/wp-json\/wp\/v2\/media\/25755"}],"wp:attachment":[{"href":"https:\/\/www.mendoza.gov.ar\/catalogoeconomiasocial\/wp-json\/wp\/v2\/media?parent=25772"}],"wp:term":[{"taxonomy":"product_cat","embeddable":true,"href":"https:\/\/www.mendoza.gov.ar\/catalogoeconomiasocial\/wp-json\/wp\/v2\/product_cat?post=25772"},{"taxonomy":"product_tag","embeddable":true,"href":"https:\/\/www.mendoza.gov.ar\/catalogoeconomiasocial\/wp-json\/wp\/v2\/product_tag?post=25772"}],"curies":[{"name":"wp","href":"https:\/\/api.w.org\/{rel}","templated":true}]}}