{"id":26541,"date":"2019-05-22T12:24:10","date_gmt":"2019-05-22T15:24:10","guid":{"rendered":"http:\/\/catalogoeconomiasocial.wp1.mendoza.gov.ar\/?post_type=product&#038;p=26541"},"modified":"2023-06-22T09:58:39","modified_gmt":"2023-06-22T12:58:39","slug":"porta-platos-de-madera-con-4-platos","status":"publish","type":"product","link":"https:\/\/www.mendoza.gov.ar\/catalogoeconomiasocial\/producto\/porta-platos-de-madera-con-4-platos\/","title":{"rendered":"Set Porta Platos con Cuatro  Platos"},"content":{"rendered":"<!DOCTYPE html PUBLIC \"-\/\/W3C\/\/DTD HTML 4.0 Transitional\/\/EN\" \"http:\/\/www.w3.org\/TR\/REC-html40\/loose.dtd\">\n\n","protected":false},"excerpt":{"rendered":"Porta platos de madera con 4 platos. Ideal para llevar de camping. Tambi\u00e9n viene la opci\u00f3n de los 4 platos con cubiertos en bolsa de eco cuero decorada con guarda pampa. Consultar precios y dise\u00f1os.","protected":false},"featured_media":26540,"comment_status":"open","ping_status":"closed","template":"","meta":[],"product_cat":[6046,6053,6525,6056],"product_tag":[3764],"_links":{"self":[{"href":"https:\/\/www.mendoza.gov.ar\/catalogoeconomiasocial\/wp-json\/wp\/v2\/product\/26541"}],"collection":[{"href":"https:\/\/www.mendoza.gov.ar\/catalogoeconomiasocial\/wp-json\/wp\/v2\/product"}],"about":[{"href":"https:\/\/www.mendoza.gov.ar\/catalogoeconomiasocial\/wp-json\/wp\/v2\/types\/product"}],"replies":[{"embeddable":true,"href":"https:\/\/www.mendoza.gov.ar\/catalogoeconomiasocial\/wp-json\/wp\/v2\/comments?post=26541"}],"wp:featuredmedia":[{"embeddable":true,"href":"https:\/\/www.mendoza.gov.ar\/catalogoeconomiasocial\/wp-json\/wp\/v2\/media\/26540"}],"wp:attachment":[{"href":"https:\/\/www.mendoza.gov.ar\/catalogoeconomiasocial\/wp-json\/wp\/v2\/media?parent=26541"}],"wp:term":[{"taxonomy":"product_cat","embeddable":true,"href":"https:\/\/www.mendoza.gov.ar\/catalogoeconomiasocial\/wp-json\/wp\/v2\/product_cat?post=26541"},{"taxonomy":"product_tag","embeddable":true,"href":"https:\/\/www.mendoza.gov.ar\/catalogoeconomiasocial\/wp-json\/wp\/v2\/product_tag?post=26541"}],"curies":[{"name":"wp","href":"https:\/\/api.w.org\/{rel}","templated":true}]}}