{"id":27977,"date":"2019-07-29T13:59:37","date_gmt":"2019-07-29T16:59:37","guid":{"rendered":"http:\/\/catalogoeconomiasocial.wp1.mendoza.gov.ar\/?post_type=product&#038;p=27977"},"modified":"2023-06-07T11:06:27","modified_gmt":"2023-06-07T14:06:27","slug":"posa-fuente-de-junquillo","status":"publish","type":"product","link":"https:\/\/www.mendoza.gov.ar\/catalogoeconomiasocial\/producto\/posa-fuente-de-junquillo\/","title":{"rendered":"POSA FUENTE DE JUNQUILLO"},"content":{"rendered":"<!DOCTYPE html PUBLIC \"-\/\/W3C\/\/DTD HTML 4.0 Transitional\/\/EN\" \"http:\/\/www.w3.org\/TR\/REC-html40\/loose.dtd\">\n\n","protected":false},"excerpt":{"rendered":"<strong>Descripci\u00f3n del Producto: &#8220;FUENTE DE JUNQUILLO&#8221;<\/strong>\r\n\r\nProducto realizado con junquillo de la zona, artesan\u00eda folrkl\u00f3rica, decoraci\u00f3n.\r\n\r\nRealizado como ingreso econ\u00f3mico para mi familia.\r\n\r\nT\u00e9cnica utilizada de tejido acordelado, corte de junquillo, proceso de remojado y elaboraci\u00f3n artesanal del producto.","protected":false},"featured_media":27979,"comment_status":"open","ping_status":"closed","template":"","meta":[],"product_cat":[6046,1429],"product_tag":[4023,4022,1446,4021],"_links":{"self":[{"href":"https:\/\/www.mendoza.gov.ar\/catalogoeconomiasocial\/wp-json\/wp\/v2\/product\/27977"}],"collection":[{"href":"https:\/\/www.mendoza.gov.ar\/catalogoeconomiasocial\/wp-json\/wp\/v2\/product"}],"about":[{"href":"https:\/\/www.mendoza.gov.ar\/catalogoeconomiasocial\/wp-json\/wp\/v2\/types\/product"}],"replies":[{"embeddable":true,"href":"https:\/\/www.mendoza.gov.ar\/catalogoeconomiasocial\/wp-json\/wp\/v2\/comments?post=27977"}],"wp:featuredmedia":[{"embeddable":true,"href":"https:\/\/www.mendoza.gov.ar\/catalogoeconomiasocial\/wp-json\/wp\/v2\/media\/27979"}],"wp:attachment":[{"href":"https:\/\/www.mendoza.gov.ar\/catalogoeconomiasocial\/wp-json\/wp\/v2\/media?parent=27977"}],"wp:term":[{"taxonomy":"product_cat","embeddable":true,"href":"https:\/\/www.mendoza.gov.ar\/catalogoeconomiasocial\/wp-json\/wp\/v2\/product_cat?post=27977"},{"taxonomy":"product_tag","embeddable":true,"href":"https:\/\/www.mendoza.gov.ar\/catalogoeconomiasocial\/wp-json\/wp\/v2\/product_tag?post=27977"}],"curies":[{"name":"wp","href":"https:\/\/api.w.org\/{rel}","templated":true}]}}