{"id":27980,"date":"2019-07-29T14:01:04","date_gmt":"2019-07-29T17:01:04","guid":{"rendered":"http:\/\/catalogoeconomiasocial.wp1.mendoza.gov.ar\/?post_type=product&#038;p=27980"},"modified":"2023-06-07T11:05:58","modified_gmt":"2023-06-07T14:05:58","slug":"panera-de-junquillo","status":"publish","type":"product","link":"https:\/\/www.mendoza.gov.ar\/catalogoeconomiasocial\/producto\/panera-de-junquillo\/","title":{"rendered":"PANERA DE JUNQUILLO"},"content":{"rendered":"<!DOCTYPE html PUBLIC \"-\/\/W3C\/\/DTD HTML 4.0 Transitional\/\/EN\" \"http:\/\/www.w3.org\/TR\/REC-html40\/loose.dtd\">\n\n","protected":false},"excerpt":{"rendered":"<strong>Descripci\u00f3n del Producto: &#8220;PANERA DE JUNQUILLO&#8221;<\/strong>\r\n\r\nProducto realizado con junquillo de la zona, artesan\u00eda folrkl\u00f3rica, decoraci\u00f3n.\r\n\r\nRealizado como ingreso econ\u00f3mico para mi familia.\r\n\r\nT\u00e9cnica utilizada de tejido acordelado, corte de junquillo, proceso de remojado y elaboraci\u00f3n artesanal del producto.","protected":false},"featured_media":27978,"comment_status":"open","ping_status":"closed","template":"","meta":[],"product_cat":[6046,1429],"product_tag":[4023,1446,1104,4024],"_links":{"self":[{"href":"https:\/\/www.mendoza.gov.ar\/catalogoeconomiasocial\/wp-json\/wp\/v2\/product\/27980"}],"collection":[{"href":"https:\/\/www.mendoza.gov.ar\/catalogoeconomiasocial\/wp-json\/wp\/v2\/product"}],"about":[{"href":"https:\/\/www.mendoza.gov.ar\/catalogoeconomiasocial\/wp-json\/wp\/v2\/types\/product"}],"replies":[{"embeddable":true,"href":"https:\/\/www.mendoza.gov.ar\/catalogoeconomiasocial\/wp-json\/wp\/v2\/comments?post=27980"}],"wp:featuredmedia":[{"embeddable":true,"href":"https:\/\/www.mendoza.gov.ar\/catalogoeconomiasocial\/wp-json\/wp\/v2\/media\/27978"}],"wp:attachment":[{"href":"https:\/\/www.mendoza.gov.ar\/catalogoeconomiasocial\/wp-json\/wp\/v2\/media?parent=27980"}],"wp:term":[{"taxonomy":"product_cat","embeddable":true,"href":"https:\/\/www.mendoza.gov.ar\/catalogoeconomiasocial\/wp-json\/wp\/v2\/product_cat?post=27980"},{"taxonomy":"product_tag","embeddable":true,"href":"https:\/\/www.mendoza.gov.ar\/catalogoeconomiasocial\/wp-json\/wp\/v2\/product_tag?post=27980"}],"curies":[{"name":"wp","href":"https:\/\/api.w.org\/{rel}","templated":true}]}}