{"id":28665,"date":"2019-08-05T13:19:39","date_gmt":"2019-08-05T16:19:39","guid":{"rendered":"http:\/\/catalogoeconomiasocial.wp1.mendoza.gov.ar\/?post_type=product&#038;p=28665"},"modified":"2023-11-03T09:46:20","modified_gmt":"2023-11-03T12:46:20","slug":"complejo-turistico-capdeville","status":"publish","type":"product","link":"https:\/\/www.mendoza.gov.ar\/catalogoeconomiasocial\/producto\/complejo-turistico-capdeville\/","title":{"rendered":"Complejo Tur\u00edstico Capdeville"},"content":{"rendered":"<!DOCTYPE html PUBLIC \"-\/\/W3C\/\/DTD HTML 4.0 Transitional\/\/EN\" \"http:\/\/www.w3.org\/TR\/REC-html40\/loose.dtd\">\n\n","protected":false},"excerpt":{"rendered":"SERVICIO DE HOSTER\u00cdA Y ALOJAMIENTO. Capdeville Cuenta con caba\u00f1as de 1, 2 y 3 habitaciones. Totalmente equipadas, con cochera. Pileta, churrasquera, cancha de futbol 8, front\u00f3n de pelota paleta y sal\u00f3n de usos m\u00faltiples con capacidad para 250 personas sentadas.","protected":false},"featured_media":28667,"comment_status":"open","ping_status":"closed","template":"","meta":[],"product_cat":[6149,6152],"product_tag":[4135,4136,6940],"_links":{"self":[{"href":"https:\/\/www.mendoza.gov.ar\/catalogoeconomiasocial\/wp-json\/wp\/v2\/product\/28665"}],"collection":[{"href":"https:\/\/www.mendoza.gov.ar\/catalogoeconomiasocial\/wp-json\/wp\/v2\/product"}],"about":[{"href":"https:\/\/www.mendoza.gov.ar\/catalogoeconomiasocial\/wp-json\/wp\/v2\/types\/product"}],"replies":[{"embeddable":true,"href":"https:\/\/www.mendoza.gov.ar\/catalogoeconomiasocial\/wp-json\/wp\/v2\/comments?post=28665"}],"wp:featuredmedia":[{"embeddable":true,"href":"https:\/\/www.mendoza.gov.ar\/catalogoeconomiasocial\/wp-json\/wp\/v2\/media\/28667"}],"wp:attachment":[{"href":"https:\/\/www.mendoza.gov.ar\/catalogoeconomiasocial\/wp-json\/wp\/v2\/media?parent=28665"}],"wp:term":[{"taxonomy":"product_cat","embeddable":true,"href":"https:\/\/www.mendoza.gov.ar\/catalogoeconomiasocial\/wp-json\/wp\/v2\/product_cat?post=28665"},{"taxonomy":"product_tag","embeddable":true,"href":"https:\/\/www.mendoza.gov.ar\/catalogoeconomiasocial\/wp-json\/wp\/v2\/product_tag?post=28665"}],"curies":[{"name":"wp","href":"https:\/\/api.w.org\/{rel}","templated":true}]}}