{"id":30144,"date":"2019-10-18T09:51:06","date_gmt":"2019-10-18T12:51:06","guid":{"rendered":"http:\/\/catalogoeconomiasocial.wp1.mendoza.gov.ar\/?post_type=product&#038;p=30144"},"modified":"2022-09-28T20:42:16","modified_gmt":"2022-09-28T23:42:16","slug":"mermeladas-3","status":"publish","type":"product","link":"https:\/\/www.mendoza.gov.ar\/catalogoeconomiasocial\/producto\/mermeladas-3\/","title":{"rendered":"Mermeladas"},"content":{"rendered":"<!DOCTYPE html PUBLIC \"-\/\/W3C\/\/DTD HTML 4.0 Transitional\/\/EN\" \"http:\/\/www.w3.org\/TR\/REC-html40\/loose.dtd\">\n\n","protected":false},"excerpt":{"rendered":"<span class=\"product-image-description\">Tradici\u00f3n en tu desayuno<\/span>\r\n<p class=\"product-image-description2\">Comenz\u00e1 el d\u00eda con alguna de nuestras mermeladas cl\u00e1sicas, regionales o gourmet. Sabor en tu mesa.<\/p>\r\n<strong>Variedad de Sabores:<\/strong>\r\n<ul>\r\n \t<li>Frutilla<\/li>\r\n \t<li>Pera<\/li>\r\n \t<li>Manzanas Rojas<\/li>\r\n \t<li>Manzanas Verdes<\/li>\r\n \t<li>Ciruelas<\/li>\r\n \t<li>Damasco<\/li>\r\n \t<li>Durazno<\/li>\r\n \t<li>Pomelo<\/li>\r\n \t<li>Frutos Rojos: Frambuesa, Ar\u00e1ndanos, Frutos del Bosque, Grosella<\/li>\r\n \t<li>Gourmet:\u00a0 Lim\u00f3n, Naranja, Tomate, Higo, Higo con Nuez, Ar\u00e1ndanos, Naranja con Nuez, Rosa Mosqueta, Mix de Naranja, mandarina y Lim\u00f3n, Mix de Naranja y Zanahoria, Mandarina<\/li>\r\n \t<li>Regionales: Uva Rosada, Mel\u00f3n, Tuna, Alcayota, Alcayota con Nuez, Sandia, Mel\u00f3n Rosado, Uva Malbec, Alcayota con Cerezas al Marasquino<\/li>\r\n<\/ul>","protected":false},"featured_media":33920,"comment_status":"open","ping_status":"closed","template":"","meta":[],"product_cat":[5946,5974,5975,5976],"product_tag":[],"_links":{"self":[{"href":"https:\/\/www.mendoza.gov.ar\/catalogoeconomiasocial\/wp-json\/wp\/v2\/product\/30144"}],"collection":[{"href":"https:\/\/www.mendoza.gov.ar\/catalogoeconomiasocial\/wp-json\/wp\/v2\/product"}],"about":[{"href":"https:\/\/www.mendoza.gov.ar\/catalogoeconomiasocial\/wp-json\/wp\/v2\/types\/product"}],"replies":[{"embeddable":true,"href":"https:\/\/www.mendoza.gov.ar\/catalogoeconomiasocial\/wp-json\/wp\/v2\/comments?post=30144"}],"wp:featuredmedia":[{"embeddable":true,"href":"https:\/\/www.mendoza.gov.ar\/catalogoeconomiasocial\/wp-json\/wp\/v2\/media\/33920"}],"wp:attachment":[{"href":"https:\/\/www.mendoza.gov.ar\/catalogoeconomiasocial\/wp-json\/wp\/v2\/media?parent=30144"}],"wp:term":[{"taxonomy":"product_cat","embeddable":true,"href":"https:\/\/www.mendoza.gov.ar\/catalogoeconomiasocial\/wp-json\/wp\/v2\/product_cat?post=30144"},{"taxonomy":"product_tag","embeddable":true,"href":"https:\/\/www.mendoza.gov.ar\/catalogoeconomiasocial\/wp-json\/wp\/v2\/product_tag?post=30144"}],"curies":[{"name":"wp","href":"https:\/\/api.w.org\/{rel}","templated":true}]}}