{"id":30180,"date":"2019-10-18T10:30:22","date_gmt":"2019-10-18T13:30:22","guid":{"rendered":"http:\/\/catalogoeconomiasocial.wp1.mendoza.gov.ar\/?post_type=product&#038;p=30180"},"modified":"2023-04-10T09:10:08","modified_gmt":"2023-04-10T12:10:08","slug":"alfajores-5","status":"publish","type":"product","link":"https:\/\/www.mendoza.gov.ar\/catalogoeconomiasocial\/producto\/alfajores-5\/","title":{"rendered":"Alfajores L\u00ednea Colonial y L\u00ednea Varietales"},"content":{"rendered":"<!DOCTYPE html PUBLIC \"-\/\/W3C\/\/DTD HTML 4.0 Transitional\/\/EN\" \"http:\/\/www.w3.org\/TR\/REC-html40\/loose.dtd\">\n\n","protected":false},"excerpt":{"rendered":"<div>Contamos con 20 variedades de alfajores con dos l\u00edneas de sabores diferenciados.<\/div>\r\n<div>\r\n<div class=\"\" role=\"listitem\">\r\n<div class=\"OxAavc NVbRL\" data-required=\"true\" data-item-id=\"1203241719\">\r\n<div class=\"Ih4Dzb\">\r\n<div class=\"q4tvle JqSWld yqQS1\"><\/div>\r\n<\/div>\r\n<\/div>\r\n<\/div>\r\n<div class=\"\" role=\"listitem\">\r\n<div class=\"OxAavc\" data-required=\"true\" data-other-input=\"qSV85\" data-other-hidden=\"MfYA1e\" data-item-id=\"276227492\">\r\n<div class=\"pYfr3c\">\r\n<div class=\"prOLdf\">\r\n<div class=\"g53bl\">\r\n<div id=\"c7437\" class=\"cTDvob D1wxyf RjsPE\" role=\"heading\" aria-level=\"3\" aria-describedby=\"i.desc.276227492 c7476\">LINEA COLONIAL: Negro. Blanco. Banana Split. Menta granizada. Frutilla. Coco. Mantecol. Frutos rojos. Cappuccino. Flan con caramelo.\u00a0 Kiwi. Yerba mate. Cereza. Granizado. Rogel. Membrillo. Fernet. Fernet Menta. Ipa.<\/div>\r\n<\/div>\r\n<\/div>\r\n<\/div>\r\n<\/div>\r\n<\/div>\r\n<\/div>\r\n<div><\/div>\r\n<div>LINEA VARIETALES: Malbec. Cabernet. Torront\u00e9s. Moscato. Champagne.<\/div>\r\n<div>Estos \u00faltimos ideales para el turista que viene a nuestra provincia a degustar los mejores vinos. Le ofrecemos esta gama de alfajores \u00fanicos en el mundo. Cada alfajor varietal est\u00e1 relleno con las mejores uvas y vinos de la regi\u00f3n.<\/div>\r\n<div>\u2665 Peso 70 gr.\u00a0 Frutales &#8211; Sabores de postres &#8211; De varietales de vino.<\/div>\r\n<div><\/div>","protected":false},"featured_media":50643,"comment_status":"open","ping_status":"closed","template":"","meta":[],"product_cat":[1280,6039],"product_tag":[32,2306],"_links":{"self":[{"href":"https:\/\/www.mendoza.gov.ar\/catalogoeconomiasocial\/wp-json\/wp\/v2\/product\/30180"}],"collection":[{"href":"https:\/\/www.mendoza.gov.ar\/catalogoeconomiasocial\/wp-json\/wp\/v2\/product"}],"about":[{"href":"https:\/\/www.mendoza.gov.ar\/catalogoeconomiasocial\/wp-json\/wp\/v2\/types\/product"}],"replies":[{"embeddable":true,"href":"https:\/\/www.mendoza.gov.ar\/catalogoeconomiasocial\/wp-json\/wp\/v2\/comments?post=30180"}],"wp:featuredmedia":[{"embeddable":true,"href":"https:\/\/www.mendoza.gov.ar\/catalogoeconomiasocial\/wp-json\/wp\/v2\/media\/50643"}],"wp:attachment":[{"href":"https:\/\/www.mendoza.gov.ar\/catalogoeconomiasocial\/wp-json\/wp\/v2\/media?parent=30180"}],"wp:term":[{"taxonomy":"product_cat","embeddable":true,"href":"https:\/\/www.mendoza.gov.ar\/catalogoeconomiasocial\/wp-json\/wp\/v2\/product_cat?post=30180"},{"taxonomy":"product_tag","embeddable":true,"href":"https:\/\/www.mendoza.gov.ar\/catalogoeconomiasocial\/wp-json\/wp\/v2\/product_tag?post=30180"}],"curies":[{"name":"wp","href":"https:\/\/api.w.org\/{rel}","templated":true}]}}