{"id":33401,"date":"2019-12-12T12:41:06","date_gmt":"2019-12-12T15:41:06","guid":{"rendered":"http:\/\/catalogoeconomiasocial.wp1.mendoza.gov.ar\/?post_type=product&#038;p=33401"},"modified":"2020-05-27T20:28:34","modified_gmt":"2020-05-27T23:28:34","slug":"ropita-para-munecas","status":"publish","type":"product","link":"https:\/\/www.mendoza.gov.ar\/catalogoeconomiasocial\/producto\/ropita-para-munecas\/","title":{"rendered":"Ropita y Accesorios para Mu\u00f1ecas"},"content":{"rendered":"<!DOCTYPE html PUBLIC \"-\/\/W3C\/\/DTD HTML 4.0 Transitional\/\/EN\" \"http:\/\/www.w3.org\/TR\/REC-html40\/loose.dtd\">\n\n","protected":false},"excerpt":{"rendered":"<table>\r\n<tbody>\r\n<tr>\r\n<td colspan=\"2\" width=\"576\"><strong>BIJUTERIE PARA BARBIES<\/strong><\/td>\r\n<\/tr>\r\n<tr>\r\n<td width=\"288\"><strong>DESCRIPCI\u00d3N<\/strong><\/td>\r\n<td width=\"288\">PULSERAS, COLLARES\u00a0 REALIZADAS CON DIVERSOS MATERIALES<\/td>\r\n<\/tr>\r\n<tr>\r\n<td width=\"288\"><strong>MEDIDAS<\/strong><\/td>\r\n<td width=\"288\">5 CM\r\n\r\n1 CM<\/td>\r\n<\/tr>\r\n<tr>\r\n<td width=\"288\"><strong>MATERIALES<\/strong><\/td>\r\n<td width=\"288\">PERLAS\r\n\r\nTANZA\r\n\r\nALFILERES CON GANCHO\r\n\r\nMOSQUET\u00d3N\r\n\r\nCADENAS DE DIFERENTE GROSOR EN FANTASIA<\/td>\r\n<\/tr>\r\n<tr>\r\n<td width=\"288\"><strong>UTILIDAD<\/strong><\/td>\r\n<td width=\"288\">PARA COLOCARLAS A LAS MU\u00d1ECAS<\/td>\r\n<\/tr>\r\n<tr>\r\n<td colspan=\"2\" width=\"576\"><strong>Se hacen restauraciones.<\/strong><\/td>\r\n<\/tr>\r\n<\/tbody>\r\n<\/table>\r\n<table>\r\n<tbody>\r\n<tr>\r\n<td colspan=\"2\" width=\"576\"><strong>ROPA DE MU\u00d1ECAS<\/strong><\/td>\r\n<\/tr>\r\n<tr>\r\n<td width=\"288\"><strong>DESCRIPCI\u00d3N<\/strong><\/td>\r\n<td width=\"288\">ROPA TEJIDA AL CROCHET P\u00c1RA \u00a0BEBOTES, MU\u00d1ECOS,MU\u00d1ECAS BARBIES O MU\u00d1EQUITAS<\/td>\r\n<\/tr>\r\n<tr>\r\n<td width=\"288\"><strong>MEDIDAS<\/strong><\/td>\r\n<td width=\"288\">ACORDE AL TAMA\u00d1O DEL LA MU\u00d1ECO<\/td>\r\n<\/tr>\r\n<tr>\r\n<td width=\"288\"><strong>MATERIALES<\/strong><\/td>\r\n<td width=\"288\">LANA DE DIVERSOS COLORES, AGUJA DE TEJER<\/td>\r\n<\/tr>\r\n<tr>\r\n<td width=\"288\"><strong>UTILIDAD<\/strong><\/td>\r\n<td width=\"288\">PARA VESTIR LAS MU\u00d1ECAS<\/td>\r\n<\/tr>\r\n<\/tbody>\r\n<\/table>","protected":false},"featured_media":33390,"comment_status":"open","ping_status":"closed","template":"","meta":[],"product_cat":[1065],"product_tag":[4841],"_links":{"self":[{"href":"https:\/\/www.mendoza.gov.ar\/catalogoeconomiasocial\/wp-json\/wp\/v2\/product\/33401"}],"collection":[{"href":"https:\/\/www.mendoza.gov.ar\/catalogoeconomiasocial\/wp-json\/wp\/v2\/product"}],"about":[{"href":"https:\/\/www.mendoza.gov.ar\/catalogoeconomiasocial\/wp-json\/wp\/v2\/types\/product"}],"replies":[{"embeddable":true,"href":"https:\/\/www.mendoza.gov.ar\/catalogoeconomiasocial\/wp-json\/wp\/v2\/comments?post=33401"}],"wp:featuredmedia":[{"embeddable":true,"href":"https:\/\/www.mendoza.gov.ar\/catalogoeconomiasocial\/wp-json\/wp\/v2\/media\/33390"}],"wp:attachment":[{"href":"https:\/\/www.mendoza.gov.ar\/catalogoeconomiasocial\/wp-json\/wp\/v2\/media?parent=33401"}],"wp:term":[{"taxonomy":"product_cat","embeddable":true,"href":"https:\/\/www.mendoza.gov.ar\/catalogoeconomiasocial\/wp-json\/wp\/v2\/product_cat?post=33401"},{"taxonomy":"product_tag","embeddable":true,"href":"https:\/\/www.mendoza.gov.ar\/catalogoeconomiasocial\/wp-json\/wp\/v2\/product_tag?post=33401"}],"curies":[{"name":"wp","href":"https:\/\/api.w.org\/{rel}","templated":true}]}}