{"id":34081,"date":"2020-02-17T09:53:37","date_gmt":"2020-02-17T12:53:37","guid":{"rendered":"http:\/\/catalogoeconomiasocial.wp1.mendoza.gov.ar\/?post_type=product&#038;p=34081"},"modified":"2023-11-03T09:50:32","modified_gmt":"2023-11-03T12:50:32","slug":"aromatizante-textil-y-de-ambientes","status":"publish","type":"product","link":"https:\/\/www.mendoza.gov.ar\/catalogoeconomiasocial\/producto\/aromatizante-textil-y-de-ambientes\/","title":{"rendered":"Aromatizante Textil y de Ambientes"},"content":{"rendered":"<!DOCTYPE html PUBLIC \"-\/\/W3C\/\/DTD HTML 4.0 Transitional\/\/EN\" \"http:\/\/www.w3.org\/TR\/REC-html40\/loose.dtd\">\n\n","protected":false},"excerpt":{"rendered":"<div class=\"_39k2\"><\/div>\r\n<div class=\"_39k5 _5s6c\">\r\n<div class=\"_2cuy _3dgx _2vxa\">Couco Argentina cuenta con 4 productos arom\u00e1ticos para ofrecerte:<\/div>\r\n<ul class=\"_5a_q _5yj1\">\r\n \t<li class=\"_2cuy _509q _2vxa\">Aromatizantes textiles y ambientales: Estos vienen en 3 presentaciones: 125cc, 250cc y 500cc con envase tipo \u201cspray\u201d y \u201cgatillo\u201d, haciendo m\u00e1s f\u00e1cil la difusi\u00f3n del aroma en el hogar. Su funci\u00f3n principal se cumple cuando son rociadas en telas, en lo cual entra: Almohadones, frazadas, plumones, cortinas, sillones forrados en tela, prendas de vestir, e incluso los asientos del auto. Estas fragancias no manchan las telas y perduran por horas en ella. Se debe rociar a 20cm de la tela dos o tres veces. &#8211; Contamos con cuatro l\u00edneas de fragancias para todos los gustos: L\u00ednea Be Citric: Dulce lim\u00f3n- Spring (s\u00edmil one ck)- To citric (mango lim\u00f3n). L\u00ednea Be Child: Clara (fragancia coniglio)- Suavidad (s\u00edmil beb\u00e9 jhonson)- Bubble gum (fragancia chicle)- Manitos- Sweet baby- Kids (s\u00edmil upalala). L\u00ednea Be Sweet: El en <a href=\"https:\/\/www.facebook.com\/coucoargentina\/messages\/?threadid=1470850291&amp;timestamp=1522787418223#\"><span class=\"_4yxr\">mar<\/span><\/a> (s\u00edmil wannama)- Delicius (s\u00edmil 47 street)- Hawai (combinacion de coco-vainilla)- A\u00e7a\u00ed (s\u00edmil de natura)- Nature. L\u00ednea Be Fresh: Algod\u00f3n (fragancia v\u00edvere)- Marino- Green tea- Green fruits (combinaci\u00f3n de sandia-pepino)- He (fragancia acqua di gio masculino)- Passion Fruit (s\u00edmil maracuya de natura)- Black (fragancia kevin black).<\/li>\r\n<\/ul>\r\n<ul class=\"_5a_q _5yj1\">\r\n \t<li class=\"_2cuy _509q _2vxa\">Difusores de aroma con varillas de bamb\u00fa: Los difusores vienen en dos presentaciones de 125cc y 250cc con un set de 5 varillas de bamb\u00fa naturales. Las varillas de humedecen con la fragancia y al ser porosas, el aroma sube a trav\u00e9s de ellas y perfuman un ambiente durante d\u00edas. La duraci\u00f3n promedio es de un mes y medio a casi dos meses perfumando un ambiente de tama\u00f1o mediano (living, dormitorio, etc.). &#8211; Aromas disponibles: Dulce lim\u00f3n- To Citric (combinaci\u00f3n de naranja-lim\u00f3n)- Verbena- Green fruit (combinaci\u00f3n de sandia-pepino)- Green tea- Morning (aroma mel\u00f3n)- Hawai (combinaci\u00f3n de coco y vainilla)-Bayas dulces (aroma uva)<\/li>\r\n<\/ul>\r\n<ul class=\"_5a_q _5yj1\">\r\n \t<li class=\"_2cuy _509q _2vxa\">Esencias pura para hornito: Viene en una presentaci\u00f3n de 10cc con frasco gotero, y simplemente fraccionamos la esencia pura en esos envases, listos para colocar unas gotas en los hornitos arom\u00e1ticos y ambientar. Aqu\u00ed predominan fragancias cl\u00e1sicas, como s\u00e1ndalo dulce, uva, sandia-pepino, lim\u00f3n dulce,\u00e1loe vera y t\u00e9, etc.<\/li>\r\n<\/ul>\r\n<\/div>","protected":false},"featured_media":34084,"comment_status":"open","ping_status":"closed","template":"","meta":[],"product_cat":[6762,6046,6047,6050,6049],"product_tag":[4918,6940],"_links":{"self":[{"href":"https:\/\/www.mendoza.gov.ar\/catalogoeconomiasocial\/wp-json\/wp\/v2\/product\/34081"}],"collection":[{"href":"https:\/\/www.mendoza.gov.ar\/catalogoeconomiasocial\/wp-json\/wp\/v2\/product"}],"about":[{"href":"https:\/\/www.mendoza.gov.ar\/catalogoeconomiasocial\/wp-json\/wp\/v2\/types\/product"}],"replies":[{"embeddable":true,"href":"https:\/\/www.mendoza.gov.ar\/catalogoeconomiasocial\/wp-json\/wp\/v2\/comments?post=34081"}],"wp:featuredmedia":[{"embeddable":true,"href":"https:\/\/www.mendoza.gov.ar\/catalogoeconomiasocial\/wp-json\/wp\/v2\/media\/34084"}],"wp:attachment":[{"href":"https:\/\/www.mendoza.gov.ar\/catalogoeconomiasocial\/wp-json\/wp\/v2\/media?parent=34081"}],"wp:term":[{"taxonomy":"product_cat","embeddable":true,"href":"https:\/\/www.mendoza.gov.ar\/catalogoeconomiasocial\/wp-json\/wp\/v2\/product_cat?post=34081"},{"taxonomy":"product_tag","embeddable":true,"href":"https:\/\/www.mendoza.gov.ar\/catalogoeconomiasocial\/wp-json\/wp\/v2\/product_tag?post=34081"}],"curies":[{"name":"wp","href":"https:\/\/api.w.org\/{rel}","templated":true}]}}