{"id":34317,"date":"2020-02-28T13:34:27","date_gmt":"2020-02-28T16:34:27","guid":{"rendered":"http:\/\/catalogoeconomiasocial.wp1.mendoza.gov.ar\/?post_type=product&#038;p=34317"},"modified":"2022-09-28T20:06:59","modified_gmt":"2022-09-28T23:06:59","slug":"fideos-con-salsa-de-tomate-deshidratados","status":"publish","type":"product","link":"https:\/\/www.mendoza.gov.ar\/catalogoeconomiasocial\/producto\/fideos-con-salsa-de-tomate-deshidratados\/","title":{"rendered":"Comida Deshidratada: Fideos con Salsa de Tomate"},"content":{"rendered":"<!DOCTYPE html PUBLIC \"-\/\/W3C\/\/DTD HTML 4.0 Transitional\/\/EN\" \"http:\/\/www.w3.org\/TR\/REC-html40\/loose.dtd\">\n\n","protected":false},"excerpt":{"rendered":"&nbsp;\r\n<table>\r\n<tbody>\r\n<tr>\r\n<td width=\"581\"><strong>ESPECIFICACI\u00d3N T\u00c9CNICA DE PRODUCTO<\/strong>\r\n\r\n<strong>C\u00f3digo: E\/PRO 104- Revisi\u00f3n: 00<\/strong>\r\n\r\n<strong>Producto: Salsa de Tomate<\/strong><\/td>\r\n<\/tr>\r\n<\/tbody>\r\n<\/table>\r\n&nbsp;\r\n<ul>\r\n \t<li><strong><u>Ingredientes: <\/u><\/strong><\/li>\r\n<\/ul>\r\nTomate deshidratado (harina de arroz, maltodextrina, bicarbonato de sodio), Almid\u00f3n de ma\u00edz, Cebolla deshidratada, Az\u00facar, Sal, Morr\u00f3n deshidratado, Puerro deshidratado, Ajo polvo, Or\u00e9gano, Piment\u00f3n.\r\n<ul>\r\n \t<li><strong><u>Rendimiento del producto:<\/u><\/strong><\/li>\r\n<\/ul>\r\nUna porci\u00f3n equivale a 10 g de producto seco y a 65,5g de producto listo para consumir.\r\n<ul>\r\n \t<li><strong><u>An\u00e1lisis Microbiol\u00f3gico:<\/u><\/strong><\/li>\r\n<\/ul>\r\n<table>\r\n<tbody>\r\n<tr>\r\n<td width=\"301\">Elemento<\/td>\r\n<td width=\"232\">Criterios de Aceptaci\u00f3n<\/td>\r\n<\/tr>\r\n<tr>\r\n<td width=\"301\">Bacterias Mes\u00f3filas aerobias<\/td>\r\n<td width=\"232\">M\u00e1x. 2 x 10<sup>5<\/sup> ufc\/g<\/td>\r\n<\/tr>\r\n<tr>\r\n<td width=\"301\">Coliformes a 37\u00b0C (NMP\/g)<\/td>\r\n<td width=\"232\">M\u00e1x. 500<\/td>\r\n<\/tr>\r\n<tr>\r\n<td width=\"301\">E. Coli<\/td>\r\n<td width=\"232\">Ausencia en 0,01 g<\/td>\r\n<\/tr>\r\n<tr>\r\n<td width=\"301\">Salmonellae<\/td>\r\n<td width=\"232\">Ausencia en 25 g<\/td>\r\n<\/tr>\r\n<tr>\r\n<td width=\"301\">Staphylococcus aureus coagulasa positiva<\/td>\r\n<td width=\"232\">Ausencia en\u00a0 0,01 g<\/td>\r\n<\/tr>\r\n<tr>\r\n<td width=\"301\">Hongos y Levaduras:\r\n\r\n(En alimentos a base de cereales y otros ingredientes)<\/td>\r\n<td width=\"232\">M\u00e1x. 10<sup>4<\/sup> ufc\/g<\/td>\r\n<\/tr>\r\n<\/tbody>\r\n<\/table>\r\n<ul>\r\n \t<li><u><b>Caracter\u00edsticas f\u00edsicas:<\/b><\/u><\/li>\r\n<\/ul>\r\nAspecto del producto: S\u00f3lido granular\r\n\r\nDensidad: 0,39kg\/l\r\n\r\nHumedad m\u00e1x: 12%\r\n\r\n&nbsp;\r\n<ul>\r\n \t<li><strong><u>Caracter\u00edsticas Organol\u00e9pticas:<\/u><\/strong><\/li>\r\n<\/ul>\r\n&nbsp;\r\n<table>\r\n<tbody>\r\n<tr>\r\n<td width=\"237\">Elemento<\/td>\r\n<td width=\"226\">Criterio de aceptaci\u00f3n<\/td>\r\n<\/tr>\r\n<tr>\r\n<td width=\"237\">Color<\/td>\r\n<td width=\"226\">Rojo<\/td>\r\n<\/tr>\r\n<tr>\r\n<td width=\"237\">Sabor<\/td>\r\n<td width=\"226\">Caracter\u00edstico<\/td>\r\n<\/tr>\r\n<tr>\r\n<td width=\"237\">Aroma<\/td>\r\n<td width=\"226\">Caracter\u00edstico<\/td>\r\n<\/tr>\r\n<\/tbody>\r\n<\/table>\r\n&nbsp;\r\n<ul>\r\n \t<li><strong><u>Condiciones de almacenamiento:<\/u><\/strong><\/li>\r\n<\/ul>\r\nEl producto deber\u00e1 ser almacenado a temperatura ambiente, en el embalaje original, protegido de la humedad de productos contaminantes, de insectos y de roedores. No requiere refrigeraci\u00f3n. Una vez abierto manejar con utensilios perfectamente limpio y se aconseja consumir el total del envase.\r\n\r\n&nbsp;\r\n<ul>\r\n \t<li><strong><u>Vida \u00fatil:<\/u><\/strong> 12 meses<\/li>\r\n \t<li><strong><u>Presentaci\u00f3n:\u00a0<\/u><\/strong>PESO NETO 1 kg\/ RINDE: 100 RACIONES.<\/li>\r\n \t<li><strong><u>Especificaciones de envase:\u00a0<\/u><\/strong>Polipropileno baja densidad blanco de 20 micrones<\/li>\r\n<\/ul>\r\nAlto: 30 cm\r\n\r\nAncho: 20 cm\r\n\r\n&nbsp;\r\n<ul>\r\n \t<li><strong><u>Modo de preparaci\u00f3n <\/u><\/strong>(para 1 raci\u00f3n, 10 g de mezcla seca)<\/li>\r\n<\/ul>\r\n<ol>\r\n \t<li>Hervir 150 ml de agua en una cacerola.<\/li>\r\n \t<li>Colocar la mezcla en forma de lluvia.<\/li>\r\n \t<li>Mezclar y dejar cocinar durante 10 min.<\/li>\r\n<\/ol>\r\n<strong>Nota: Revolver el contenido eventualmente<\/strong>.\r\n\r\n&nbsp;","protected":false},"featured_media":34320,"comment_status":"open","ping_status":"closed","template":"","meta":[],"product_cat":[5946,5962,5970],"product_tag":[4945],"_links":{"self":[{"href":"https:\/\/www.mendoza.gov.ar\/catalogoeconomiasocial\/wp-json\/wp\/v2\/product\/34317"}],"collection":[{"href":"https:\/\/www.mendoza.gov.ar\/catalogoeconomiasocial\/wp-json\/wp\/v2\/product"}],"about":[{"href":"https:\/\/www.mendoza.gov.ar\/catalogoeconomiasocial\/wp-json\/wp\/v2\/types\/product"}],"replies":[{"embeddable":true,"href":"https:\/\/www.mendoza.gov.ar\/catalogoeconomiasocial\/wp-json\/wp\/v2\/comments?post=34317"}],"wp:featuredmedia":[{"embeddable":true,"href":"https:\/\/www.mendoza.gov.ar\/catalogoeconomiasocial\/wp-json\/wp\/v2\/media\/34320"}],"wp:attachment":[{"href":"https:\/\/www.mendoza.gov.ar\/catalogoeconomiasocial\/wp-json\/wp\/v2\/media?parent=34317"}],"wp:term":[{"taxonomy":"product_cat","embeddable":true,"href":"https:\/\/www.mendoza.gov.ar\/catalogoeconomiasocial\/wp-json\/wp\/v2\/product_cat?post=34317"},{"taxonomy":"product_tag","embeddable":true,"href":"https:\/\/www.mendoza.gov.ar\/catalogoeconomiasocial\/wp-json\/wp\/v2\/product_tag?post=34317"}],"curies":[{"name":"wp","href":"https:\/\/api.w.org\/{rel}","templated":true}]}}