{"id":34389,"date":"2020-03-17T11:02:59","date_gmt":"2020-03-17T14:02:59","guid":{"rendered":"http:\/\/catalogoeconomiasocial.wp1.mendoza.gov.ar\/?post_type=product&#038;p=34389"},"modified":"2023-10-09T11:58:14","modified_gmt":"2023-10-09T14:58:14","slug":"licores-artesanales-3","status":"publish","type":"product","link":"https:\/\/www.mendoza.gov.ar\/catalogoeconomiasocial\/producto\/licores-artesanales-3\/","title":{"rendered":"Licores Artesanales"},"content":{"rendered":"<!DOCTYPE html PUBLIC \"-\/\/W3C\/\/DTD HTML 4.0 Transitional\/\/EN\" \"http:\/\/www.w3.org\/TR\/REC-html40\/loose.dtd\">\n\n","protected":false},"excerpt":{"rendered":"Envase de vidrio de 250ml , con tapa rosca con precinto de seguridad.\r\n\r\nAptos bromatologicos actualizados.\r\n\r\nVariedades:\u00a0 Licor de Durazno; Licor de Guinda; Licor de Lim\u00f3n; Licor de Membrillo; Licor de Frutos Rojos; Licor de Maracuy\u00e1; Licor de Caf\u00e9; Licor de Cereza; Licor de Naranja y Licor de Nueces.","protected":false},"featured_media":43116,"comment_status":"open","ping_status":"closed","template":"","meta":[],"product_cat":[5946,6002,6003,6007],"product_tag":[6515],"_links":{"self":[{"href":"https:\/\/www.mendoza.gov.ar\/catalogoeconomiasocial\/wp-json\/wp\/v2\/product\/34389"}],"collection":[{"href":"https:\/\/www.mendoza.gov.ar\/catalogoeconomiasocial\/wp-json\/wp\/v2\/product"}],"about":[{"href":"https:\/\/www.mendoza.gov.ar\/catalogoeconomiasocial\/wp-json\/wp\/v2\/types\/product"}],"replies":[{"embeddable":true,"href":"https:\/\/www.mendoza.gov.ar\/catalogoeconomiasocial\/wp-json\/wp\/v2\/comments?post=34389"}],"wp:featuredmedia":[{"embeddable":true,"href":"https:\/\/www.mendoza.gov.ar\/catalogoeconomiasocial\/wp-json\/wp\/v2\/media\/43116"}],"wp:attachment":[{"href":"https:\/\/www.mendoza.gov.ar\/catalogoeconomiasocial\/wp-json\/wp\/v2\/media?parent=34389"}],"wp:term":[{"taxonomy":"product_cat","embeddable":true,"href":"https:\/\/www.mendoza.gov.ar\/catalogoeconomiasocial\/wp-json\/wp\/v2\/product_cat?post=34389"},{"taxonomy":"product_tag","embeddable":true,"href":"https:\/\/www.mendoza.gov.ar\/catalogoeconomiasocial\/wp-json\/wp\/v2\/product_tag?post=34389"}],"curies":[{"name":"wp","href":"https:\/\/api.w.org\/{rel}","templated":true}]}}