{"id":34894,"date":"2020-04-01T23:34:21","date_gmt":"2020-04-02T02:34:21","guid":{"rendered":"http:\/\/catalogoeconomiasocial.wp1.mendoza.gov.ar\/?post_type=product&#038;p=34894"},"modified":"2023-07-27T12:00:33","modified_gmt":"2023-07-27T15:00:33","slug":"miel-con-frutos-secos-3","status":"publish","type":"product","link":"https:\/\/www.mendoza.gov.ar\/catalogoeconomiasocial\/producto\/miel-con-frutos-secos-3\/","title":{"rendered":"Miel con Frutos Secos"},"content":{"rendered":"<!DOCTYPE html PUBLIC \"-\/\/W3C\/\/DTD HTML 4.0 Transitional\/\/EN\" \"http:\/\/www.w3.org\/TR\/REC-html40\/loose.dtd\">\n\n","protected":false},"excerpt":{"rendered":"<p style=\"font-weight: 400\">La miel con frutos secos es un producto energ\u00e9tico.\u00a0La miel, por su propiedad higrosc\u00f3pica\u00a0\u00a0y su baja concentraci\u00f3n de humedad, mantiene crocantes los frutos secos.<\/p>\r\n<p style=\"font-weight: 400\">Contenido: miel, nueces, almendras, man\u00ed y casta\u00f1as de caj\u00fa\/avellanas.<\/p>\r\n<p style=\"font-weight: 400\">Presentaci\u00f3n: 220gr.<\/p>\r\n<p style=\"font-weight: 400\"><\/p>\r\n<img loading=\"lazy\" width=\"250\" height=\"250\" class=\"alignnone size-medium wp-image-35615\" src=\"http:\/\/mendoza.gov.ar\/catalogoeconomiasocial\/wp-content\/uploads\/sites\/49\/2020\/04\/vidaferia-logo-250x250.jpg\" alt=\"\" srcset=\"https:\/\/www.mendoza.gov.ar\/wp-content\/uploads\/sites\/49\/2020\/04\/vidaferia-logo-250x250.jpg 250w, https:\/\/www.mendoza.gov.ar\/wp-content\/uploads\/sites\/49\/2020\/04\/vidaferia-logo-300x300.jpg 300w, https:\/\/www.mendoza.gov.ar\/wp-content\/uploads\/sites\/49\/2020\/04\/vidaferia-logo-100x100.jpg 100w, https:\/\/www.mendoza.gov.ar\/wp-content\/uploads\/sites\/49\/2020\/04\/vidaferia-logo-600x600.jpg 600w, https:\/\/www.mendoza.gov.ar\/wp-content\/uploads\/sites\/49\/2020\/04\/vidaferia-logo-150x150.jpg 150w, https:\/\/www.mendoza.gov.ar\/wp-content\/uploads\/sites\/49\/2020\/04\/vidaferia-logo-768x768.jpg 768w, https:\/\/www.mendoza.gov.ar\/wp-content\/uploads\/sites\/49\/2020\/04\/vidaferia-logo-700x700.jpg 700w, https:\/\/www.mendoza.gov.ar\/wp-content\/uploads\/sites\/49\/2020\/04\/vidaferia-logo-62x62.jpg 62w, https:\/\/www.mendoza.gov.ar\/wp-content\/uploads\/sites\/49\/2020\/04\/vidaferia-logo-120x120.jpg 120w, https:\/\/www.mendoza.gov.ar\/wp-content\/uploads\/sites\/49\/2020\/04\/vidaferia-logo.jpg 850w\" sizes=\"(max-width: 250px) 100vw, 250px\" \/>","protected":false},"featured_media":34885,"comment_status":"open","ping_status":"closed","template":"","meta":[],"product_cat":[6762,5946,5974,5975,5978],"product_tag":[5058],"_links":{"self":[{"href":"https:\/\/www.mendoza.gov.ar\/catalogoeconomiasocial\/wp-json\/wp\/v2\/product\/34894"}],"collection":[{"href":"https:\/\/www.mendoza.gov.ar\/catalogoeconomiasocial\/wp-json\/wp\/v2\/product"}],"about":[{"href":"https:\/\/www.mendoza.gov.ar\/catalogoeconomiasocial\/wp-json\/wp\/v2\/types\/product"}],"replies":[{"embeddable":true,"href":"https:\/\/www.mendoza.gov.ar\/catalogoeconomiasocial\/wp-json\/wp\/v2\/comments?post=34894"}],"wp:featuredmedia":[{"embeddable":true,"href":"https:\/\/www.mendoza.gov.ar\/catalogoeconomiasocial\/wp-json\/wp\/v2\/media\/34885"}],"wp:attachment":[{"href":"https:\/\/www.mendoza.gov.ar\/catalogoeconomiasocial\/wp-json\/wp\/v2\/media?parent=34894"}],"wp:term":[{"taxonomy":"product_cat","embeddable":true,"href":"https:\/\/www.mendoza.gov.ar\/catalogoeconomiasocial\/wp-json\/wp\/v2\/product_cat?post=34894"},{"taxonomy":"product_tag","embeddable":true,"href":"https:\/\/www.mendoza.gov.ar\/catalogoeconomiasocial\/wp-json\/wp\/v2\/product_tag?post=34894"}],"curies":[{"name":"wp","href":"https:\/\/api.w.org\/{rel}","templated":true}]}}