{"id":34895,"date":"2020-04-01T23:35:13","date_gmt":"2020-04-02T02:35:13","guid":{"rendered":"http:\/\/catalogoeconomiasocial.wp1.mendoza.gov.ar\/?post_type=product&#038;p=34895"},"modified":"2022-10-05T11:11:43","modified_gmt":"2022-10-05T14:11:43","slug":"miel-3","status":"publish","type":"product","link":"https:\/\/www.mendoza.gov.ar\/catalogoeconomiasocial\/producto\/miel-3\/","title":{"rendered":"Miel de Abeja"},"content":{"rendered":"<!DOCTYPE html PUBLIC \"-\/\/W3C\/\/DTD HTML 4.0 Transitional\/\/EN\" \"http:\/\/www.w3.org\/TR\/REC-html40\/loose.dtd\">\n\n","protected":false},"excerpt":{"rendered":"<p style=\"font-weight: 400\">La miel, adem\u00e1s de ser eficaz para tratar heridas de la piel, tos y otras afecciones respiratorias, as\u00ed como de tener efectos calmantes en el cuerpo; la miel de abeja tambi\u00e9n es conocida por sus beneficios en el\u00a0tratamiento de alergias, reducci\u00f3n del colesterol, prevenci\u00f3n de problemas de coraz\u00f3n.<\/p>\r\n<p style=\"font-weight: 400\">Ofrecemos mieles de distintos or\u00edgenes florales (diferentes colores, aromas y sabores), sujeto a condiciones de estacionalidad. Fraccionada en diferentes presentaciones.<\/p>\r\n<p style=\"font-weight: 400\">Una cucharada de miel por d\u00eda aporta salud, energ\u00eda, vitaminas y minerales.<\/p>\r\n<p style=\"font-weight: 400\">Miel envasada en frasco \u201cosito\u201d 380 gr con pico que facilita servirla (antiderrame).<\/p>\r\n<img loading=\"lazy\" width=\"250\" height=\"250\" class=\"alignnone size-medium wp-image-35615\" src=\"http:\/\/mendoza.gov.ar\/catalogoeconomiasocial\/wp-content\/uploads\/sites\/49\/2020\/04\/vidaferia-logo-250x250.jpg\" alt=\"\" srcset=\"https:\/\/www.mendoza.gov.ar\/wp-content\/uploads\/sites\/49\/2020\/04\/vidaferia-logo-250x250.jpg 250w, https:\/\/www.mendoza.gov.ar\/wp-content\/uploads\/sites\/49\/2020\/04\/vidaferia-logo-300x300.jpg 300w, https:\/\/www.mendoza.gov.ar\/wp-content\/uploads\/sites\/49\/2020\/04\/vidaferia-logo-100x100.jpg 100w, https:\/\/www.mendoza.gov.ar\/wp-content\/uploads\/sites\/49\/2020\/04\/vidaferia-logo-600x600.jpg 600w, https:\/\/www.mendoza.gov.ar\/wp-content\/uploads\/sites\/49\/2020\/04\/vidaferia-logo-150x150.jpg 150w, https:\/\/www.mendoza.gov.ar\/wp-content\/uploads\/sites\/49\/2020\/04\/vidaferia-logo-768x768.jpg 768w, https:\/\/www.mendoza.gov.ar\/wp-content\/uploads\/sites\/49\/2020\/04\/vidaferia-logo-700x700.jpg 700w, https:\/\/www.mendoza.gov.ar\/wp-content\/uploads\/sites\/49\/2020\/04\/vidaferia-logo-62x62.jpg 62w, https:\/\/www.mendoza.gov.ar\/wp-content\/uploads\/sites\/49\/2020\/04\/vidaferia-logo-120x120.jpg 120w, https:\/\/www.mendoza.gov.ar\/wp-content\/uploads\/sites\/49\/2020\/04\/vidaferia-logo.jpg 850w\" sizes=\"(max-width: 250px) 100vw, 250px\" \/>","protected":false},"featured_media":34886,"comment_status":"open","ping_status":"closed","template":"","meta":[],"product_cat":[5946,5974,5975,5978],"product_tag":[5058],"_links":{"self":[{"href":"https:\/\/www.mendoza.gov.ar\/catalogoeconomiasocial\/wp-json\/wp\/v2\/product\/34895"}],"collection":[{"href":"https:\/\/www.mendoza.gov.ar\/catalogoeconomiasocial\/wp-json\/wp\/v2\/product"}],"about":[{"href":"https:\/\/www.mendoza.gov.ar\/catalogoeconomiasocial\/wp-json\/wp\/v2\/types\/product"}],"replies":[{"embeddable":true,"href":"https:\/\/www.mendoza.gov.ar\/catalogoeconomiasocial\/wp-json\/wp\/v2\/comments?post=34895"}],"wp:featuredmedia":[{"embeddable":true,"href":"https:\/\/www.mendoza.gov.ar\/catalogoeconomiasocial\/wp-json\/wp\/v2\/media\/34886"}],"wp:attachment":[{"href":"https:\/\/www.mendoza.gov.ar\/catalogoeconomiasocial\/wp-json\/wp\/v2\/media?parent=34895"}],"wp:term":[{"taxonomy":"product_cat","embeddable":true,"href":"https:\/\/www.mendoza.gov.ar\/catalogoeconomiasocial\/wp-json\/wp\/v2\/product_cat?post=34895"},{"taxonomy":"product_tag","embeddable":true,"href":"https:\/\/www.mendoza.gov.ar\/catalogoeconomiasocial\/wp-json\/wp\/v2\/product_tag?post=34895"}],"curies":[{"name":"wp","href":"https:\/\/api.w.org\/{rel}","templated":true}]}}