{"id":34896,"date":"2020-04-01T23:36:13","date_gmt":"2020-04-02T02:36:13","guid":{"rendered":"http:\/\/catalogoeconomiasocial.wp1.mendoza.gov.ar\/?post_type=product&#038;p=34896"},"modified":"2022-09-28T20:13:04","modified_gmt":"2022-09-28T23:13:04","slug":"polen","status":"publish","type":"product","link":"https:\/\/www.mendoza.gov.ar\/catalogoeconomiasocial\/producto\/polen\/","title":{"rendered":"Polen Multifloral"},"content":{"rendered":"<!DOCTYPE html PUBLIC \"-\/\/W3C\/\/DTD HTML 4.0 Transitional\/\/EN\" \"http:\/\/www.w3.org\/TR\/REC-html40\/loose.dtd\">\n\n","protected":false},"excerpt":{"rendered":"<p style=\"font-weight: 400\">El polen es un suplemento alimentario que aporta: energ\u00eda, vitaminas, minerales (entre ellos el zinc) y es un potente antioxidante. Aconsejado para empezar tus d\u00edas con m\u00e1s energ\u00eda.<\/p>\r\n<p style=\"font-weight: 400\">Las abejas lo recolectan de las flores.<\/p>\r\n<p style=\"font-weight: 400\">Lo ideal es consumirlo preferentemente en la ma\u00f1ana o bien alejado de las comidas principales y con abundante l\u00edquido (previamente haberse cerciorado no ser al\u00e9rgico). Presentaci\u00f3n envase.<\/p>\r\n<img loading=\"lazy\" width=\"250\" height=\"250\" class=\"alignnone size-medium wp-image-35615\" src=\"http:\/\/mendoza.gov.ar\/catalogoeconomiasocial\/wp-content\/uploads\/sites\/49\/2020\/04\/vidaferia-logo-250x250.jpg\" alt=\"\" srcset=\"https:\/\/www.mendoza.gov.ar\/wp-content\/uploads\/sites\/49\/2020\/04\/vidaferia-logo-250x250.jpg 250w, https:\/\/www.mendoza.gov.ar\/wp-content\/uploads\/sites\/49\/2020\/04\/vidaferia-logo-300x300.jpg 300w, https:\/\/www.mendoza.gov.ar\/wp-content\/uploads\/sites\/49\/2020\/04\/vidaferia-logo-100x100.jpg 100w, https:\/\/www.mendoza.gov.ar\/wp-content\/uploads\/sites\/49\/2020\/04\/vidaferia-logo-600x600.jpg 600w, https:\/\/www.mendoza.gov.ar\/wp-content\/uploads\/sites\/49\/2020\/04\/vidaferia-logo-150x150.jpg 150w, https:\/\/www.mendoza.gov.ar\/wp-content\/uploads\/sites\/49\/2020\/04\/vidaferia-logo-768x768.jpg 768w, https:\/\/www.mendoza.gov.ar\/wp-content\/uploads\/sites\/49\/2020\/04\/vidaferia-logo-700x700.jpg 700w, https:\/\/www.mendoza.gov.ar\/wp-content\/uploads\/sites\/49\/2020\/04\/vidaferia-logo-62x62.jpg 62w, https:\/\/www.mendoza.gov.ar\/wp-content\/uploads\/sites\/49\/2020\/04\/vidaferia-logo-120x120.jpg 120w, https:\/\/www.mendoza.gov.ar\/wp-content\/uploads\/sites\/49\/2020\/04\/vidaferia-logo.jpg 850w\" sizes=\"(max-width: 250px) 100vw, 250px\" \/>","protected":false},"featured_media":34892,"comment_status":"open","ping_status":"closed","template":"","meta":[],"product_cat":[5946,5962,5971],"product_tag":[5058],"_links":{"self":[{"href":"https:\/\/www.mendoza.gov.ar\/catalogoeconomiasocial\/wp-json\/wp\/v2\/product\/34896"}],"collection":[{"href":"https:\/\/www.mendoza.gov.ar\/catalogoeconomiasocial\/wp-json\/wp\/v2\/product"}],"about":[{"href":"https:\/\/www.mendoza.gov.ar\/catalogoeconomiasocial\/wp-json\/wp\/v2\/types\/product"}],"replies":[{"embeddable":true,"href":"https:\/\/www.mendoza.gov.ar\/catalogoeconomiasocial\/wp-json\/wp\/v2\/comments?post=34896"}],"wp:featuredmedia":[{"embeddable":true,"href":"https:\/\/www.mendoza.gov.ar\/catalogoeconomiasocial\/wp-json\/wp\/v2\/media\/34892"}],"wp:attachment":[{"href":"https:\/\/www.mendoza.gov.ar\/catalogoeconomiasocial\/wp-json\/wp\/v2\/media?parent=34896"}],"wp:term":[{"taxonomy":"product_cat","embeddable":true,"href":"https:\/\/www.mendoza.gov.ar\/catalogoeconomiasocial\/wp-json\/wp\/v2\/product_cat?post=34896"},{"taxonomy":"product_tag","embeddable":true,"href":"https:\/\/www.mendoza.gov.ar\/catalogoeconomiasocial\/wp-json\/wp\/v2\/product_tag?post=34896"}],"curies":[{"name":"wp","href":"https:\/\/api.w.org\/{rel}","templated":true}]}}