{"id":35861,"date":"2020-04-19T14:00:29","date_gmt":"2020-04-19T17:00:29","guid":{"rendered":"http:\/\/catalogoeconomiasocial.wp1.mendoza.gov.ar\/?post_type=product&#038;p=35861"},"modified":"2020-07-13T17:20:22","modified_gmt":"2020-07-13T20:20:22","slug":"tapa-boca-barbijo","status":"publish","type":"product","link":"https:\/\/www.mendoza.gov.ar\/catalogoeconomiasocial\/producto\/tapa-boca-barbijo\/","title":{"rendered":"Tapabocas &#8211; Barbijo M\u00e1scara"},"content":{"rendered":"<!DOCTYPE html PUBLIC \"-\/\/W3C\/\/DTD HTML 4.0 Transitional\/\/EN\" \"http:\/\/www.w3.org\/TR\/REC-html40\/loose.dtd\">\n\n","protected":false},"excerpt":{"rendered":"<div class=\"gmail_attr\" dir=\"ltr\">Contamos con 5 modelos de barbijos (simples con tiras para atar, dobles con el\u00e1stico, m\u00e1scaras con el\u00e1stico, circulares con el\u00e1stico y de peques). Son confeccionados con tela no tejida de 80 micrones. Superan la pruebas de seguridad. Adjuntamos el video para que suban por favor. Son c\u00f3modos, seguros y lavables.<\/div>\r\n<blockquote class=\"gmail_quote\">\r\n<div dir=\"ltr\">\r\n<div><\/div>\r\n<div>Precios:<\/div>\r\n<div><\/div>\r\n<div>Barbijo m\u00e1scara\u00a0$100\u00a0colores varios<\/div>\r\n<div>Barbijo circular\u00a0$100<\/div>\r\n<div>Barbijo doble $80<\/div>\r\n<div>Barbijo simple\u00a0$60<\/div>\r\n<\/div><\/blockquote>","protected":false},"featured_media":37469,"comment_status":"open","ping_status":"closed","template":"","meta":[],"product_cat":[1179],"product_tag":[4144],"_links":{"self":[{"href":"https:\/\/www.mendoza.gov.ar\/catalogoeconomiasocial\/wp-json\/wp\/v2\/product\/35861"}],"collection":[{"href":"https:\/\/www.mendoza.gov.ar\/catalogoeconomiasocial\/wp-json\/wp\/v2\/product"}],"about":[{"href":"https:\/\/www.mendoza.gov.ar\/catalogoeconomiasocial\/wp-json\/wp\/v2\/types\/product"}],"replies":[{"embeddable":true,"href":"https:\/\/www.mendoza.gov.ar\/catalogoeconomiasocial\/wp-json\/wp\/v2\/comments?post=35861"}],"wp:featuredmedia":[{"embeddable":true,"href":"https:\/\/www.mendoza.gov.ar\/catalogoeconomiasocial\/wp-json\/wp\/v2\/media\/37469"}],"wp:attachment":[{"href":"https:\/\/www.mendoza.gov.ar\/catalogoeconomiasocial\/wp-json\/wp\/v2\/media?parent=35861"}],"wp:term":[{"taxonomy":"product_cat","embeddable":true,"href":"https:\/\/www.mendoza.gov.ar\/catalogoeconomiasocial\/wp-json\/wp\/v2\/product_cat?post=35861"},{"taxonomy":"product_tag","embeddable":true,"href":"https:\/\/www.mendoza.gov.ar\/catalogoeconomiasocial\/wp-json\/wp\/v2\/product_tag?post=35861"}],"curies":[{"name":"wp","href":"https:\/\/api.w.org\/{rel}","templated":true}]}}