{"id":36470,"date":"2020-04-28T11:32:14","date_gmt":"2020-04-28T14:32:14","guid":{"rendered":"http:\/\/catalogoeconomiasocial.wp1.mendoza.gov.ar\/?post_type=product&#038;p=36470"},"modified":"2022-09-28T10:00:42","modified_gmt":"2022-09-28T13:00:42","slug":"grappa-gold","status":"publish","type":"product","link":"https:\/\/www.mendoza.gov.ar\/catalogoeconomiasocial\/producto\/grappa-gold\/","title":{"rendered":"Grappa Gold"},"content":{"rendered":"<!DOCTYPE html PUBLIC \"-\/\/W3C\/\/DTD HTML 4.0 Transitional\/\/EN\" \"http:\/\/www.w3.org\/TR\/REC-html40\/loose.dtd\">\n\n","protected":false},"excerpt":{"rendered":"<b>Grappa Gold Musianum:\u00a0<\/b>es una grappa de Torront\u00e9s, Moscatel y Riesling con 1 a\u00f1o de a\u00f1ejamiento en barrica, a\u00f1o 2009, envasada en exclusivas botellas de vidrio soplado. Su presentaci\u00f3n es en estuche de cart\u00f3n individuales. Contenido neto 500 ml.\r\n\r\n<b>Grappa Gold Musianum monodosis:\u00a0<\/b>grappa de Torront\u00e9s, Moscatel y Riesling con 1 a\u00f1o de a\u00f1ejamiento en barrica, a\u00f1o 2009, envasada en exclusivas botellas de vidrio soplado.\u00a0 Su presentaci\u00f3n es en estuche de cart\u00f3n individuales. Contenido neto 50 ml.","protected":false},"featured_media":36466,"comment_status":"open","ping_status":"closed","template":"","meta":[],"product_cat":[5946,6002,6003,6008,6010],"product_tag":[5105],"_links":{"self":[{"href":"https:\/\/www.mendoza.gov.ar\/catalogoeconomiasocial\/wp-json\/wp\/v2\/product\/36470"}],"collection":[{"href":"https:\/\/www.mendoza.gov.ar\/catalogoeconomiasocial\/wp-json\/wp\/v2\/product"}],"about":[{"href":"https:\/\/www.mendoza.gov.ar\/catalogoeconomiasocial\/wp-json\/wp\/v2\/types\/product"}],"replies":[{"embeddable":true,"href":"https:\/\/www.mendoza.gov.ar\/catalogoeconomiasocial\/wp-json\/wp\/v2\/comments?post=36470"}],"wp:featuredmedia":[{"embeddable":true,"href":"https:\/\/www.mendoza.gov.ar\/catalogoeconomiasocial\/wp-json\/wp\/v2\/media\/36466"}],"wp:attachment":[{"href":"https:\/\/www.mendoza.gov.ar\/catalogoeconomiasocial\/wp-json\/wp\/v2\/media?parent=36470"}],"wp:term":[{"taxonomy":"product_cat","embeddable":true,"href":"https:\/\/www.mendoza.gov.ar\/catalogoeconomiasocial\/wp-json\/wp\/v2\/product_cat?post=36470"},{"taxonomy":"product_tag","embeddable":true,"href":"https:\/\/www.mendoza.gov.ar\/catalogoeconomiasocial\/wp-json\/wp\/v2\/product_tag?post=36470"}],"curies":[{"name":"wp","href":"https:\/\/api.w.org\/{rel}","templated":true}]}}