{"id":37160,"date":"2020-05-05T16:51:52","date_gmt":"2020-05-05T19:51:52","guid":{"rendered":"http:\/\/catalogoeconomiasocial.wp1.mendoza.gov.ar\/?post_type=product&#038;p=37160"},"modified":"2022-09-28T20:38:10","modified_gmt":"2022-09-28T23:38:10","slug":"mermeladas-caseras-sin-conservantes","status":"publish","type":"product","link":"https:\/\/www.mendoza.gov.ar\/catalogoeconomiasocial\/producto\/mermeladas-caseras-sin-conservantes\/","title":{"rendered":"Mermeladas Caseras sin Conservantes"},"content":{"rendered":"<!DOCTYPE html PUBLIC \"-\/\/W3C\/\/DTD HTML 4.0 Transitional\/\/EN\" \"http:\/\/www.w3.org\/TR\/REC-html40\/loose.dtd\">\n\n","protected":false},"excerpt":{"rendered":"Mermeladas, dulces y jaleas agroecol\u00f3gicas. Sin agregados qu\u00edmicos para la obteci\u00f3n de un producto natural.\r\n\r\nPara hacerle frente a esta cuarentena de la forma m\u00e1s saludable&#8230;\r\nMermeladas Artesanales,totalmente Naturales sin conservantes ni colorantes, elaboradas con az\u00facar org\u00e1nica y frutas Agroecol\u00f3gicas.\u00a0Materia prima de la mejor calidad, sin agrot\u00f3xicos, regadas con Agua Pura, producto del trabajo libre y consciente de productores que respetan la Vida en todas sus formas.\r\n<span class=\"_5mfr\"><span class=\"_6qdm\">\u2764<\/span><\/span>Date el gusto de disfrutar de sabores genuinos que te hacen bien!\r\n<div class=\"text_exposed_show\">\r\n\r\n<a class=\"_58cn\" href=\"https:\/\/www.facebook.com\/hashtag\/autogesti%C3%B3n?source=feed_text&amp;epa=HASHTAG&amp;__xts__%5B0%5D=68.ARBw0WJDzw1dlDKcRRejh-ejvDfbvNv5-y4Sm9nWeyWKop_0X17F3Ykduq-ECvUkTajSR99FYZvDZNl6Fxh-e4aucO0LiF8Cc69IT2PWMulvBXMKzHUSKJkWwrudm31zaDoYDuUCd_B037t3XYO3xx7VeVvtSnn41A1e6pdh7Q1ooEZz8RRFITBul_XmRK0-3DUvmrZlvmtivJKJcRVkFwXqR3DGQk-tYH4nkNkPhxKZ6ZOWv-Y7YX93VsZElOV7sc898vxbYdSJkxh8fdbTPfU6ukSTCff3Xj4SMG4DqpHxAHEWBLUwtLPtgHF4358g2Pv4QwvBjIbtDN-5CGKpizE&amp;__tn__=%2ANK-R\"><span class=\"_5afx\"><span class=\"_58cl _5afz\">#<\/span><span class=\"_58cm\">Autogesti\u00f3n<\/span><\/span><\/a>\r\n<a class=\"_58cn\" href=\"https:\/\/www.facebook.com\/hashtag\/ecomoniasocial?source=feed_text&amp;epa=HASHTAG&amp;__xts__%5B0%5D=68.ARBw0WJDzw1dlDKcRRejh-ejvDfbvNv5-y4Sm9nWeyWKop_0X17F3Ykduq-ECvUkTajSR99FYZvDZNl6Fxh-e4aucO0LiF8Cc69IT2PWMulvBXMKzHUSKJkWwrudm31zaDoYDuUCd_B037t3XYO3xx7VeVvtSnn41A1e6pdh7Q1ooEZz8RRFITBul_XmRK0-3DUvmrZlvmtivJKJcRVkFwXqR3DGQk-tYH4nkNkPhxKZ6ZOWv-Y7YX93VsZElOV7sc898vxbYdSJkxh8fdbTPfU6ukSTCff3Xj4SMG4DqpHxAHEWBLUwtLPtgHF4358g2Pv4QwvBjIbtDN-5CGKpizE&amp;__tn__=%2ANK-R\"><span class=\"_5afx\"><span class=\"_58cl _5afz\">#<\/span><span class=\"_58cm\">EcomoniaSocial<\/span><\/span><\/a>\r\n<a class=\"_58cn\" href=\"https:\/\/www.facebook.com\/hashtag\/consumoresponsable?source=feed_text&amp;epa=HASHTAG&amp;__xts__%5B0%5D=68.ARBw0WJDzw1dlDKcRRejh-ejvDfbvNv5-y4Sm9nWeyWKop_0X17F3Ykduq-ECvUkTajSR99FYZvDZNl6Fxh-e4aucO0LiF8Cc69IT2PWMulvBXMKzHUSKJkWwrudm31zaDoYDuUCd_B037t3XYO3xx7VeVvtSnn41A1e6pdh7Q1ooEZz8RRFITBul_XmRK0-3DUvmrZlvmtivJKJcRVkFwXqR3DGQk-tYH4nkNkPhxKZ6ZOWv-Y7YX93VsZElOV7sc898vxbYdSJkxh8fdbTPfU6ukSTCff3Xj4SMG4DqpHxAHEWBLUwtLPtgHF4358g2Pv4QwvBjIbtDN-5CGKpizE&amp;__tn__=%2ANK-R\"><span class=\"_5afx\"><span class=\"_58cl _5afz\">#<\/span><span class=\"_58cm\">ConsumoResponsable<\/span><\/span><\/a>\r\n<a class=\"_58cn\" href=\"https:\/\/www.facebook.com\/hashtag\/agroecologia?source=feed_text&amp;epa=HASHTAG&amp;__xts__%5B0%5D=68.ARBw0WJDzw1dlDKcRRejh-ejvDfbvNv5-y4Sm9nWeyWKop_0X17F3Ykduq-ECvUkTajSR99FYZvDZNl6Fxh-e4aucO0LiF8Cc69IT2PWMulvBXMKzHUSKJkWwrudm31zaDoYDuUCd_B037t3XYO3xx7VeVvtSnn41A1e6pdh7Q1ooEZz8RRFITBul_XmRK0-3DUvmrZlvmtivJKJcRVkFwXqR3DGQk-tYH4nkNkPhxKZ6ZOWv-Y7YX93VsZElOV7sc898vxbYdSJkxh8fdbTPfU6ukSTCff3Xj4SMG4DqpHxAHEWBLUwtLPtgHF4358g2Pv4QwvBjIbtDN-5CGKpizE&amp;__tn__=%2ANK-R\"><span class=\"_5afx\"><span class=\"_58cl _5afz\">#<\/span><span class=\"_58cm\">Agroecologia<\/span><\/span><\/a>\r\n\r\n<img loading=\"lazy\" width=\"250\" height=\"250\" class=\"alignnone size-medium wp-image-35615\" src=\"http:\/\/mendoza.gov.ar\/catalogoeconomiasocial\/wp-content\/uploads\/sites\/49\/2020\/04\/vidaferia-logo-250x250.jpg\" alt=\"\" srcset=\"https:\/\/www.mendoza.gov.ar\/wp-content\/uploads\/sites\/49\/2020\/04\/vidaferia-logo-250x250.jpg 250w, https:\/\/www.mendoza.gov.ar\/wp-content\/uploads\/sites\/49\/2020\/04\/vidaferia-logo-300x300.jpg 300w, https:\/\/www.mendoza.gov.ar\/wp-content\/uploads\/sites\/49\/2020\/04\/vidaferia-logo-100x100.jpg 100w, https:\/\/www.mendoza.gov.ar\/wp-content\/uploads\/sites\/49\/2020\/04\/vidaferia-logo-600x600.jpg 600w, https:\/\/www.mendoza.gov.ar\/wp-content\/uploads\/sites\/49\/2020\/04\/vidaferia-logo-150x150.jpg 150w, https:\/\/www.mendoza.gov.ar\/wp-content\/uploads\/sites\/49\/2020\/04\/vidaferia-logo-768x768.jpg 768w, https:\/\/www.mendoza.gov.ar\/wp-content\/uploads\/sites\/49\/2020\/04\/vidaferia-logo-700x700.jpg 700w, https:\/\/www.mendoza.gov.ar\/wp-content\/uploads\/sites\/49\/2020\/04\/vidaferia-logo-62x62.jpg 62w, https:\/\/www.mendoza.gov.ar\/wp-content\/uploads\/sites\/49\/2020\/04\/vidaferia-logo-120x120.jpg 120w, https:\/\/www.mendoza.gov.ar\/wp-content\/uploads\/sites\/49\/2020\/04\/vidaferia-logo.jpg 850w\" sizes=\"(max-width: 250px) 100vw, 250px\" \/>\r\n\r\n<\/div>","protected":false},"featured_media":37164,"comment_status":"open","ping_status":"closed","template":"","meta":[],"product_cat":[5946,5974,5975,5976],"product_tag":[5193],"_links":{"self":[{"href":"https:\/\/www.mendoza.gov.ar\/catalogoeconomiasocial\/wp-json\/wp\/v2\/product\/37160"}],"collection":[{"href":"https:\/\/www.mendoza.gov.ar\/catalogoeconomiasocial\/wp-json\/wp\/v2\/product"}],"about":[{"href":"https:\/\/www.mendoza.gov.ar\/catalogoeconomiasocial\/wp-json\/wp\/v2\/types\/product"}],"replies":[{"embeddable":true,"href":"https:\/\/www.mendoza.gov.ar\/catalogoeconomiasocial\/wp-json\/wp\/v2\/comments?post=37160"}],"wp:featuredmedia":[{"embeddable":true,"href":"https:\/\/www.mendoza.gov.ar\/catalogoeconomiasocial\/wp-json\/wp\/v2\/media\/37164"}],"wp:attachment":[{"href":"https:\/\/www.mendoza.gov.ar\/catalogoeconomiasocial\/wp-json\/wp\/v2\/media?parent=37160"}],"wp:term":[{"taxonomy":"product_cat","embeddable":true,"href":"https:\/\/www.mendoza.gov.ar\/catalogoeconomiasocial\/wp-json\/wp\/v2\/product_cat?post=37160"},{"taxonomy":"product_tag","embeddable":true,"href":"https:\/\/www.mendoza.gov.ar\/catalogoeconomiasocial\/wp-json\/wp\/v2\/product_tag?post=37160"}],"curies":[{"name":"wp","href":"https:\/\/api.w.org\/{rel}","templated":true}]}}