{"id":37185,"date":"2020-05-06T10:39:08","date_gmt":"2020-05-06T13:39:08","guid":{"rendered":"http:\/\/catalogoeconomiasocial.wp1.mendoza.gov.ar\/?post_type=product&#038;p=37185"},"modified":"2023-11-03T09:59:15","modified_gmt":"2023-11-03T12:59:15","slug":"clase-de-guitarra","status":"publish","type":"product","link":"https:\/\/www.mendoza.gov.ar\/catalogoeconomiasocial\/producto\/clase-de-guitarra\/","title":{"rendered":"Clases de Guitarra"},"content":{"rendered":"<!DOCTYPE html PUBLIC \"-\/\/W3C\/\/DTD HTML 4.0 Transitional\/\/EN\" \"http:\/\/www.w3.org\/TR\/REC-html40\/loose.dtd\">\n\n","protected":false},"excerpt":{"rendered":"Clases Virtuales y Presenciales\r\n\r\nClases virtuales de guitarra, bajo y ukelele. Tambi\u00e9n con base en Las Heras, el profesor Daniel Filas propone un sistema de aprendizaje din\u00e1mico e innovador, de modo que en un per\u00edodo corto se tenga un conocimiento amplio de la guitarra espa\u00f1ola, ac\u00fastica y\/o el\u00e9ctrica. Tambi\u00e9n en forma virtual llega a sus alumnos de otros instrumentos como el bajo y el ukelele.\r\n<p style=\"font-weight: 400;\"><em><strong>ETAPAS<\/strong><\/em><\/p>\r\n<p style=\"font-weight: 400;\"><em>El proceso de aprendizaje est\u00e1 dividido en diferentes etapas, que van de menor a mayor grado de complejidad.<\/em><\/p>\r\n<p style=\"font-weight: 400;\"><em>Primera etapa: acordes b\u00e1sicos, ejercicios de digitaci\u00f3n, arpegios simples y piezas de sencilla ejecuci\u00f3n.<\/em><\/p>\r\n<p style=\"font-weight: 400;\"><em>Segunda etapa: escalas menores, mayores, pentat\u00f3nicas, ex\u00f3ticas, disminuidas y otras, ritmos diversos en distintas tonalidades y piezas de mediana dificultad.<\/em><\/p>\r\n<p style=\"font-weight: 400;\"><em>Tercera etapa: formaci\u00f3n de acordes, estudio de intervalos, composici\u00f3n de tonalidades, lectura musical, improvisaci\u00f3n, arreglos, ejercicios combinados y piezas complejas.<\/em><\/p>\r\n<p style=\"font-weight: 400;\"><em>Cuarta etapa: se profundiza en la composici\u00f3n, interpretaci\u00f3n, improvisaci\u00f3n y arreglos, as\u00ed como tambi\u00e9n se intensifica la pr\u00e1ctica en ensambles.<\/em><\/p>","protected":false},"featured_media":37594,"comment_status":"open","ping_status":"closed","template":"","meta":[],"product_cat":[6149,6153],"product_tag":[6940],"_links":{"self":[{"href":"https:\/\/www.mendoza.gov.ar\/catalogoeconomiasocial\/wp-json\/wp\/v2\/product\/37185"}],"collection":[{"href":"https:\/\/www.mendoza.gov.ar\/catalogoeconomiasocial\/wp-json\/wp\/v2\/product"}],"about":[{"href":"https:\/\/www.mendoza.gov.ar\/catalogoeconomiasocial\/wp-json\/wp\/v2\/types\/product"}],"replies":[{"embeddable":true,"href":"https:\/\/www.mendoza.gov.ar\/catalogoeconomiasocial\/wp-json\/wp\/v2\/comments?post=37185"}],"wp:featuredmedia":[{"embeddable":true,"href":"https:\/\/www.mendoza.gov.ar\/catalogoeconomiasocial\/wp-json\/wp\/v2\/media\/37594"}],"wp:attachment":[{"href":"https:\/\/www.mendoza.gov.ar\/catalogoeconomiasocial\/wp-json\/wp\/v2\/media?parent=37185"}],"wp:term":[{"taxonomy":"product_cat","embeddable":true,"href":"https:\/\/www.mendoza.gov.ar\/catalogoeconomiasocial\/wp-json\/wp\/v2\/product_cat?post=37185"},{"taxonomy":"product_tag","embeddable":true,"href":"https:\/\/www.mendoza.gov.ar\/catalogoeconomiasocial\/wp-json\/wp\/v2\/product_tag?post=37185"}],"curies":[{"name":"wp","href":"https:\/\/api.w.org\/{rel}","templated":true}]}}