{"id":37450,"date":"2020-05-07T13:19:09","date_gmt":"2020-05-07T16:19:09","guid":{"rendered":"http:\/\/catalogoeconomiasocial.wp1.mendoza.gov.ar\/?post_type=product&#038;p=37450"},"modified":"2023-06-07T09:33:34","modified_gmt":"2023-06-07T12:33:34","slug":"set-de-bano","status":"publish","type":"product","link":"https:\/\/www.mendoza.gov.ar\/catalogoeconomiasocial\/producto\/set-de-bano\/","title":{"rendered":"Set de Ba\u00f1o"},"content":{"rendered":"<!DOCTYPE html PUBLIC \"-\/\/W3C\/\/DTD HTML 4.0 Transitional\/\/EN\" \"http:\/\/www.w3.org\/TR\/REC-html40\/loose.dtd\">\n\n","protected":false},"excerpt":{"rendered":"<u>Nombre del producto: <\/u><strong><u>Set<\/u><\/strong><strong><u> de ba\u00f1o Pastel.<\/u><\/strong>\r\n\r\nCaracter\u00edsticas: 4 unidades\u00a0 realizadas en totora con broderi de hilo de algod\u00f3n hecho a mano. Tama\u00f1os: Lila: 14 \u00d7 12cm. Rosa: 12 \u00d7 10 cm. Verde agua: 12 \u00d7 9 cm. Coral: 14 \u00d7 6 cm. Precio: Set completo $700.","protected":false},"featured_media":37441,"comment_status":"open","ping_status":"closed","template":"","meta":[],"product_cat":[6046],"product_tag":[6665,6391],"_links":{"self":[{"href":"https:\/\/www.mendoza.gov.ar\/catalogoeconomiasocial\/wp-json\/wp\/v2\/product\/37450"}],"collection":[{"href":"https:\/\/www.mendoza.gov.ar\/catalogoeconomiasocial\/wp-json\/wp\/v2\/product"}],"about":[{"href":"https:\/\/www.mendoza.gov.ar\/catalogoeconomiasocial\/wp-json\/wp\/v2\/types\/product"}],"replies":[{"embeddable":true,"href":"https:\/\/www.mendoza.gov.ar\/catalogoeconomiasocial\/wp-json\/wp\/v2\/comments?post=37450"}],"wp:featuredmedia":[{"embeddable":true,"href":"https:\/\/www.mendoza.gov.ar\/catalogoeconomiasocial\/wp-json\/wp\/v2\/media\/37441"}],"wp:attachment":[{"href":"https:\/\/www.mendoza.gov.ar\/catalogoeconomiasocial\/wp-json\/wp\/v2\/media?parent=37450"}],"wp:term":[{"taxonomy":"product_cat","embeddable":true,"href":"https:\/\/www.mendoza.gov.ar\/catalogoeconomiasocial\/wp-json\/wp\/v2\/product_cat?post=37450"},{"taxonomy":"product_tag","embeddable":true,"href":"https:\/\/www.mendoza.gov.ar\/catalogoeconomiasocial\/wp-json\/wp\/v2\/product_tag?post=37450"}],"curies":[{"name":"wp","href":"https:\/\/api.w.org\/{rel}","templated":true}]}}