{"id":37451,"date":"2020-05-07T13:25:38","date_gmt":"2020-05-07T16:25:38","guid":{"rendered":"http:\/\/catalogoeconomiasocial.wp1.mendoza.gov.ar\/?post_type=product&#038;p=37451"},"modified":"2023-06-07T09:30:59","modified_gmt":"2023-06-07T12:30:59","slug":"posa-vasos","status":"publish","type":"product","link":"https:\/\/www.mendoza.gov.ar\/catalogoeconomiasocial\/producto\/posa-vasos\/","title":{"rendered":"Posa Vasos"},"content":{"rendered":"<!DOCTYPE html PUBLIC \"-\/\/W3C\/\/DTD HTML 4.0 Transitional\/\/EN\" \"http:\/\/www.w3.org\/TR\/REC-html40\/loose.dtd\">\n\n","protected":false},"excerpt":{"rendered":"<u>Nombre del producto: <\/u><strong><u>Portavasos Sand\u00eda.<\/u><\/strong>\r\n\r\nCaracter\u00edsticas: 4 unidades. Realizado en hilo de algod\u00f3n plastificado.\r\nDi\u00e1metro: 10 cm c\/u. Precio: $300.\r\n\r\n<u>Nombre del producto: <\/u><strong><u>Portavasos Girasoles.<\/u><\/strong>\r\n\r\nCaracter\u00edsticas: 6 unidades m\u00e1s bandeja. Realizados en hilo de algod\u00f3n plastificado.\r\nDi\u00e1metro: 12cm c\/u. Bandeja de 14cm. \u00a0Precio: $600.","protected":false},"featured_media":37439,"comment_status":"open","ping_status":"closed","template":"","meta":[],"product_cat":[6046,6053,6525],"product_tag":[5235,6664],"_links":{"self":[{"href":"https:\/\/www.mendoza.gov.ar\/catalogoeconomiasocial\/wp-json\/wp\/v2\/product\/37451"}],"collection":[{"href":"https:\/\/www.mendoza.gov.ar\/catalogoeconomiasocial\/wp-json\/wp\/v2\/product"}],"about":[{"href":"https:\/\/www.mendoza.gov.ar\/catalogoeconomiasocial\/wp-json\/wp\/v2\/types\/product"}],"replies":[{"embeddable":true,"href":"https:\/\/www.mendoza.gov.ar\/catalogoeconomiasocial\/wp-json\/wp\/v2\/comments?post=37451"}],"wp:featuredmedia":[{"embeddable":true,"href":"https:\/\/www.mendoza.gov.ar\/catalogoeconomiasocial\/wp-json\/wp\/v2\/media\/37439"}],"wp:attachment":[{"href":"https:\/\/www.mendoza.gov.ar\/catalogoeconomiasocial\/wp-json\/wp\/v2\/media?parent=37451"}],"wp:term":[{"taxonomy":"product_cat","embeddable":true,"href":"https:\/\/www.mendoza.gov.ar\/catalogoeconomiasocial\/wp-json\/wp\/v2\/product_cat?post=37451"},{"taxonomy":"product_tag","embeddable":true,"href":"https:\/\/www.mendoza.gov.ar\/catalogoeconomiasocial\/wp-json\/wp\/v2\/product_tag?post=37451"}],"curies":[{"name":"wp","href":"https:\/\/api.w.org\/{rel}","templated":true}]}}