{"id":37452,"date":"2020-05-07T13:27:14","date_gmt":"2020-05-07T16:27:14","guid":{"rendered":"http:\/\/catalogoeconomiasocial.wp1.mendoza.gov.ar\/?post_type=product&#038;p=37452"},"modified":"2023-03-17T10:38:17","modified_gmt":"2023-03-17T13:38:17","slug":"colines-para-el-cabello","status":"publish","type":"product","link":"https:\/\/www.mendoza.gov.ar\/catalogoeconomiasocial\/producto\/colines-para-el-cabello\/","title":{"rendered":"Colines para el Cabello"},"content":{"rendered":"<!DOCTYPE html PUBLIC \"-\/\/W3C\/\/DTD HTML 4.0 Transitional\/\/EN\" \"http:\/\/www.w3.org\/TR\/REC-html40\/loose.dtd\">\n\n","protected":false},"excerpt":{"rendered":"<u>Nombre del producto: <\/u><strong><u>Colines Mariposas.<\/u><\/strong>\r\n\r\nCaracter\u00edsticas: 2 Colines por set realizado en hilo de algod\u00f3n y perlas. Tama\u00f1o 6 cm. Precio: $150.\r\n\r\n2 Colines por ser realizados en hilo sedificado con perlas. Tama\u00f1o 6 cm. Precio: $180","protected":false},"featured_media":37434,"comment_status":"open","ping_status":"closed","template":"","meta":[],"product_cat":[5923,6098,6107,6108],"product_tag":[5235],"_links":{"self":[{"href":"https:\/\/www.mendoza.gov.ar\/catalogoeconomiasocial\/wp-json\/wp\/v2\/product\/37452"}],"collection":[{"href":"https:\/\/www.mendoza.gov.ar\/catalogoeconomiasocial\/wp-json\/wp\/v2\/product"}],"about":[{"href":"https:\/\/www.mendoza.gov.ar\/catalogoeconomiasocial\/wp-json\/wp\/v2\/types\/product"}],"replies":[{"embeddable":true,"href":"https:\/\/www.mendoza.gov.ar\/catalogoeconomiasocial\/wp-json\/wp\/v2\/comments?post=37452"}],"wp:featuredmedia":[{"embeddable":true,"href":"https:\/\/www.mendoza.gov.ar\/catalogoeconomiasocial\/wp-json\/wp\/v2\/media\/37434"}],"wp:attachment":[{"href":"https:\/\/www.mendoza.gov.ar\/catalogoeconomiasocial\/wp-json\/wp\/v2\/media?parent=37452"}],"wp:term":[{"taxonomy":"product_cat","embeddable":true,"href":"https:\/\/www.mendoza.gov.ar\/catalogoeconomiasocial\/wp-json\/wp\/v2\/product_cat?post=37452"},{"taxonomy":"product_tag","embeddable":true,"href":"https:\/\/www.mendoza.gov.ar\/catalogoeconomiasocial\/wp-json\/wp\/v2\/product_tag?post=37452"}],"curies":[{"name":"wp","href":"https:\/\/api.w.org\/{rel}","templated":true}]}}