{"id":38621,"date":"2020-05-25T10:33:34","date_gmt":"2020-05-25T13:33:34","guid":{"rendered":"http:\/\/catalogoeconomiasocial.wp1.mendoza.gov.ar\/?post_type=product&#038;p=38621"},"modified":"2023-05-08T12:08:21","modified_gmt":"2023-05-08T15:08:21","slug":"organizadores-de-tela","status":"publish","type":"product","link":"https:\/\/www.mendoza.gov.ar\/catalogoeconomiasocial\/producto\/organizadores-de-tela\/","title":{"rendered":"Cestos organizadores"},"content":{"rendered":"<!DOCTYPE html PUBLIC \"-\/\/W3C\/\/DTD HTML 4.0 Transitional\/\/EN\" \"http:\/\/www.w3.org\/TR\/REC-html40\/loose.dtd\">\n<html><body><p>Hacemos todo tipo de almohadones y fundas a medida, por pedido. Pod&eacute;s ver estos y m&aacute;s de nuestros productos en nuestro cat&aacute;logo disponible por Whatsapp al 2616041743<\/p>\n<\/body><\/html>\n","protected":false},"excerpt":{"rendered":"Duo de cestos organizadores. * Cesto organizador de 20x20x20. Reversible. ** Cesto organizador de 30cn de di\u00e1metro x 50cm de alto. Manijas laterales para f\u00e1cil agarre, cierre ajustable con cord\u00f3n. Hechos con telas de tapiceria de primera calidad, lavables.","protected":false},"featured_media":51008,"comment_status":"open","ping_status":"closed","template":"","meta":[],"product_cat":[6046,6059,6060],"product_tag":[6454,6284],"_links":{"self":[{"href":"https:\/\/www.mendoza.gov.ar\/catalogoeconomiasocial\/wp-json\/wp\/v2\/product\/38621"}],"collection":[{"href":"https:\/\/www.mendoza.gov.ar\/catalogoeconomiasocial\/wp-json\/wp\/v2\/product"}],"about":[{"href":"https:\/\/www.mendoza.gov.ar\/catalogoeconomiasocial\/wp-json\/wp\/v2\/types\/product"}],"replies":[{"embeddable":true,"href":"https:\/\/www.mendoza.gov.ar\/catalogoeconomiasocial\/wp-json\/wp\/v2\/comments?post=38621"}],"wp:featuredmedia":[{"embeddable":true,"href":"https:\/\/www.mendoza.gov.ar\/catalogoeconomiasocial\/wp-json\/wp\/v2\/media\/51008"}],"wp:attachment":[{"href":"https:\/\/www.mendoza.gov.ar\/catalogoeconomiasocial\/wp-json\/wp\/v2\/media?parent=38621"}],"wp:term":[{"taxonomy":"product_cat","embeddable":true,"href":"https:\/\/www.mendoza.gov.ar\/catalogoeconomiasocial\/wp-json\/wp\/v2\/product_cat?post=38621"},{"taxonomy":"product_tag","embeddable":true,"href":"https:\/\/www.mendoza.gov.ar\/catalogoeconomiasocial\/wp-json\/wp\/v2\/product_tag?post=38621"}],"curies":[{"name":"wp","href":"https:\/\/api.w.org\/{rel}","templated":true}]}}