{"id":39127,"date":"2020-06-04T11:36:53","date_gmt":"2020-06-04T14:36:53","guid":{"rendered":"http:\/\/catalogoeconomiasocial.wp1.mendoza.gov.ar\/?post_type=product&#038;p=39127"},"modified":"2022-10-21T11:34:45","modified_gmt":"2022-10-21T14:34:45","slug":"almohadillas-terapeuticas","status":"publish","type":"product","link":"https:\/\/www.mendoza.gov.ar\/catalogoeconomiasocial\/producto\/almohadillas-terapeuticas\/","title":{"rendered":"Almohadillas Terap\u00e9uticas"},"content":{"rendered":"<!DOCTYPE html PUBLIC \"-\/\/W3C\/\/DTD HTML 4.0 Transitional\/\/EN\" \"http:\/\/www.w3.org\/TR\/REC-html40\/loose.dtd\">\n\n","protected":false},"excerpt":{"rendered":"Almohadillas t\u00e9rmicas naturales terap\u00e9uticas.\r\nRellenas de granos y semillas (poroto de soja, mijo, garbanzo, arroz, etc ) y hierbas arom\u00e1ticas como lavandas, manzanilla, eucalipto&#8230;)\r\n\r\nM\u00faltiples usos terap\u00e9uticos. dolores lumbares, musculares y articulares.\r\nSe puede utilizar en fr\u00edo o con calor, vienen en diferentes tama\u00f1os, colores, y simp\u00e1ticos dise\u00f1os.","protected":false},"featured_media":39128,"comment_status":"open","ping_status":"closed","template":"","meta":[],"product_cat":[6143,6144],"product_tag":[5314],"_links":{"self":[{"href":"https:\/\/www.mendoza.gov.ar\/catalogoeconomiasocial\/wp-json\/wp\/v2\/product\/39127"}],"collection":[{"href":"https:\/\/www.mendoza.gov.ar\/catalogoeconomiasocial\/wp-json\/wp\/v2\/product"}],"about":[{"href":"https:\/\/www.mendoza.gov.ar\/catalogoeconomiasocial\/wp-json\/wp\/v2\/types\/product"}],"replies":[{"embeddable":true,"href":"https:\/\/www.mendoza.gov.ar\/catalogoeconomiasocial\/wp-json\/wp\/v2\/comments?post=39127"}],"wp:featuredmedia":[{"embeddable":true,"href":"https:\/\/www.mendoza.gov.ar\/catalogoeconomiasocial\/wp-json\/wp\/v2\/media\/39128"}],"wp:attachment":[{"href":"https:\/\/www.mendoza.gov.ar\/catalogoeconomiasocial\/wp-json\/wp\/v2\/media?parent=39127"}],"wp:term":[{"taxonomy":"product_cat","embeddable":true,"href":"https:\/\/www.mendoza.gov.ar\/catalogoeconomiasocial\/wp-json\/wp\/v2\/product_cat?post=39127"},{"taxonomy":"product_tag","embeddable":true,"href":"https:\/\/www.mendoza.gov.ar\/catalogoeconomiasocial\/wp-json\/wp\/v2\/product_tag?post=39127"}],"curies":[{"name":"wp","href":"https:\/\/api.w.org\/{rel}","templated":true}]}}