{"id":39418,"date":"2020-06-10T16:33:40","date_gmt":"2020-06-10T19:33:40","guid":{"rendered":"http:\/\/catalogoeconomiasocial.wp1.mendoza.gov.ar\/?post_type=product&#038;p=39418"},"modified":"2023-09-29T10:19:10","modified_gmt":"2023-09-29T13:19:10","slug":"champu-solido","status":"publish","type":"product","link":"https:\/\/www.mendoza.gov.ar\/catalogoeconomiasocial\/producto\/champu-solido\/","title":{"rendered":"Shampoo S\u00f3lido"},"content":{"rendered":"<!DOCTYPE html PUBLIC \"-\/\/W3C\/\/DTD HTML 4.0 Transitional\/\/EN\" \"http:\/\/www.w3.org\/TR\/REC-html40\/loose.dtd\">\n\n","protected":false},"excerpt":{"rendered":"El champ\u00fa y solido es una opci\u00f3n natural y ecol\u00f3gica a la hora de lavar el\r\ncabello. Su formato no requiere envase, por lo que es un producto con un\r\nimpacto ambiental favorable al no generar residuos, es biodegradable y\r\n\r\nno contaminante. Adem\u00e1s de que esta formulado por tensioactivos y\r\naceites vegetales, utilizando extractos de plantas beneficiosas para el\r\ncabello, como el aceite de Jojoba, plantas como la lavanda, manzanilla,\r\nortiga, romero, utilizando mantecas y arcillas y aceites esenciales.\r\nTODO TIPO DE CABELLOS\r\nTensioactivo vegetal, aceite de Jojoba, infusi\u00f3n de Lavanda y Manzanilla,\r\naceites esenciales .\r\nCABELLOS GRASOS\r\nTensioactivo vegetal, arcilla verde, infusi\u00f3n de hierbas, tintura madre de\r\nRomero y Ortiga, aceite esencial de Lim\u00f3n.\r\nCABELLOS SECOS\r\nTensioactivo vegetal, Agua, aceite de Ricino, manteca de Karit\u00e9, aceite\r\nesencial de Jazmin.","protected":false},"featured_media":39416,"comment_status":"open","ping_status":"closed","template":"","meta":[],"product_cat":[6762,6143,6144],"product_tag":[5335],"_links":{"self":[{"href":"https:\/\/www.mendoza.gov.ar\/catalogoeconomiasocial\/wp-json\/wp\/v2\/product\/39418"}],"collection":[{"href":"https:\/\/www.mendoza.gov.ar\/catalogoeconomiasocial\/wp-json\/wp\/v2\/product"}],"about":[{"href":"https:\/\/www.mendoza.gov.ar\/catalogoeconomiasocial\/wp-json\/wp\/v2\/types\/product"}],"replies":[{"embeddable":true,"href":"https:\/\/www.mendoza.gov.ar\/catalogoeconomiasocial\/wp-json\/wp\/v2\/comments?post=39418"}],"wp:featuredmedia":[{"embeddable":true,"href":"https:\/\/www.mendoza.gov.ar\/catalogoeconomiasocial\/wp-json\/wp\/v2\/media\/39416"}],"wp:attachment":[{"href":"https:\/\/www.mendoza.gov.ar\/catalogoeconomiasocial\/wp-json\/wp\/v2\/media?parent=39418"}],"wp:term":[{"taxonomy":"product_cat","embeddable":true,"href":"https:\/\/www.mendoza.gov.ar\/catalogoeconomiasocial\/wp-json\/wp\/v2\/product_cat?post=39418"},{"taxonomy":"product_tag","embeddable":true,"href":"https:\/\/www.mendoza.gov.ar\/catalogoeconomiasocial\/wp-json\/wp\/v2\/product_tag?post=39418"}],"curies":[{"name":"wp","href":"https:\/\/api.w.org\/{rel}","templated":true}]}}