{"id":40169,"date":"2020-08-04T16:02:44","date_gmt":"2020-08-04T19:02:44","guid":{"rendered":"http:\/\/catalogoeconomiasocial.wp1.mendoza.gov.ar\/?post_type=product&#038;p=40169"},"modified":"2022-09-28T15:28:38","modified_gmt":"2022-09-28T18:28:38","slug":"comidita-de-tela","status":"publish","type":"product","link":"https:\/\/www.mendoza.gov.ar\/catalogoeconomiasocial\/producto\/comidita-de-tela\/","title":{"rendered":"Comidita de Tela"},"content":{"rendered":"<!DOCTYPE html PUBLIC \"-\/\/W3C\/\/DTD HTML 4.0 Transitional\/\/EN\" \"http:\/\/www.w3.org\/TR\/REC-html40\/loose.dtd\">\n\n","protected":false},"excerpt":{"rendered":"Comidita para jugar confeccionada en tela tipo fieltro. Verduras, Frutas, Hamburguesas, Sushi, etc.\r\n\r\nAntecedentes\r\nTe Keo Musho! es un Emprendimiento Productivo Textil, de origen Mendocino dedicado a la\r\nfabricaci\u00f3n de productos para Bebes y Ni\u00f1os. Accesorios y juguetes did\u00e1cticos denominados\r\ncomo \u201cInclusivos y Educativos\u201d.\r\nNo se encuentra registrado como una persona jur\u00eddica, por lo que no cuenta con raz\u00f3n social.\r\nSe encuentra dentro de marco legal ya que su titular est\u00e1 inscripta en la AFIP con el CUIT: 23-\r\n23062727-4.\r\nLa antig\u00fcedad del Emprendimiento es de casi 7 a\u00f1os. Comenz\u00f3 su actividad en Agosto del A\u00f1o\r\n2013 en Mendoza, lugar de nacimiento de su Titular. El emprendimiento fue abordado como una\r\ngran oportunidad de negocio y es por esta raz\u00f3n que dejo de prestar servicios en el \u00e1mbito\r\nprivado y decido dedicarme exclusivamente al Emprendimiento, no desde la necesidad de el\r\nautoempleo sino con una visi\u00f3n m\u00e1s amplia.\r\nDesde sus inicios mi principal objetivo y visi\u00f3n fue trabajar en el proyecto emprendedor para que\r\neste sea un recurso de oportunidad sostenible y sustentable, sobre todo para mi familia (mis\r\nhijos), desarrollando y dise\u00f1ando juegos y juguetes principalmente para ni\u00f1os de 1 a\u00f1o a 5.\r\nBasando su valor agregado con un prop\u00f3sito: \u201cEDUCAR, INCLUIR Y CONCIENTIZAR MEDIANTE EL\r\nJUEGO\u201d\r\nLos mercados a los que llega actualmente con sus productos es a la Provincia de Mendoza y\r\nalgunas Provincias de la Patagonia Argentina.\r\nActualmente el emprendimiento se encuentra en fase de crecimiento y en busca de m\u00e1s\r\nclientes potenciales.\r\nSu Plan de Producci\u00f3n se basa en funci\u00f3n de la demanda, por lo tanto No Acopia.\r\n\r\nA si mismo Te Keo Musho, procura la sustentabilidad y el cuidado del medio ambiente, ya que\r\nutiliza el 99% de la principal materia prima. (Tela)\r\nCuenta con tres (3) l\u00edneas de Productos:\r\n\uf0d8 Juguetes Educativos para Bebes y Ni\u00f1os de 0 hasta 4 o 5 A\u00f1os\r\nL\u00ednea \u201cJUGUETES EDUCATIVOS e INCLUSIVOS\u201d (Juguetes con Prop\u00f3sito)\r\nComiditas (Apta para cel\u00edacos)-Frutos de la Huerta \u2013\r\nL\u00ednea \u201cMU\u00d1ECAS DE TRAPO\u201d (Juguetes con Prop\u00f3sito)\r\nMu\u00f1ecas de Trapo y Figuras geom\u00e9tricas (cubos y pelotas)\r\n\uf0d8 Accesorios para Bebes y Ni\u00f1os\r\nGorritos, Almohadillas y barbijos\r\n\uf0d8 Accesorios para el Cabello.\r\nEste Emprendimiento se encuentra inscripto en Registro de Unidades de la Econom\u00eda Social de la\r\nProvincia de Mendoza con el registro n\u00b0 0016\r\nEste Emprendimiento ha certificado sus productos, y se encuentra calificado por la Comisi\u00f3n\r\nInterdisciplinaria Evaluadora de Productos de la Econom\u00eda Social-Gobierno de Mendoza,\r\ncalificando con Categor\u00eda \u201cAA\u201d.\r\nTe Keo Musho! a participado activamente desde Agosto de 2013 a la fecha comercializando y\r\npromocionando sus productos dentro de los Canales de Ferias Itinerantes dentro del marco de la\r\nEconom\u00eda Social, as\u00ed como de Ferias de Dise\u00f1o e Independientes en la Provincia de Mendoza\r\n(JUGARTE, Paseo del Memorial, Rivadavia le Canta al Pa\u00eds ,etc). Chubut, Santa Cruz, Buenos Aires,\r\nBah\u00eda Blanca y Rio Negro, participando activamente y continuamente en la Feria Regional del\r\nBols\u00f3n (Rio Negro) desde 2017 a Marzo de 2020.\r\nTel\u00e9fono de Contacto: 2944 &#8211; 511962","protected":false},"featured_media":40170,"comment_status":"open","ping_status":"closed","template":"","meta":[],"product_cat":[1065,6120],"product_tag":[841],"_links":{"self":[{"href":"https:\/\/www.mendoza.gov.ar\/catalogoeconomiasocial\/wp-json\/wp\/v2\/product\/40169"}],"collection":[{"href":"https:\/\/www.mendoza.gov.ar\/catalogoeconomiasocial\/wp-json\/wp\/v2\/product"}],"about":[{"href":"https:\/\/www.mendoza.gov.ar\/catalogoeconomiasocial\/wp-json\/wp\/v2\/types\/product"}],"replies":[{"embeddable":true,"href":"https:\/\/www.mendoza.gov.ar\/catalogoeconomiasocial\/wp-json\/wp\/v2\/comments?post=40169"}],"wp:featuredmedia":[{"embeddable":true,"href":"https:\/\/www.mendoza.gov.ar\/catalogoeconomiasocial\/wp-json\/wp\/v2\/media\/40170"}],"wp:attachment":[{"href":"https:\/\/www.mendoza.gov.ar\/catalogoeconomiasocial\/wp-json\/wp\/v2\/media?parent=40169"}],"wp:term":[{"taxonomy":"product_cat","embeddable":true,"href":"https:\/\/www.mendoza.gov.ar\/catalogoeconomiasocial\/wp-json\/wp\/v2\/product_cat?post=40169"},{"taxonomy":"product_tag","embeddable":true,"href":"https:\/\/www.mendoza.gov.ar\/catalogoeconomiasocial\/wp-json\/wp\/v2\/product_tag?post=40169"}],"curies":[{"name":"wp","href":"https:\/\/api.w.org\/{rel}","templated":true}]}}