{"id":40826,"date":"2020-08-26T23:40:12","date_gmt":"2020-08-27T02:40:12","guid":{"rendered":"http:\/\/catalogoeconomiasocial.wp1.mendoza.gov.ar\/?post_type=product&#038;p=40826"},"modified":"2023-03-17T08:56:49","modified_gmt":"2023-03-17T11:56:49","slug":"colines-para-el-cabello-2","status":"publish","type":"product","link":"https:\/\/www.mendoza.gov.ar\/catalogoeconomiasocial\/producto\/colines-para-el-cabello-2\/","title":{"rendered":"Colines para el Cabello"},"content":{"rendered":"<!DOCTYPE html PUBLIC \"-\/\/W3C\/\/DTD HTML 4.0 Transitional\/\/EN\" \"http:\/\/www.w3.org\/TR\/REC-html40\/loose.dtd\">\n\n","protected":false},"excerpt":{"rendered":"<ul>\r\n \t<li style=\"font-weight: 400\">Colines: colines b\u00e1sicos, con lazo y mo\u00f1o. Dos vueltas en el pelo. Con el\u00e1stico de algod\u00f3n. Telas: seda, razo, encaje, lurex con brillo, terciopelo, algod\u00f3n. Telas y colores a elecci\u00f3n seg\u00fan disponibilidad.<\/li>\r\n<\/ul>","protected":false},"featured_media":40828,"comment_status":"open","ping_status":"closed","template":"","meta":[],"product_cat":[5923,6098,6107,6108],"product_tag":[5405],"_links":{"self":[{"href":"https:\/\/www.mendoza.gov.ar\/catalogoeconomiasocial\/wp-json\/wp\/v2\/product\/40826"}],"collection":[{"href":"https:\/\/www.mendoza.gov.ar\/catalogoeconomiasocial\/wp-json\/wp\/v2\/product"}],"about":[{"href":"https:\/\/www.mendoza.gov.ar\/catalogoeconomiasocial\/wp-json\/wp\/v2\/types\/product"}],"replies":[{"embeddable":true,"href":"https:\/\/www.mendoza.gov.ar\/catalogoeconomiasocial\/wp-json\/wp\/v2\/comments?post=40826"}],"wp:featuredmedia":[{"embeddable":true,"href":"https:\/\/www.mendoza.gov.ar\/catalogoeconomiasocial\/wp-json\/wp\/v2\/media\/40828"}],"wp:attachment":[{"href":"https:\/\/www.mendoza.gov.ar\/catalogoeconomiasocial\/wp-json\/wp\/v2\/media?parent=40826"}],"wp:term":[{"taxonomy":"product_cat","embeddable":true,"href":"https:\/\/www.mendoza.gov.ar\/catalogoeconomiasocial\/wp-json\/wp\/v2\/product_cat?post=40826"},{"taxonomy":"product_tag","embeddable":true,"href":"https:\/\/www.mendoza.gov.ar\/catalogoeconomiasocial\/wp-json\/wp\/v2\/product_tag?post=40826"}],"curies":[{"name":"wp","href":"https:\/\/api.w.org\/{rel}","templated":true}]}}