{"id":40893,"date":"2020-08-28T08:34:00","date_gmt":"2020-08-28T11:34:00","guid":{"rendered":"http:\/\/catalogoeconomiasocial.wp1.mendoza.gov.ar\/?post_type=product&#038;p=40893"},"modified":"2024-10-31T12:26:00","modified_gmt":"2024-10-31T15:26:00","slug":"lamparas-vitreaux","status":"publish","type":"product","link":"https:\/\/www.mendoza.gov.ar\/catalogoeconomiasocial\/producto\/lamparas-vitreaux\/","title":{"rendered":"L\u00e1mparas"},"content":{"rendered":"<!DOCTYPE html PUBLIC \"-\/\/W3C\/\/DTD HTML 4.0 Transitional\/\/EN\" \"http:\/\/www.w3.org\/TR\/REC-html40\/loose.dtd\">\n\n","protected":false},"excerpt":{"rendered":"<span class=\"_5mfr\"><span class=\"_6qdm\">\u2728<\/span><\/span>\u00a0L\u00e1mpara de Vitreaux con t\u00e9cnica Tiffany<span class=\"_5mfr\"><span class=\"_6qdm\">\u2728<\/span><\/span>\r\n\r\nHecha con vidrios antiguos de hermoso esplendor combinado con vidrios de origen norteamericano y de dise\u00f1o EXCLUSIVO.<span class=\"_5mfr\"><span class=\"_6qdm\">?<\/span><\/span>\r\n\r\nC\u00e1lido y balanceado para armonizar ambientes.\r\n<div class=\"text_exposed_show\">\r\n\r\n<span class=\"_5mfr\"><span class=\"_6qdm\">?<\/span><\/span>\u00bfSab\u00e9s en c\u00f3mo naci\u00f3 la T\u00e9cnica Tiffany?\u00a0<span class=\"_5mfr\"><span class=\"_6qdm\">?<\/span><\/span>\r\n\r\nGracias a Louis Comfort Tiffany.<span class=\"_5mfr\"><span class=\"_6qdm\">\u2728<\/span><\/span>\u00a0Era febrero de 1848 su padre le pag\u00f3 el pasaje y todos los gastos para aprender la t\u00e9cnica del vitraux, convirti\u00e9ndose en un exquisito artista del vidrio.\r\n\r\n\u00c9l fabricaba sus propios vidrios. Pero no eran vidrios de un solo color, aqu\u00ed est\u00e1 el secreto de la t\u00e9cnica.\u00a0<span class=\"_5mfr\"><span class=\"_6qdm\">?<\/span><\/span>Los vidrios de Tiffany eran cuadros ellos mismos. Las combinaciones de colores como manchas del impresionismo debian servir para las sombras de los p\u00e9talos de las flores, para la gradaci\u00f3n de luz de un color o la combinaci\u00f3n con sus complementarios. Todo ser\u00eda obra del color manchado de los vidrios.\r\n\r\nCada pantalla de Tiffany es una obra de ingenier\u00eda de la geometr\u00eda y del dise\u00f1o.\u00a0<span class=\"_5mfr\"><span class=\"_6qdm\">?<\/span><\/span><span class=\"_5mfr\"><span class=\"_6qdm\">?<\/span><\/span>Dise\u00f1ar una pantalla como Tiffany es directamente imposible. A pesar de todo el esmero de la competencia, de la calidad y refinamiento, no existi\u00f3 dise\u00f1o que se le pudiera comparar en belleza y calidad art\u00edstica a las de Tiffany.\r\n\r\n<\/div>","protected":false},"featured_media":40916,"comment_status":"open","ping_status":"closed","template":"","meta":[],"product_cat":[6762,6046,6058,6067,6073],"product_tag":[5411,5413,5412],"_links":{"self":[{"href":"https:\/\/www.mendoza.gov.ar\/catalogoeconomiasocial\/wp-json\/wp\/v2\/product\/40893"}],"collection":[{"href":"https:\/\/www.mendoza.gov.ar\/catalogoeconomiasocial\/wp-json\/wp\/v2\/product"}],"about":[{"href":"https:\/\/www.mendoza.gov.ar\/catalogoeconomiasocial\/wp-json\/wp\/v2\/types\/product"}],"replies":[{"embeddable":true,"href":"https:\/\/www.mendoza.gov.ar\/catalogoeconomiasocial\/wp-json\/wp\/v2\/comments?post=40893"}],"wp:featuredmedia":[{"embeddable":true,"href":"https:\/\/www.mendoza.gov.ar\/catalogoeconomiasocial\/wp-json\/wp\/v2\/media\/40916"}],"wp:attachment":[{"href":"https:\/\/www.mendoza.gov.ar\/catalogoeconomiasocial\/wp-json\/wp\/v2\/media?parent=40893"}],"wp:term":[{"taxonomy":"product_cat","embeddable":true,"href":"https:\/\/www.mendoza.gov.ar\/catalogoeconomiasocial\/wp-json\/wp\/v2\/product_cat?post=40893"},{"taxonomy":"product_tag","embeddable":true,"href":"https:\/\/www.mendoza.gov.ar\/catalogoeconomiasocial\/wp-json\/wp\/v2\/product_tag?post=40893"}],"curies":[{"name":"wp","href":"https:\/\/api.w.org\/{rel}","templated":true}]}}