{"id":42724,"date":"2020-10-28T08:45:33","date_gmt":"2020-10-28T11:45:33","guid":{"rendered":"https:\/\/www.mendoza.gov.ar\/catalogoeconomiasocial\/?post_type=product&#038;p=42724"},"modified":"2023-03-17T09:26:55","modified_gmt":"2023-03-17T12:26:55","slug":"pulseras-en-macrame-7","status":"publish","type":"product","link":"https:\/\/www.mendoza.gov.ar\/catalogoeconomiasocial\/producto\/pulseras-en-macrame-7\/","title":{"rendered":"Pulseras en Macram\u00e9"},"content":{"rendered":"<!DOCTYPE html PUBLIC \"-\/\/W3C\/\/DTD HTML 4.0 Transitional\/\/EN\" \"http:\/\/www.w3.org\/TR\/REC-html40\/loose.dtd\">\n\n","protected":false},"excerpt":{"rendered":"Piezas \u00fanicas y originales, con dise\u00f1o, piedras naturales y tejidas en macram\u00e9 con hilo encerado.\r\n\r\nResistentes, duraderas, artesanales y hechas con amor .\r\n<div dir=\"auto\"><span class=\"pq6dq46d tbxw36s4 knj5qynh kvgmc6g5 ditlmg2l oygrvhab nvdbi5me sf5mxxl7 gl3lb2sf hhz5lgdu\"><img loading=\"lazy\" src=\"https:\/\/static.xx.fbcdn.net\/images\/emoji.php\/v9\/t51\/1\/16\/1f9ff.png\" alt=\"\ud83e\uddff\" width=\"16\" height=\"16\" \/><\/span> Amuleto Protector <span class=\"pq6dq46d tbxw36s4 knj5qynh kvgmc6g5 ditlmg2l oygrvhab nvdbi5me sf5mxxl7 gl3lb2sf hhz5lgdu\"><img loading=\"lazy\" src=\"https:\/\/static.xx.fbcdn.net\/images\/emoji.php\/v9\/t51\/1\/16\/1f9ff.png\" alt=\"\ud83e\uddff\" width=\"16\" height=\"16\" \/><\/span><\/div>\r\n<div dir=\"auto\">Distintos modelos de pulseras que adem\u00e1s de bellos y resistentes tienen elementos con propiedades protectoras.<\/div>\r\n<div dir=\"auto\"><span class=\"pq6dq46d tbxw36s4 knj5qynh kvgmc6g5 ditlmg2l oygrvhab nvdbi5me sf5mxxl7 gl3lb2sf hhz5lgdu\"><img loading=\"lazy\" src=\"https:\/\/static.xx.fbcdn.net\/images\/emoji.php\/v9\/t6c\/1\/16\/1f499.png\" alt=\"\ud83d\udc99\" width=\"16\" height=\"16\" \/><\/span>Ojo Turco: pieza de las culturas turca y griega a la que se le atribuye fuerzas protectoras y se utiliza como amuleto contra las energ\u00edas negativas.<\/div>\r\n<div dir=\"auto\"><span class=\"pq6dq46d tbxw36s4 knj5qynh kvgmc6g5 ditlmg2l oygrvhab nvdbi5me sf5mxxl7 gl3lb2sf hhz5lgdu\"><img loading=\"lazy\" src=\"https:\/\/static.xx.fbcdn.net\/images\/emoji.php\/v9\/t6c\/1\/16\/1f499.png\" alt=\"\ud83d\udc99\" width=\"16\" height=\"16\" \/><\/span>Piedra Turquesa: de origen persa, tambi\u00e9n llamada &#8220;piedra turca&#8221; es una piedra protectora usada como amuleto desde tiempos remotos. Posee propiedades sanadoras.<\/div>\r\n<div dir=\"auto\"><span class=\"pq6dq46d tbxw36s4 knj5qynh kvgmc6g5 ditlmg2l oygrvhab nvdbi5me sf5mxxl7 gl3lb2sf hhz5lgdu\"><img loading=\"lazy\" src=\"https:\/\/static.xx.fbcdn.net\/images\/emoji.php\/v9\/t6c\/1\/16\/1f499.png\" alt=\"\ud83d\udc99\" width=\"16\" height=\"16\" \/><\/span>Piedra Lapisl\u00e1zuli: piedra semipreciosa utilizada por los faraones del Antiguo Egipto en sus joyas y amuletos. Gran armonizadora.<\/div>\r\n<div dir=\"auto\"><\/div>\r\n<div dir=\"auto\">\r\n<div dir=\"auto\"><span class=\"pq6dq46d tbxw36s4 knj5qynh kvgmc6g5 ditlmg2l oygrvhab nvdbi5me sf5mxxl7 gl3lb2sf hhz5lgdu\"><img loading=\"lazy\" src=\"https:\/\/static.xx.fbcdn.net\/images\/emoji.php\/v9\/t6c\/1\/16\/2764.png\" alt=\"\u2764\ufe0f\" width=\"16\" height=\"16\" \/><\/span>Pulseras Rojas<span class=\"pq6dq46d tbxw36s4 knj5qynh kvgmc6g5 ditlmg2l oygrvhab nvdbi5me sf5mxxl7 gl3lb2sf hhz5lgdu\"><img loading=\"lazy\" src=\"https:\/\/static.xx.fbcdn.net\/images\/emoji.php\/v9\/t6c\/1\/16\/2764.png\" alt=\"\u2764\ufe0f\" width=\"16\" height=\"16\" \/><\/span><\/div>\r\n<div dir=\"auto\">El rojo es el color asociado con la pasi\u00f3n y la protecci\u00f3n.<\/div>\r\n<div dir=\"auto\">Te ofrecemos distintos modelos s\u00faper lindos de pulseras combinando el tejido de macram\u00e9 con hilo encerado con cuentas de metal, semillas Huayruro y Coral Rojo, s\u00edmbolos de protecci\u00f3n, abundancia y buena suerte.<\/div>\r\n<div dir=\"auto\"><\/div>\r\n<div dir=\"auto\">\r\n<div dir=\"auto\"><span class=\"pq6dq46d tbxw36s4 knj5qynh kvgmc6g5 ditlmg2l oygrvhab nvdbi5me sf5mxxl7 gl3lb2sf hhz5lgdu\"><img loading=\"lazy\" src=\"https:\/\/static.xx.fbcdn.net\/images\/emoji.php\/v9\/tf4\/1\/16\/2728.png\" alt=\"\u2728\" width=\"16\" height=\"16\" \/><\/span>Elevada Energ\u00eda <span class=\"pq6dq46d tbxw36s4 knj5qynh kvgmc6g5 ditlmg2l oygrvhab nvdbi5me sf5mxxl7 gl3lb2sf hhz5lgdu\"><img loading=\"lazy\" src=\"https:\/\/static.xx.fbcdn.net\/images\/emoji.php\/v9\/tf4\/1\/16\/2728.png\" alt=\"\u2728\" width=\"16\" height=\"16\" \/><\/span><\/div>\r\n<div dir=\"auto\">Pulseras de macram\u00e9 con hilo encerado y piedras semipreciosas altamente energ\u00e9ticas:<\/div>\r\n<div dir=\"auto\"><span class=\"pq6dq46d tbxw36s4 knj5qynh kvgmc6g5 ditlmg2l oygrvhab nvdbi5me sf5mxxl7 gl3lb2sf hhz5lgdu\"><img loading=\"lazy\" src=\"https:\/\/static.xx.fbcdn.net\/images\/emoji.php\/v9\/t9\/1\/16\/1f386.png\" alt=\"\ud83c\udf86\" width=\"16\" height=\"16\" \/><\/span>Amatista: Trasmutadora de Energ\u00eda<\/div>\r\n<div dir=\"auto\"><span class=\"pq6dq46d tbxw36s4 knj5qynh kvgmc6g5 ditlmg2l oygrvhab nvdbi5me sf5mxxl7 gl3lb2sf hhz5lgdu\"><img loading=\"lazy\" src=\"https:\/\/static.xx.fbcdn.net\/images\/emoji.php\/v9\/t6a\/1\/16\/1f497.png\" alt=\"\ud83d\udc97\" width=\"16\" height=\"16\" \/><\/span>Cuarzo Rosa: Amor Propio.<\/div>\r\n<div dir=\"auto\"><span class=\"pq6dq46d tbxw36s4 knj5qynh kvgmc6g5 ditlmg2l oygrvhab nvdbi5me sf5mxxl7 gl3lb2sf hhz5lgdu\"><img loading=\"lazy\" src=\"https:\/\/static.xx.fbcdn.net\/images\/emoji.php\/v9\/t2\/1\/16\/1f9a2.png\" alt=\"\ud83e\udda2\" width=\"16\" height=\"16\" \/><\/span>\u00d3nix Blanco: Serenidad<\/div>\r\n<div dir=\"auto\"><span class=\"pq6dq46d tbxw36s4 knj5qynh kvgmc6g5 ditlmg2l oygrvhab nvdbi5me sf5mxxl7 gl3lb2sf hhz5lgdu\"><img loading=\"lazy\" src=\"https:\/\/static.xx.fbcdn.net\/images\/emoji.php\/v9\/t5f\/1\/16\/1f31e.png\" alt=\"\ud83c\udf1e\" width=\"16\" height=\"16\" \/><\/span>\u00c1mbar: Sanaci\u00f3n.<\/div>\r\n<div dir=\"auto\"><span class=\"pq6dq46d tbxw36s4 knj5qynh kvgmc6g5 ditlmg2l oygrvhab nvdbi5me sf5mxxl7 gl3lb2sf hhz5lgdu\"><img loading=\"lazy\" src=\"https:\/\/static.xx.fbcdn.net\/images\/emoji.php\/v9\/t1e\/1\/16\/1f33f.png\" alt=\"\ud83c\udf3f\" width=\"16\" height=\"16\" \/><\/span>Jade: Amor y Equilibrio.<\/div>\r\n<div dir=\"auto\"><span class=\"pq6dq46d tbxw36s4 knj5qynh kvgmc6g5 ditlmg2l oygrvhab nvdbi5me sf5mxxl7 gl3lb2sf hhz5lgdu\"><img loading=\"lazy\" src=\"https:\/\/static.xx.fbcdn.net\/images\/emoji.php\/v9\/tfd\/1\/16\/1f64c.png\" alt=\"\ud83d\ude4c\" width=\"16\" height=\"16\" \/><\/span>Realizadas a mano una a una con mucho amor<span class=\"pq6dq46d tbxw36s4 knj5qynh kvgmc6g5 ditlmg2l oygrvhab nvdbi5me sf5mxxl7 gl3lb2sf hhz5lgdu\"><img loading=\"lazy\" src=\"https:\/\/static.xx.fbcdn.net\/images\/emoji.php\/v9\/tfd\/1\/16\/1f64c.png\" alt=\"\ud83d\ude4c\" width=\"16\" height=\"16\" \/><\/span><\/div>\r\n<div dir=\"auto\">Lavables, Resistentes, y Adaptables a cualquier medida<\/div>\r\n<\/div>\r\n<\/div>","protected":false},"featured_media":42732,"comment_status":"open","ping_status":"closed","template":"","meta":[],"product_cat":[5923,6098,6102],"product_tag":[5463,569,5464],"_links":{"self":[{"href":"https:\/\/www.mendoza.gov.ar\/catalogoeconomiasocial\/wp-json\/wp\/v2\/product\/42724"}],"collection":[{"href":"https:\/\/www.mendoza.gov.ar\/catalogoeconomiasocial\/wp-json\/wp\/v2\/product"}],"about":[{"href":"https:\/\/www.mendoza.gov.ar\/catalogoeconomiasocial\/wp-json\/wp\/v2\/types\/product"}],"replies":[{"embeddable":true,"href":"https:\/\/www.mendoza.gov.ar\/catalogoeconomiasocial\/wp-json\/wp\/v2\/comments?post=42724"}],"wp:featuredmedia":[{"embeddable":true,"href":"https:\/\/www.mendoza.gov.ar\/catalogoeconomiasocial\/wp-json\/wp\/v2\/media\/42732"}],"wp:attachment":[{"href":"https:\/\/www.mendoza.gov.ar\/catalogoeconomiasocial\/wp-json\/wp\/v2\/media?parent=42724"}],"wp:term":[{"taxonomy":"product_cat","embeddable":true,"href":"https:\/\/www.mendoza.gov.ar\/catalogoeconomiasocial\/wp-json\/wp\/v2\/product_cat?post=42724"},{"taxonomy":"product_tag","embeddable":true,"href":"https:\/\/www.mendoza.gov.ar\/catalogoeconomiasocial\/wp-json\/wp\/v2\/product_tag?post=42724"}],"curies":[{"name":"wp","href":"https:\/\/api.w.org\/{rel}","templated":true}]}}