{"id":42811,"date":"2020-10-28T18:12:06","date_gmt":"2020-10-28T21:12:06","guid":{"rendered":"https:\/\/www.mendoza.gov.ar\/catalogoeconomiasocial\/?post_type=product&#038;p=42811"},"modified":"2023-09-27T11:42:00","modified_gmt":"2023-09-27T14:42:00","slug":"chomba-mangas-cortas","status":"publish","type":"product","link":"https:\/\/www.mendoza.gov.ar\/catalogoeconomiasocial\/producto\/chomba-mangas-cortas\/","title":{"rendered":"Chomba Mangas Cortas"},"content":{"rendered":"<!DOCTYPE html PUBLIC \"-\/\/W3C\/\/DTD HTML 4.0 Transitional\/\/EN\" \"http:\/\/www.w3.org\/TR\/REC-html40\/loose.dtd\">\n\n","protected":false},"excerpt":{"rendered":"Indumentaria de Trabajo:\r\n<ul>\r\n \t<li>Chomba de Piqu\u00e9 Peinado Algod\u00f3n 100%. Con Cuello y Pu\u00f1os de Rib Combinaci\u00f3n de Colores<\/li>\r\n \t<li>Remeras Mangas Cortas en Jersey Peinado. Cuello Redondo en Rib<\/li>\r\n<\/ul>","protected":false},"featured_media":42799,"comment_status":"open","ping_status":"closed","template":"","meta":[],"product_cat":[5923,6100,1179],"product_tag":[5462],"_links":{"self":[{"href":"https:\/\/www.mendoza.gov.ar\/catalogoeconomiasocial\/wp-json\/wp\/v2\/product\/42811"}],"collection":[{"href":"https:\/\/www.mendoza.gov.ar\/catalogoeconomiasocial\/wp-json\/wp\/v2\/product"}],"about":[{"href":"https:\/\/www.mendoza.gov.ar\/catalogoeconomiasocial\/wp-json\/wp\/v2\/types\/product"}],"replies":[{"embeddable":true,"href":"https:\/\/www.mendoza.gov.ar\/catalogoeconomiasocial\/wp-json\/wp\/v2\/comments?post=42811"}],"wp:featuredmedia":[{"embeddable":true,"href":"https:\/\/www.mendoza.gov.ar\/catalogoeconomiasocial\/wp-json\/wp\/v2\/media\/42799"}],"wp:attachment":[{"href":"https:\/\/www.mendoza.gov.ar\/catalogoeconomiasocial\/wp-json\/wp\/v2\/media?parent=42811"}],"wp:term":[{"taxonomy":"product_cat","embeddable":true,"href":"https:\/\/www.mendoza.gov.ar\/catalogoeconomiasocial\/wp-json\/wp\/v2\/product_cat?post=42811"},{"taxonomy":"product_tag","embeddable":true,"href":"https:\/\/www.mendoza.gov.ar\/catalogoeconomiasocial\/wp-json\/wp\/v2\/product_tag?post=42811"}],"curies":[{"name":"wp","href":"https:\/\/api.w.org\/{rel}","templated":true}]}}