{"id":43940,"date":"2021-01-21T16:19:25","date_gmt":"2021-01-21T19:19:25","guid":{"rendered":"https:\/\/www.mendoza.gov.ar\/catalogoeconomiasocial\/?post_type=product&#038;p=43940"},"modified":"2022-09-28T15:15:59","modified_gmt":"2022-09-28T18:15:59","slug":"cubo-pickler","status":"publish","type":"product","link":"https:\/\/www.mendoza.gov.ar\/catalogoeconomiasocial\/producto\/cubo-pickler\/","title":{"rendered":"Cubo Pickler"},"content":{"rendered":"<!DOCTYPE html PUBLIC \"-\/\/W3C\/\/DTD HTML 4.0 Transitional\/\/EN\" \"http:\/\/www.w3.org\/TR\/REC-html40\/loose.dtd\">\n\n","protected":false},"excerpt":{"rendered":"<div dir=\"auto\">CUBO: realizado con MDF de 18mm de 45x45x45 y palos de 4cm x 45 de anchio con bordes redondeados, pintados con pintura\u00a0 y protejido\u00a0 con laca\u00a0 NO t\u00f3xicas.<\/div>\r\n<div dir=\"auto\"><\/div>\r\n<div dir=\"auto\">Descripci\u00f3n. El\u00a0<b>cubo Pikler<\/b>\u00a0est\u00e1 pensado\u00a0<b>para<\/b>\u00a0ni\u00f1os y ni\u00f1as que han iniciado el gateo y tienen curiosidad por la exploraci\u00f3n del entorno.\u00a0<b>De<\/b>\u00a0esta manera, pueden aprovechar todas las posibilidades que ofrece este mueble\u00a0<b>para<\/b>\u00a0un desarrollo psicomotor aut\u00f3nomo, natural y divertido.<\/div>","protected":false},"featured_media":43942,"comment_status":"open","ping_status":"closed","template":"","meta":[],"product_cat":[1065,6122,6121],"product_tag":[2106,5492],"_links":{"self":[{"href":"https:\/\/www.mendoza.gov.ar\/catalogoeconomiasocial\/wp-json\/wp\/v2\/product\/43940"}],"collection":[{"href":"https:\/\/www.mendoza.gov.ar\/catalogoeconomiasocial\/wp-json\/wp\/v2\/product"}],"about":[{"href":"https:\/\/www.mendoza.gov.ar\/catalogoeconomiasocial\/wp-json\/wp\/v2\/types\/product"}],"replies":[{"embeddable":true,"href":"https:\/\/www.mendoza.gov.ar\/catalogoeconomiasocial\/wp-json\/wp\/v2\/comments?post=43940"}],"wp:featuredmedia":[{"embeddable":true,"href":"https:\/\/www.mendoza.gov.ar\/catalogoeconomiasocial\/wp-json\/wp\/v2\/media\/43942"}],"wp:attachment":[{"href":"https:\/\/www.mendoza.gov.ar\/catalogoeconomiasocial\/wp-json\/wp\/v2\/media?parent=43940"}],"wp:term":[{"taxonomy":"product_cat","embeddable":true,"href":"https:\/\/www.mendoza.gov.ar\/catalogoeconomiasocial\/wp-json\/wp\/v2\/product_cat?post=43940"},{"taxonomy":"product_tag","embeddable":true,"href":"https:\/\/www.mendoza.gov.ar\/catalogoeconomiasocial\/wp-json\/wp\/v2\/product_tag?post=43940"}],"curies":[{"name":"wp","href":"https:\/\/api.w.org\/{rel}","templated":true}]}}