{"id":43943,"date":"2021-01-21T16:25:21","date_gmt":"2021-01-21T19:25:21","guid":{"rendered":"https:\/\/www.mendoza.gov.ar\/catalogoeconomiasocial\/?post_type=product&#038;p=43943"},"modified":"2022-09-28T15:15:46","modified_gmt":"2022-09-28T18:15:46","slug":"rampa-reversible","status":"publish","type":"product","link":"https:\/\/www.mendoza.gov.ar\/catalogoeconomiasocial\/producto\/rampa-reversible\/","title":{"rendered":"Rampa Reversible"},"content":{"rendered":"<!DOCTYPE html PUBLIC \"-\/\/W3C\/\/DTD HTML 4.0 Transitional\/\/EN\" \"http:\/\/www.w3.org\/TR\/REC-html40\/loose.dtd\">\n\n","protected":false},"excerpt":{"rendered":"<div dir=\"auto\">RAMPA: realizado con MDF de 18 cm ,1,20 cm x 36 cm<\/div>\r\n<div dir=\"auto\">Esta\u00a0<b>rampa<\/b>\u00a0reversible est\u00e1 dise\u00f1ada\u00a0<b>para<\/b>\u00a0fomentar la libertad\u00a0<b>de<\/b>\u00a0movimiento y autonom\u00eda\u00a0<b>de<\/b>\u00a0los peque\u00f1os, que al afrontar obst\u00e1culos fortalecen sus m\u00fasculos y aprenden a coordinar y calcular el espacio, ganando en fuerza, equilibrio, agilidad y seguridad.<\/div>\r\n<div dir=\"auto\"><\/div>\r\n<div dir=\"auto\">\r\n<div lang=\"es-419\">\r\n<div>\r\n<div dir=\"auto\">\r\n<div>\r\n<div>\r\n<div lang=\"es-419\">\r\n<div dir=\"auto\">Esta\u00a0<b>rampa<\/b>\u00a0reversible est\u00e1 dise\u00f1ada\u00a0<b>para<\/b>\u00a0fomentar la libertad\u00a0<b>de<\/b>\u00a0movimiento y autonom\u00eda\u00a0<b>de<\/b> los peque\u00f1os, que al afrontar obst\u00e1culos fortalecen sus m\u00fasculos y aprenden a coordinar y calcular el espacio, ganando en fuerza, equilibrio, agilidad y seguridad.<\/div>\r\n<\/div>\r\n<\/div>\r\n<\/div>\r\n<\/div>\r\n<\/div>\r\n<\/div>\r\n<\/div>","protected":false},"featured_media":43946,"comment_status":"open","ping_status":"closed","template":"","meta":[],"product_cat":[1065,6122,6121],"product_tag":[5492],"_links":{"self":[{"href":"https:\/\/www.mendoza.gov.ar\/catalogoeconomiasocial\/wp-json\/wp\/v2\/product\/43943"}],"collection":[{"href":"https:\/\/www.mendoza.gov.ar\/catalogoeconomiasocial\/wp-json\/wp\/v2\/product"}],"about":[{"href":"https:\/\/www.mendoza.gov.ar\/catalogoeconomiasocial\/wp-json\/wp\/v2\/types\/product"}],"replies":[{"embeddable":true,"href":"https:\/\/www.mendoza.gov.ar\/catalogoeconomiasocial\/wp-json\/wp\/v2\/comments?post=43943"}],"wp:featuredmedia":[{"embeddable":true,"href":"https:\/\/www.mendoza.gov.ar\/catalogoeconomiasocial\/wp-json\/wp\/v2\/media\/43946"}],"wp:attachment":[{"href":"https:\/\/www.mendoza.gov.ar\/catalogoeconomiasocial\/wp-json\/wp\/v2\/media?parent=43943"}],"wp:term":[{"taxonomy":"product_cat","embeddable":true,"href":"https:\/\/www.mendoza.gov.ar\/catalogoeconomiasocial\/wp-json\/wp\/v2\/product_cat?post=43943"},{"taxonomy":"product_tag","embeddable":true,"href":"https:\/\/www.mendoza.gov.ar\/catalogoeconomiasocial\/wp-json\/wp\/v2\/product_tag?post=43943"}],"curies":[{"name":"wp","href":"https:\/\/api.w.org\/{rel}","templated":true}]}}