{"id":4399,"date":"2018-04-23T09:55:37","date_gmt":"2018-04-23T12:55:37","guid":{"rendered":"http:\/\/catalogoeconomiasocial.wp1.mendoza.gov.ar\/?post_type=product&#038;p=4399"},"modified":"2024-06-26T08:37:41","modified_gmt":"2024-06-26T11:37:41","slug":"servicio-para-eventos-dolce-civetta","status":"publish","type":"product","link":"https:\/\/www.mendoza.gov.ar\/catalogoeconomiasocial\/producto\/servicio-para-eventos-dolce-civetta\/","title":{"rendered":"Servicio de Organizaci\u00f3n de Eventos y Entretenimiento Infantil"},"content":{"rendered":"<!DOCTYPE html PUBLIC \"-\/\/W3C\/\/DTD HTML 4.0 Transitional\/\/EN\" \"http:\/\/www.w3.org\/TR\/REC-html40\/loose.dtd\">\n\n","protected":false},"excerpt":{"rendered":"<em>Somos una empresa familiar dedicada a la organizaci\u00f3n de eventos y entretenimiento infantil. Nuestro emprendimiento surgi\u00f3 de la necesidad de acercar a los m\u00e1s peque\u00f1os, juegos y actividades que los diviertan de modo diferente. Contamos con atriles, photobooth, carpas para pijamadas, juegos y dem\u00e1s materiales para todo tipo de actividades en cualquier \u00e1mbito.\u00a0Tambi\u00e9n realizamos souvenirs, centros de mesa, mesas dulces, cumples tem\u00e1ticos, teen\u00b4s party, catering de t\u00e9 y detalles creativos.<\/em>","protected":false},"featured_media":25205,"comment_status":"open","ping_status":"closed","template":"","meta":[],"product_cat":[6149,6152],"product_tag":[267,1568,1381,2035,2415,2417,2037,2414,2416,2036,1171],"_links":{"self":[{"href":"https:\/\/www.mendoza.gov.ar\/catalogoeconomiasocial\/wp-json\/wp\/v2\/product\/4399"}],"collection":[{"href":"https:\/\/www.mendoza.gov.ar\/catalogoeconomiasocial\/wp-json\/wp\/v2\/product"}],"about":[{"href":"https:\/\/www.mendoza.gov.ar\/catalogoeconomiasocial\/wp-json\/wp\/v2\/types\/product"}],"replies":[{"embeddable":true,"href":"https:\/\/www.mendoza.gov.ar\/catalogoeconomiasocial\/wp-json\/wp\/v2\/comments?post=4399"}],"wp:featuredmedia":[{"embeddable":true,"href":"https:\/\/www.mendoza.gov.ar\/catalogoeconomiasocial\/wp-json\/wp\/v2\/media\/25205"}],"wp:attachment":[{"href":"https:\/\/www.mendoza.gov.ar\/catalogoeconomiasocial\/wp-json\/wp\/v2\/media?parent=4399"}],"wp:term":[{"taxonomy":"product_cat","embeddable":true,"href":"https:\/\/www.mendoza.gov.ar\/catalogoeconomiasocial\/wp-json\/wp\/v2\/product_cat?post=4399"},{"taxonomy":"product_tag","embeddable":true,"href":"https:\/\/www.mendoza.gov.ar\/catalogoeconomiasocial\/wp-json\/wp\/v2\/product_tag?post=4399"}],"curies":[{"name":"wp","href":"https:\/\/api.w.org\/{rel}","templated":true}]}}