{"id":44007,"date":"2021-02-02T08:43:40","date_gmt":"2021-02-02T11:43:40","guid":{"rendered":"https:\/\/www.mendoza.gov.ar\/catalogoeconomiasocial\/?post_type=product&#038;p=44007"},"modified":"2022-09-28T15:15:36","modified_gmt":"2022-09-28T18:15:36","slug":"balancin-puente-montessori","status":"publish","type":"product","link":"https:\/\/www.mendoza.gov.ar\/catalogoeconomiasocial\/producto\/balancin-puente-montessori\/","title":{"rendered":"Balanc\u00edn Puente Montessori"},"content":{"rendered":"<!DOCTYPE html PUBLIC \"-\/\/W3C\/\/DTD HTML 4.0 Transitional\/\/EN\" \"http:\/\/www.w3.org\/TR\/REC-html40\/loose.dtd\">\n\n","protected":false},"excerpt":{"rendered":"<ul>\r\n \t<li>Su formato y colores estimulan los sentidos;<\/li>\r\n \t<li>Est\u00edmulo al movimiento;<\/li>\r\n \t<li>Despierta a la imaginaci\u00f3n;<\/li>\r\n \t<li>Fortalece los m\u00fasculos;<\/li>\r\n \t<li>Promueve el desarrollo del equilibrio;<\/li>\r\n \t<li>El balanc\u00edn waldorf motiva a la creatividad. (Podr\u00e1 ser un puente, una casa, una cuna, un mostrador, etc)<\/li>\r\n \t<li>El balanceo del balanc\u00edn es\u00a0<strong>especialmente recomendable para ni\u00f1os con hipoton\u00eda o hipertrofia muscular<\/strong>, que suelen evidenciar tensi\u00f3n y poca movilidad;<\/li>\r\n \t<li>Para los ni\u00f1os con\u00a0<strong>discapacidades motoras<\/strong>, los juegos de balanceo favorecen a la educaci\u00f3n motriz o muscular: coordinaci\u00f3n, equilibrio, lateralidad trabajadas de manera secuenciada a trav\u00e9s de la motricidad gruesa.<\/li>\r\n<\/ul>","protected":false},"featured_media":44008,"comment_status":"open","ping_status":"closed","template":"","meta":[],"product_cat":[1065,6122,6121],"product_tag":[5492],"_links":{"self":[{"href":"https:\/\/www.mendoza.gov.ar\/catalogoeconomiasocial\/wp-json\/wp\/v2\/product\/44007"}],"collection":[{"href":"https:\/\/www.mendoza.gov.ar\/catalogoeconomiasocial\/wp-json\/wp\/v2\/product"}],"about":[{"href":"https:\/\/www.mendoza.gov.ar\/catalogoeconomiasocial\/wp-json\/wp\/v2\/types\/product"}],"replies":[{"embeddable":true,"href":"https:\/\/www.mendoza.gov.ar\/catalogoeconomiasocial\/wp-json\/wp\/v2\/comments?post=44007"}],"wp:featuredmedia":[{"embeddable":true,"href":"https:\/\/www.mendoza.gov.ar\/catalogoeconomiasocial\/wp-json\/wp\/v2\/media\/44008"}],"wp:attachment":[{"href":"https:\/\/www.mendoza.gov.ar\/catalogoeconomiasocial\/wp-json\/wp\/v2\/media?parent=44007"}],"wp:term":[{"taxonomy":"product_cat","embeddable":true,"href":"https:\/\/www.mendoza.gov.ar\/catalogoeconomiasocial\/wp-json\/wp\/v2\/product_cat?post=44007"},{"taxonomy":"product_tag","embeddable":true,"href":"https:\/\/www.mendoza.gov.ar\/catalogoeconomiasocial\/wp-json\/wp\/v2\/product_tag?post=44007"}],"curies":[{"name":"wp","href":"https:\/\/api.w.org\/{rel}","templated":true}]}}