{"id":44193,"date":"2021-02-22T11:28:57","date_gmt":"2021-02-22T14:28:57","guid":{"rendered":"https:\/\/www.mendoza.gov.ar\/catalogoeconomiasocial\/?post_type=product&#038;p=44193"},"modified":"2023-05-30T11:57:47","modified_gmt":"2023-05-30T14:57:47","slug":"saquito-de-te","status":"publish","type":"product","link":"https:\/\/www.mendoza.gov.ar\/catalogoeconomiasocial\/producto\/saquito-de-te\/","title":{"rendered":"Infusores de T\u00e9 Sustentable"},"content":{"rendered":"<!DOCTYPE html PUBLIC \"-\/\/W3C\/\/DTD HTML 4.0 Transitional\/\/EN\" \"http:\/\/www.w3.org\/TR\/REC-html40\/loose.dtd\">\n\n","protected":false},"excerpt":{"rendered":"Cada variedad tiene su impronta especial y aporta valor y bienestar a nuestro cuerpo, teniendo la posibilidad de elegir el que sea de mayor agrado.\r\nEl t\u00e9 verde con jengibre, menta y lim\u00f3n ayuda a regular el peso corporal, es antioxidante y refuerza el sistema inmune.\r\nLa nueva variedad de t\u00e9 verde con flores de manzanilla contribuye a la buena digesti\u00f3n y reduce el estr\u00e9s.\r\nEl t\u00e9 rojo con pimienta, cacao y piel de c\u00edtricos tiene un sabor m\u00e1s intenso y favorece a la digesti\u00f3n.\r\nY nuestra versi\u00f3n de t\u00e9 chai imperdible que se puede disfrutar tanto caliente como fr\u00edo.","protected":false},"featured_media":44195,"comment_status":"open","ping_status":"closed","template":"","meta":[],"product_cat":[5946,5966,5967],"product_tag":[6582,5612,1485],"_links":{"self":[{"href":"https:\/\/www.mendoza.gov.ar\/catalogoeconomiasocial\/wp-json\/wp\/v2\/product\/44193"}],"collection":[{"href":"https:\/\/www.mendoza.gov.ar\/catalogoeconomiasocial\/wp-json\/wp\/v2\/product"}],"about":[{"href":"https:\/\/www.mendoza.gov.ar\/catalogoeconomiasocial\/wp-json\/wp\/v2\/types\/product"}],"replies":[{"embeddable":true,"href":"https:\/\/www.mendoza.gov.ar\/catalogoeconomiasocial\/wp-json\/wp\/v2\/comments?post=44193"}],"wp:featuredmedia":[{"embeddable":true,"href":"https:\/\/www.mendoza.gov.ar\/catalogoeconomiasocial\/wp-json\/wp\/v2\/media\/44195"}],"wp:attachment":[{"href":"https:\/\/www.mendoza.gov.ar\/catalogoeconomiasocial\/wp-json\/wp\/v2\/media?parent=44193"}],"wp:term":[{"taxonomy":"product_cat","embeddable":true,"href":"https:\/\/www.mendoza.gov.ar\/catalogoeconomiasocial\/wp-json\/wp\/v2\/product_cat?post=44193"},{"taxonomy":"product_tag","embeddable":true,"href":"https:\/\/www.mendoza.gov.ar\/catalogoeconomiasocial\/wp-json\/wp\/v2\/product_tag?post=44193"}],"curies":[{"name":"wp","href":"https:\/\/api.w.org\/{rel}","templated":true}]}}