{"id":44827,"date":"2021-04-13T16:32:35","date_gmt":"2021-04-13T19:32:35","guid":{"rendered":"https:\/\/www.mendoza.gov.ar\/catalogoeconomiasocial\/?post_type=product&#038;p=44827"},"modified":"2021-05-19T11:20:01","modified_gmt":"2021-05-19T14:20:01","slug":"gorro-de-descanso","status":"publish","type":"product","link":"https:\/\/www.mendoza.gov.ar\/catalogoeconomiasocial\/producto\/gorro-de-descanso\/","title":{"rendered":"Turbantes y Gorros"},"content":{"rendered":"<!DOCTYPE html PUBLIC \"-\/\/W3C\/\/DTD HTML 4.0 Transitional\/\/EN\" \"http:\/\/www.w3.org\/TR\/REC-html40\/loose.dtd\">\n\n","protected":false},"excerpt":{"rendered":"<div dir=\"auto\">\r\n<div dir=\"auto\">Turbantes y Gorros:<\/div>\r\n<div dir=\"auto\">Creados para un mayor confort, tanto para salir como para estar en casa.<\/div>\r\n<div dir=\"auto\">Jugamos con diferentes colores, modelos y texturas seg\u00fan la temporada.<\/div>\r\n<div dir=\"auto\">Son f\u00e1ciles de colorar, brindando volumen para que te sientas m\u00e1s c\u00f3moda.<\/div>\r\n<\/div>\r\n<div dir=\"auto\"><\/div>\r\n<div dir=\"auto\"><\/div>","protected":false},"featured_media":46863,"comment_status":"open","ping_status":"closed","template":"","meta":[],"product_cat":[1179],"product_tag":[5543],"_links":{"self":[{"href":"https:\/\/www.mendoza.gov.ar\/catalogoeconomiasocial\/wp-json\/wp\/v2\/product\/44827"}],"collection":[{"href":"https:\/\/www.mendoza.gov.ar\/catalogoeconomiasocial\/wp-json\/wp\/v2\/product"}],"about":[{"href":"https:\/\/www.mendoza.gov.ar\/catalogoeconomiasocial\/wp-json\/wp\/v2\/types\/product"}],"replies":[{"embeddable":true,"href":"https:\/\/www.mendoza.gov.ar\/catalogoeconomiasocial\/wp-json\/wp\/v2\/comments?post=44827"}],"wp:featuredmedia":[{"embeddable":true,"href":"https:\/\/www.mendoza.gov.ar\/catalogoeconomiasocial\/wp-json\/wp\/v2\/media\/46863"}],"wp:attachment":[{"href":"https:\/\/www.mendoza.gov.ar\/catalogoeconomiasocial\/wp-json\/wp\/v2\/media?parent=44827"}],"wp:term":[{"taxonomy":"product_cat","embeddable":true,"href":"https:\/\/www.mendoza.gov.ar\/catalogoeconomiasocial\/wp-json\/wp\/v2\/product_cat?post=44827"},{"taxonomy":"product_tag","embeddable":true,"href":"https:\/\/www.mendoza.gov.ar\/catalogoeconomiasocial\/wp-json\/wp\/v2\/product_tag?post=44827"}],"curies":[{"name":"wp","href":"https:\/\/api.w.org\/{rel}","templated":true}]}}