{"id":45252,"date":"2021-04-22T11:38:04","date_gmt":"2021-04-22T14:38:04","guid":{"rendered":"https:\/\/www.mendoza.gov.ar\/catalogoeconomiasocial\/?post_type=product&#038;p=45252"},"modified":"2021-04-22T11:38:05","modified_gmt":"2021-04-22T14:38:05","slug":"tabaquera","status":"publish","type":"product","link":"https:\/\/www.mendoza.gov.ar\/catalogoeconomiasocial\/producto\/tabaquera\/","title":{"rendered":"Tabaquera"},"content":{"rendered":"<!DOCTYPE html PUBLIC \"-\/\/W3C\/\/DTD HTML 4.0 Transitional\/\/EN\" \"http:\/\/www.w3.org\/TR\/REC-html40\/loose.dtd\">\n\n","protected":false},"excerpt":{"rendered":"TABAQUERA en stock \ud83e\udd73\r\n\u2022 Reci\u00e9n salida del taller \u2022\r\n\r\nConfeccionada en gabardina (tela bord\u00f3, era un pantal\u00f3n que lo transforme en bermuda y reutilice el retazo), lienzo de algod\u00f3n intervenido con parches de gatite e higo\u2665\u2665\u00a0 y lona estampada por fuera. \ud83d\ude4c\ud83c\udffc\r\n\r\nS\u00faper reforzada y apta para lavarropas.\r\n\r\n\ud83c\udf3f Obvio que podes guardar lo que quieras, no solo tabaco. Maquillaje, hilos y agujas, la copita, toallitas y protectores diarios de tela o descartables, tarjeta sube y dinero.. lo que se te ocurra !","protected":false},"featured_media":45242,"comment_status":"open","ping_status":"closed","template":"","meta":[],"product_cat":[1179],"product_tag":[5580],"_links":{"self":[{"href":"https:\/\/www.mendoza.gov.ar\/catalogoeconomiasocial\/wp-json\/wp\/v2\/product\/45252"}],"collection":[{"href":"https:\/\/www.mendoza.gov.ar\/catalogoeconomiasocial\/wp-json\/wp\/v2\/product"}],"about":[{"href":"https:\/\/www.mendoza.gov.ar\/catalogoeconomiasocial\/wp-json\/wp\/v2\/types\/product"}],"replies":[{"embeddable":true,"href":"https:\/\/www.mendoza.gov.ar\/catalogoeconomiasocial\/wp-json\/wp\/v2\/comments?post=45252"}],"wp:featuredmedia":[{"embeddable":true,"href":"https:\/\/www.mendoza.gov.ar\/catalogoeconomiasocial\/wp-json\/wp\/v2\/media\/45242"}],"wp:attachment":[{"href":"https:\/\/www.mendoza.gov.ar\/catalogoeconomiasocial\/wp-json\/wp\/v2\/media?parent=45252"}],"wp:term":[{"taxonomy":"product_cat","embeddable":true,"href":"https:\/\/www.mendoza.gov.ar\/catalogoeconomiasocial\/wp-json\/wp\/v2\/product_cat?post=45252"},{"taxonomy":"product_tag","embeddable":true,"href":"https:\/\/www.mendoza.gov.ar\/catalogoeconomiasocial\/wp-json\/wp\/v2\/product_tag?post=45252"}],"curies":[{"name":"wp","href":"https:\/\/api.w.org\/{rel}","templated":true}]}}