{"id":46363,"date":"2021-05-05T17:05:16","date_gmt":"2021-05-05T20:05:16","guid":{"rendered":"https:\/\/www.mendoza.gov.ar\/catalogoeconomiasocial\/?post_type=product&#038;p=46363"},"modified":"2024-10-31T12:22:53","modified_gmt":"2024-10-31T15:22:53","slug":"fundas-de-almohadones-en-macrame","status":"publish","type":"product","link":"https:\/\/www.mendoza.gov.ar\/catalogoeconomiasocial\/producto\/fundas-de-almohadones-en-macrame\/","title":{"rendered":"Fundas de Almohadones en Macram\u00e9"},"content":{"rendered":"<!DOCTYPE html PUBLIC \"-\/\/W3C\/\/DTD HTML 4.0 Transitional\/\/EN\" \"http:\/\/www.w3.org\/TR\/REC-html40\/loose.dtd\">\n\n","protected":false},"excerpt":{"rendered":"\ud83d\udc78 \ud83c\udf92 \ud83d\udc9e\u00a0 Renov\u00e1 y dale vida a un espacio, an\u00edmate a transformarlo con almohadones y tapices en macram\u00e9 hecho a mano!!\r\n\r\n.\r\n\r\nEl macram\u00e9 es una t\u00e9cnica ancestral que est\u00e1 poco a poco formando parte de nuestro hogar!!\r\n.\r\n\r\n\u2665\u2665 Elegi el tuyo!!\ud83d\udcab","protected":false},"featured_media":46351,"comment_status":"open","ping_status":"closed","template":"","meta":[],"product_cat":[6762,1290],"product_tag":[5656],"_links":{"self":[{"href":"https:\/\/www.mendoza.gov.ar\/catalogoeconomiasocial\/wp-json\/wp\/v2\/product\/46363"}],"collection":[{"href":"https:\/\/www.mendoza.gov.ar\/catalogoeconomiasocial\/wp-json\/wp\/v2\/product"}],"about":[{"href":"https:\/\/www.mendoza.gov.ar\/catalogoeconomiasocial\/wp-json\/wp\/v2\/types\/product"}],"replies":[{"embeddable":true,"href":"https:\/\/www.mendoza.gov.ar\/catalogoeconomiasocial\/wp-json\/wp\/v2\/comments?post=46363"}],"wp:featuredmedia":[{"embeddable":true,"href":"https:\/\/www.mendoza.gov.ar\/catalogoeconomiasocial\/wp-json\/wp\/v2\/media\/46351"}],"wp:attachment":[{"href":"https:\/\/www.mendoza.gov.ar\/catalogoeconomiasocial\/wp-json\/wp\/v2\/media?parent=46363"}],"wp:term":[{"taxonomy":"product_cat","embeddable":true,"href":"https:\/\/www.mendoza.gov.ar\/catalogoeconomiasocial\/wp-json\/wp\/v2\/product_cat?post=46363"},{"taxonomy":"product_tag","embeddable":true,"href":"https:\/\/www.mendoza.gov.ar\/catalogoeconomiasocial\/wp-json\/wp\/v2\/product_tag?post=46363"}],"curies":[{"name":"wp","href":"https:\/\/api.w.org\/{rel}","templated":true}]}}