{"id":46364,"date":"2021-05-05T17:15:21","date_gmt":"2021-05-05T20:15:21","guid":{"rendered":"https:\/\/www.mendoza.gov.ar\/catalogoeconomiasocial\/?post_type=product&#038;p=46364"},"modified":"2024-10-31T12:22:48","modified_gmt":"2024-10-31T15:22:48","slug":"tapices-en-macrame","status":"publish","type":"product","link":"https:\/\/www.mendoza.gov.ar\/catalogoeconomiasocial\/producto\/tapices-en-macrame\/","title":{"rendered":"Tapices en Macram\u00e9"},"content":{"rendered":"<!DOCTYPE html PUBLIC \"-\/\/W3C\/\/DTD HTML 4.0 Transitional\/\/EN\" \"http:\/\/www.w3.org\/TR\/REC-html40\/loose.dtd\">\n\n","protected":false},"excerpt":{"rendered":"\u2660 Sin dudas los tapices son unos de esos detalles que ayudan a resaltar un lugar de nuestra casa.\r\n\r\n.\r\n\r\nCon estos tapices \u00c9tnicos ten\u00e9s la posibilidad de hacer un lugar \u00fanico aportando dise\u00f1o y color!!\r\n\r\n.\r\n\r\nTambi\u00e9n podes elegirlos con colores crudos y suaves\u00a0 \u2665 Tapices r\u00fasticos \u2665\r\n.\r\n\r\nAlgod\u00f3n color crudo, base mdf, aplicaciones de semillas secas, una buena combinaci\u00f3n para lograr estos tapices r\u00fasticos!!\r\n.\r\n\r\nDise\u00f1os \u00fanicos.\r\n\r\n.\r\n\r\nMedidas 64cm x 20cm aprox.\r\n\r\n&nbsp;","protected":false},"featured_media":46365,"comment_status":"open","ping_status":"closed","template":"","meta":[],"product_cat":[6762,1290],"product_tag":[5656],"_links":{"self":[{"href":"https:\/\/www.mendoza.gov.ar\/catalogoeconomiasocial\/wp-json\/wp\/v2\/product\/46364"}],"collection":[{"href":"https:\/\/www.mendoza.gov.ar\/catalogoeconomiasocial\/wp-json\/wp\/v2\/product"}],"about":[{"href":"https:\/\/www.mendoza.gov.ar\/catalogoeconomiasocial\/wp-json\/wp\/v2\/types\/product"}],"replies":[{"embeddable":true,"href":"https:\/\/www.mendoza.gov.ar\/catalogoeconomiasocial\/wp-json\/wp\/v2\/comments?post=46364"}],"wp:featuredmedia":[{"embeddable":true,"href":"https:\/\/www.mendoza.gov.ar\/catalogoeconomiasocial\/wp-json\/wp\/v2\/media\/46365"}],"wp:attachment":[{"href":"https:\/\/www.mendoza.gov.ar\/catalogoeconomiasocial\/wp-json\/wp\/v2\/media?parent=46364"}],"wp:term":[{"taxonomy":"product_cat","embeddable":true,"href":"https:\/\/www.mendoza.gov.ar\/catalogoeconomiasocial\/wp-json\/wp\/v2\/product_cat?post=46364"},{"taxonomy":"product_tag","embeddable":true,"href":"https:\/\/www.mendoza.gov.ar\/catalogoeconomiasocial\/wp-json\/wp\/v2\/product_tag?post=46364"}],"curies":[{"name":"wp","href":"https:\/\/api.w.org\/{rel}","templated":true}]}}