{"id":47580,"date":"2021-06-28T08:34:22","date_gmt":"2021-06-28T11:34:22","guid":{"rendered":"https:\/\/www.mendoza.gov.ar\/catalogoeconomiasocial\/?post_type=product&#038;p=47580"},"modified":"2023-09-22T08:32:25","modified_gmt":"2023-09-22T11:32:25","slug":"humus-liquido-de-lombriz","status":"publish","type":"product","link":"https:\/\/www.mendoza.gov.ar\/catalogoeconomiasocial\/producto\/humus-liquido-de-lombriz\/","title":{"rendered":"Humus L\u00edquido de Lombriz"},"content":{"rendered":"<!DOCTYPE html PUBLIC \"-\/\/W3C\/\/DTD HTML 4.0 Transitional\/\/EN\" \"http:\/\/www.w3.org\/TR\/REC-html40\/loose.dtd\">\n\n","protected":false},"excerpt":{"rendered":"<div dir=\"ltr\">HUMUS L\u00cdQUIDO DE LOMBRIZ<\/div>\r\n<div dir=\"ltr\"><\/div>\r\n<div dir=\"ltr\">El humus l\u00edquido se realiza a partir del humus s\u00f3lido.<\/div>\r\n<div dir=\"ltr\">Es decir que tiene los mismos principios activos y beneficios de este.<\/div>\r\n<div dir=\"ltr\">La diferencia es que el humus l\u00edquido es de absorci\u00f3n m\u00e1s r\u00e1pida y se puede utilizar en el riego diario de las plantas cuando se necesita reforzar sus nutrientes en forma r\u00e1pida, tambi\u00e9n se puede pulverizar las hojas y tallos.<\/div>\r\n<div dir=\"ltr\">Se comercializa en botellas de 1 lt<\/div>","protected":false},"featured_media":47576,"comment_status":"open","ping_status":"closed","template":"","meta":[],"product_cat":[6046,6080,6084],"product_tag":[5775],"_links":{"self":[{"href":"https:\/\/www.mendoza.gov.ar\/catalogoeconomiasocial\/wp-json\/wp\/v2\/product\/47580"}],"collection":[{"href":"https:\/\/www.mendoza.gov.ar\/catalogoeconomiasocial\/wp-json\/wp\/v2\/product"}],"about":[{"href":"https:\/\/www.mendoza.gov.ar\/catalogoeconomiasocial\/wp-json\/wp\/v2\/types\/product"}],"replies":[{"embeddable":true,"href":"https:\/\/www.mendoza.gov.ar\/catalogoeconomiasocial\/wp-json\/wp\/v2\/comments?post=47580"}],"wp:featuredmedia":[{"embeddable":true,"href":"https:\/\/www.mendoza.gov.ar\/catalogoeconomiasocial\/wp-json\/wp\/v2\/media\/47576"}],"wp:attachment":[{"href":"https:\/\/www.mendoza.gov.ar\/catalogoeconomiasocial\/wp-json\/wp\/v2\/media?parent=47580"}],"wp:term":[{"taxonomy":"product_cat","embeddable":true,"href":"https:\/\/www.mendoza.gov.ar\/catalogoeconomiasocial\/wp-json\/wp\/v2\/product_cat?post=47580"},{"taxonomy":"product_tag","embeddable":true,"href":"https:\/\/www.mendoza.gov.ar\/catalogoeconomiasocial\/wp-json\/wp\/v2\/product_tag?post=47580"}],"curies":[{"name":"wp","href":"https:\/\/api.w.org\/{rel}","templated":true}]}}