{"id":48436,"date":"2021-08-12T10:32:22","date_gmt":"2021-08-12T13:32:22","guid":{"rendered":"https:\/\/www.mendoza.gov.ar\/catalogoeconomiasocial\/?post_type=product&#038;p=48436"},"modified":"2023-02-24T10:13:39","modified_gmt":"2023-02-24T13:13:39","slug":"pulpos-reversibles","status":"publish","type":"product","link":"https:\/\/www.mendoza.gov.ar\/catalogoeconomiasocial\/producto\/pulpos-reversibles\/","title":{"rendered":"Pulpos Reversibles"},"content":{"rendered":"<!DOCTYPE html PUBLIC \"-\/\/W3C\/\/DTD HTML 4.0 Transitional\/\/EN\" \"http:\/\/www.w3.org\/TR\/REC-html40\/loose.dtd\">\n\n","protected":false},"excerpt":{"rendered":"<strong>Proyecto de Triple Impacto que persigue los siguientes objetivos:<\/strong>\r\n<ul>\r\n \t<li>Desarrollar un juguete solidario, terap\u00e9utico y que promueva la sustentabilidad en los materiales utilizados.<\/li>\r\n<\/ul>\r\n<strong>\u00a0 \u00a0 \u00a0 \u00a0 <\/strong><strong>Objetivos Espec\u00edficos: F<\/strong>omentar el esp\u00edritu solidario en los ciudadanos y ciudadanas de la provincia de Mendoza. <strong>G<\/strong>enerar relevancia social al facilitar el acceso de ni\u00f1os y ni\u00f1as de Mendoza a un juguete digno y terap\u00e9utico. <strong>P<\/strong>roducir beneficios pr\u00e1cticos y did\u00e1cticos \u00a0para las personas privadas de su libertad, ya que desarrollar\u00e1n habilidades que les permitir\u00e1n mejorar sus posibilidades de reinserci\u00f3n\u00a0laboral cuando recuperen su libertad. <strong>P<\/strong>romover la sustentabilidad, contribuyendo al reciclado de la industria textil mendocina.","protected":false},"featured_media":48437,"comment_status":"open","ping_status":"closed","template":"","meta":[],"product_cat":[1065,6120,6159],"product_tag":[5833],"_links":{"self":[{"href":"https:\/\/www.mendoza.gov.ar\/catalogoeconomiasocial\/wp-json\/wp\/v2\/product\/48436"}],"collection":[{"href":"https:\/\/www.mendoza.gov.ar\/catalogoeconomiasocial\/wp-json\/wp\/v2\/product"}],"about":[{"href":"https:\/\/www.mendoza.gov.ar\/catalogoeconomiasocial\/wp-json\/wp\/v2\/types\/product"}],"replies":[{"embeddable":true,"href":"https:\/\/www.mendoza.gov.ar\/catalogoeconomiasocial\/wp-json\/wp\/v2\/comments?post=48436"}],"wp:featuredmedia":[{"embeddable":true,"href":"https:\/\/www.mendoza.gov.ar\/catalogoeconomiasocial\/wp-json\/wp\/v2\/media\/48437"}],"wp:attachment":[{"href":"https:\/\/www.mendoza.gov.ar\/catalogoeconomiasocial\/wp-json\/wp\/v2\/media?parent=48436"}],"wp:term":[{"taxonomy":"product_cat","embeddable":true,"href":"https:\/\/www.mendoza.gov.ar\/catalogoeconomiasocial\/wp-json\/wp\/v2\/product_cat?post=48436"},{"taxonomy":"product_tag","embeddable":true,"href":"https:\/\/www.mendoza.gov.ar\/catalogoeconomiasocial\/wp-json\/wp\/v2\/product_tag?post=48436"}],"curies":[{"name":"wp","href":"https:\/\/api.w.org\/{rel}","templated":true}]}}