{"id":48452,"date":"2021-08-12T11:04:26","date_gmt":"2021-08-12T14:04:26","guid":{"rendered":"https:\/\/www.mendoza.gov.ar\/catalogoeconomiasocial\/?post_type=product&#038;p=48452"},"modified":"2023-09-27T09:24:04","modified_gmt":"2023-09-27T12:24:04","slug":"sillita-plegable","status":"publish","type":"product","link":"https:\/\/www.mendoza.gov.ar\/catalogoeconomiasocial\/producto\/sillita-plegable\/","title":{"rendered":"Sillita Plegable"},"content":{"rendered":"<!DOCTYPE html PUBLIC \"-\/\/W3C\/\/DTD HTML 4.0 Transitional\/\/EN\" \"http:\/\/www.w3.org\/TR\/REC-html40\/loose.dtd\">\n\n","protected":false},"excerpt":{"rendered":"Productos que elaboramos desde la Unidad XI (Almafuerte II) en colaboraci\u00f3n con Capellan\u00eda Mayor y Direcci\u00f3n de Emprendedores del Ministerio de Econom\u00eda y Energ\u00eda. Son elaborados con flejes reciclados de Bodegas, ya que desde la Unidad de Producci\u00f3n Penitenciaria, estamos absolutamente comprometidos con el Triple Impacto.","protected":false},"featured_media":48443,"comment_status":"open","ping_status":"closed","template":"","meta":[],"product_cat":[6046,6080,1343],"product_tag":[5832],"_links":{"self":[{"href":"https:\/\/www.mendoza.gov.ar\/catalogoeconomiasocial\/wp-json\/wp\/v2\/product\/48452"}],"collection":[{"href":"https:\/\/www.mendoza.gov.ar\/catalogoeconomiasocial\/wp-json\/wp\/v2\/product"}],"about":[{"href":"https:\/\/www.mendoza.gov.ar\/catalogoeconomiasocial\/wp-json\/wp\/v2\/types\/product"}],"replies":[{"embeddable":true,"href":"https:\/\/www.mendoza.gov.ar\/catalogoeconomiasocial\/wp-json\/wp\/v2\/comments?post=48452"}],"wp:featuredmedia":[{"embeddable":true,"href":"https:\/\/www.mendoza.gov.ar\/catalogoeconomiasocial\/wp-json\/wp\/v2\/media\/48443"}],"wp:attachment":[{"href":"https:\/\/www.mendoza.gov.ar\/catalogoeconomiasocial\/wp-json\/wp\/v2\/media?parent=48452"}],"wp:term":[{"taxonomy":"product_cat","embeddable":true,"href":"https:\/\/www.mendoza.gov.ar\/catalogoeconomiasocial\/wp-json\/wp\/v2\/product_cat?post=48452"},{"taxonomy":"product_tag","embeddable":true,"href":"https:\/\/www.mendoza.gov.ar\/catalogoeconomiasocial\/wp-json\/wp\/v2\/product_tag?post=48452"}],"curies":[{"name":"wp","href":"https:\/\/api.w.org\/{rel}","templated":true}]}}