{"id":48693,"date":"2021-09-17T09:35:18","date_gmt":"2021-09-17T12:35:18","guid":{"rendered":"https:\/\/www.mendoza.gov.ar\/catalogoeconomiasocial\/?post_type=product&#038;p=48693"},"modified":"2023-03-17T08:34:55","modified_gmt":"2023-03-17T11:34:55","slug":"panoletas-bordadas-en-encaje-de-hilo-nanduti","status":"publish","type":"product","link":"https:\/\/www.mendoza.gov.ar\/catalogoeconomiasocial\/producto\/panoletas-bordadas-en-encaje-de-hilo-nanduti\/","title":{"rendered":"Pa\u00f1oletas Bordadas en Encaje de Hilo &#8220;\u00d1andut\u00ed&#8221;"},"content":{"rendered":"<!DOCTYPE html PUBLIC \"-\/\/W3C\/\/DTD HTML 4.0 Transitional\/\/EN\" \"http:\/\/www.w3.org\/TR\/REC-html40\/loose.dtd\">\n\n","protected":false},"excerpt":{"rendered":"\u00d1andut\u00ed es el nombre con el que se conoce el encaje de hilo, vocablo guaran\u00ed, significa tela de ara\u00f1a.\r\nT\u00e9cnica milenaria introducida por los conquistadores espa\u00f1oles.\r\nSe asocia principalmente con la ciudad de Itaugu\u00e1 y actualmente es el encaje que m\u00e1s identifica a todo Paraguay.","protected":false},"featured_media":48695,"comment_status":"open","ping_status":"closed","template":"","meta":[],"product_cat":[5923,6098],"product_tag":[5869],"_links":{"self":[{"href":"https:\/\/www.mendoza.gov.ar\/catalogoeconomiasocial\/wp-json\/wp\/v2\/product\/48693"}],"collection":[{"href":"https:\/\/www.mendoza.gov.ar\/catalogoeconomiasocial\/wp-json\/wp\/v2\/product"}],"about":[{"href":"https:\/\/www.mendoza.gov.ar\/catalogoeconomiasocial\/wp-json\/wp\/v2\/types\/product"}],"replies":[{"embeddable":true,"href":"https:\/\/www.mendoza.gov.ar\/catalogoeconomiasocial\/wp-json\/wp\/v2\/comments?post=48693"}],"wp:featuredmedia":[{"embeddable":true,"href":"https:\/\/www.mendoza.gov.ar\/catalogoeconomiasocial\/wp-json\/wp\/v2\/media\/48695"}],"wp:attachment":[{"href":"https:\/\/www.mendoza.gov.ar\/catalogoeconomiasocial\/wp-json\/wp\/v2\/media?parent=48693"}],"wp:term":[{"taxonomy":"product_cat","embeddable":true,"href":"https:\/\/www.mendoza.gov.ar\/catalogoeconomiasocial\/wp-json\/wp\/v2\/product_cat?post=48693"},{"taxonomy":"product_tag","embeddable":true,"href":"https:\/\/www.mendoza.gov.ar\/catalogoeconomiasocial\/wp-json\/wp\/v2\/product_tag?post=48693"}],"curies":[{"name":"wp","href":"https:\/\/api.w.org\/{rel}","templated":true}]}}